{"id":2,"date":"2025-08-22T14:28:47","date_gmt":"2025-08-22T11:28:47","guid":{"rendered":"https:\/\/22bet.team\/tr\/?page_id=2"},"modified":"2026-03-24T21:24:47","modified_gmt":"2026-03-24T18:24:47","slug":"home","status":"publish","type":"page","link":"https:\/\/22bet.team\/tr\/","title":{"rendered":"Ana Sayfa"},"content":{"rendered":"","protected":false},"excerpt":{"rendered":"","protected":false},"author":1,"featured_media":1156,"parent":0,"menu_order":0,"comment_status":"closed","ping_status":"closed","template":"","meta":{"_acf_changed":false,"footnotes":""},"class_list":["post-2","page","type-page","status-publish","has-post-thumbnail","hentry"],"acf":[],"yoast_head":"<!-- This site is optimized with the Yoast SEO plugin v26.1.1 - https:\/\/yoast.com\/wordpress\/plugins\/seo\/ -->\n<title>22Bet Bahis ve Casino | En \u0130yi Spor Oranlar\u0131, Oyunlar ve Bonuslar<\/title>\n<meta name=\"description\" content=\"22Bet - \u00e7ok \u00e7e\u015fitli spor bahis se\u00e7enekleri ve ola\u011fan\u00fcst\u00fc bir casino deneyimi sunan \u00f6nde gelen \u00e7evrimi\u00e7i bahis platformu. Hem yeni hem de deneyimli oyuncular i\u00e7in c\u00f6mert bonuslar, canl\u0131 bahis \u00f6zellikleri ve rekabet\u00e7i oranlar\u0131 ke\u015ffedin.\" \/>\n<meta name=\"robots\" content=\"index, follow, max-snippet:-1, max-image-preview:large, max-video-preview:-1\" \/>\n<link rel=\"canonical\" href=\"http:\/\/22bet.team\/tr\/\" \/>\n<meta property=\"og:locale\" content=\"tr_TR\" \/>\n<meta property=\"og:type\" content=\"article\" \/>\n<meta property=\"og:title\" content=\"22Bet Bahis ve Casino | En \u0130yi Spor Oranlar\u0131, Oyunlar ve Bonuslar\" \/>\n<meta property=\"og:description\" content=\"22Bet - \u00e7ok \u00e7e\u015fitli spor bahis se\u00e7enekleri ve ola\u011fan\u00fcst\u00fc bir casino deneyimi sunan \u00f6nde gelen \u00e7evrimi\u00e7i bahis platformu. Hem yeni hem de deneyimli oyuncular i\u00e7in c\u00f6mert bonuslar, canl\u0131 bahis \u00f6zellikleri ve rekabet\u00e7i oranlar\u0131 ke\u015ffedin.\" \/>\n<meta property=\"og:url\" content=\"http:\/\/22bet.team\/tr\/\" \/>\n<meta property=\"og:site_name\" content=\"22Bet Team tr\" \/>\n<meta property=\"article:modified_time\" content=\"2026-03-24T18:24:47+00:00\" \/>\n<meta property=\"og:image\" content=\"http:\/\/22bet.team\/tr\/wp-content\/uploads\/sites\/36\/22bet-team-001-1-1.webp\" \/>\n\t<meta property=\"og:image:width\" content=\"600\" \/>\n\t<meta property=\"og:image:height\" content=\"420\" \/>\n\t<meta property=\"og:image:type\" content=\"image\/webp\" \/>\n<meta name=\"twitter:card\" content=\"summary_large_image\" \/>\n<meta name=\"twitter:label1\" content=\"Tahmini okuma s\u00fcresi\" \/>\n\t<meta name=\"twitter:data1\" content=\"1 dakika\" \/>\n<script type=\"application\/ld+json\" class=\"yoast-schema-graph\">{\"@context\":\"https:\/\/schema.org\",\"@graph\":[{\"@type\":\"WebPage\",\"@id\":\"http:\/\/22bet.team\/tr\/\",\"url\":\"http:\/\/22bet.team\/tr\/\",\"name\":\"22Bet Bahis ve Casino | En \u0130yi Spor Oranlar\u0131, Oyunlar ve Bonuslar\",\"isPartOf\":{\"@id\":\"https:\/\/22bet.team\/tr\/#website\"},\"primaryImageOfPage\":{\"@id\":\"http:\/\/22bet.team\/tr\/#primaryimage\"},\"image\":{\"@id\":\"http:\/\/22bet.team\/tr\/#primaryimage\"},\"thumbnailUrl\":\"https:\/\/22bet.team\/tr\/wp-content\/uploads\/sites\/36\/22bet-team-001-1-1.webp\",\"datePublished\":\"2025-08-22T11:28:47+00:00\",\"dateModified\":\"2026-03-24T18:24:47+00:00\",\"description\":\"22Bet - \u00e7ok \u00e7e\u015fitli spor bahis se\u00e7enekleri ve ola\u011fan\u00fcst\u00fc bir casino deneyimi sunan \u00f6nde gelen \u00e7evrimi\u00e7i bahis platformu. Hem yeni hem de deneyimli oyuncular i\u00e7in c\u00f6mert bonuslar, canl\u0131 bahis \u00f6zellikleri ve rekabet\u00e7i oranlar\u0131 ke\u015ffedin.\",\"breadcrumb\":{\"@id\":\"http:\/\/22bet.team\/tr\/#breadcrumb\"},\"inLanguage\":\"tr\",\"potentialAction\":[{\"@type\":\"ReadAction\",\"target\":[\"http:\/\/22bet.team\/tr\/\"]}]},{\"@type\":\"ImageObject\",\"inLanguage\":\"tr\",\"@id\":\"http:\/\/22bet.team\/tr\/#primaryimage\",\"url\":\"https:\/\/22bet.team\/tr\/wp-content\/uploads\/sites\/36\/22bet-team-001-1-1.webp\",\"contentUrl\":\"https:\/\/22bet.team\/tr\/wp-content\/uploads\/sites\/36\/22bet-team-001-1-1.webp\",\"width\":600,\"height\":420},{\"@type\":\"BreadcrumbList\",\"@id\":\"http:\/\/22bet.team\/tr\/#breadcrumb\",\"itemListElement\":[{\"@type\":\"ListItem\",\"position\":1,\"name\":\"Home\",\"item\":\"http:\/\/22bet.team\/tr\/\"},{\"@type\":\"ListItem\",\"position\":2,\"name\":\"Ana Sayfa\"}]},{\"@type\":\"WebSite\",\"@id\":\"https:\/\/22bet.team\/tr\/#website\",\"url\":\"https:\/\/22bet.team\/tr\/\",\"name\":\"22Bet Team tr\",\"description\":\"\",\"potentialAction\":[{\"@type\":\"SearchAction\",\"target\":{\"@type\":\"EntryPoint\",\"urlTemplate\":\"https:\/\/22bet.team\/tr\/?s={search_term_string}\"},\"query-input\":{\"@type\":\"PropertyValueSpecification\",\"valueRequired\":true,\"valueName\":\"search_term_string\"}}],\"inLanguage\":\"tr\"}]}<\/script>\n<!-- \/ Yoast SEO plugin. -->","yoast_head_json":{"title":"22Bet Bahis ve Casino | En \u0130yi Spor Oranlar\u0131, Oyunlar ve Bonuslar","description":"22Bet - \u00e7ok \u00e7e\u015fitli spor bahis se\u00e7enekleri ve ola\u011fan\u00fcst\u00fc bir casino deneyimi sunan \u00f6nde gelen \u00e7evrimi\u00e7i bahis platformu. Hem yeni hem de deneyimli oyuncular i\u00e7in c\u00f6mert bonuslar, canl\u0131 bahis \u00f6zellikleri ve rekabet\u00e7i oranlar\u0131 ke\u015ffedin.","robots":{"index":"index","follow":"follow","max-snippet":"max-snippet:-1","max-image-preview":"max-image-preview:large","max-video-preview":"max-video-preview:-1"},"canonical":"http:\/\/22bet.team\/tr\/","og_locale":"tr_TR","og_type":"article","og_title":"22Bet Bahis ve Casino | En \u0130yi Spor Oranlar\u0131, Oyunlar ve Bonuslar","og_description":"22Bet - \u00e7ok \u00e7e\u015fitli spor bahis se\u00e7enekleri ve ola\u011fan\u00fcst\u00fc bir casino deneyimi sunan \u00f6nde gelen \u00e7evrimi\u00e7i bahis platformu. Hem yeni hem de deneyimli oyuncular i\u00e7in c\u00f6mert bonuslar, canl\u0131 bahis \u00f6zellikleri ve rekabet\u00e7i oranlar\u0131 ke\u015ffedin.","og_url":"http:\/\/22bet.team\/tr\/","og_site_name":"22Bet Team tr","article_modified_time":"2026-03-24T18:24:47+00:00","og_image":[{"width":600,"height":420,"url":"http:\/\/22bet.team\/tr\/wp-content\/uploads\/sites\/36\/22bet-team-001-1-1.webp","type":"image\/webp"}],"twitter_card":"summary_large_image","twitter_misc":{"Tahmini okuma s\u00fcresi":"1 dakika"},"schema":{"@context":"https:\/\/schema.org","@graph":[{"@type":"WebPage","@id":"http:\/\/22bet.team\/tr\/","url":"http:\/\/22bet.team\/tr\/","name":"22Bet Bahis ve Casino | En \u0130yi Spor Oranlar\u0131, Oyunlar ve Bonuslar","isPartOf":{"@id":"https:\/\/22bet.team\/tr\/#website"},"primaryImageOfPage":{"@id":"http:\/\/22bet.team\/tr\/#primaryimage"},"image":{"@id":"http:\/\/22bet.team\/tr\/#primaryimage"},"thumbnailUrl":"https:\/\/22bet.team\/tr\/wp-content\/uploads\/sites\/36\/22bet-team-001-1-1.webp","datePublished":"2025-08-22T11:28:47+00:00","dateModified":"2026-03-24T18:24:47+00:00","description":"22Bet - \u00e7ok \u00e7e\u015fitli spor bahis se\u00e7enekleri ve ola\u011fan\u00fcst\u00fc bir casino deneyimi sunan \u00f6nde gelen \u00e7evrimi\u00e7i bahis platformu. Hem yeni hem de deneyimli oyuncular i\u00e7in c\u00f6mert bonuslar, canl\u0131 bahis \u00f6zellikleri ve rekabet\u00e7i oranlar\u0131 ke\u015ffedin.","breadcrumb":{"@id":"http:\/\/22bet.team\/tr\/#breadcrumb"},"inLanguage":"tr","potentialAction":[{"@type":"ReadAction","target":["http:\/\/22bet.team\/tr\/"]}]},{"@type":"ImageObject","inLanguage":"tr","@id":"http:\/\/22bet.team\/tr\/#primaryimage","url":"https:\/\/22bet.team\/tr\/wp-content\/uploads\/sites\/36\/22bet-team-001-1-1.webp","contentUrl":"https:\/\/22bet.team\/tr\/wp-content\/uploads\/sites\/36\/22bet-team-001-1-1.webp","width":600,"height":420},{"@type":"BreadcrumbList","@id":"http:\/\/22bet.team\/tr\/#breadcrumb","itemListElement":[{"@type":"ListItem","position":1,"name":"Home","item":"http:\/\/22bet.team\/tr\/"},{"@type":"ListItem","position":2,"name":"Ana Sayfa"}]},{"@type":"WebSite","@id":"https:\/\/22bet.team\/tr\/#website","url":"https:\/\/22bet.team\/tr\/","name":"22Bet Team tr","description":"","potentialAction":[{"@type":"SearchAction","target":{"@type":"EntryPoint","urlTemplate":"https:\/\/22bet.team\/tr\/?s={search_term_string}"},"query-input":{"@type":"PropertyValueSpecification","valueRequired":true,"valueName":"search_term_string"}}],"inLanguage":"tr"}]}},"_links":{"self":[{"href":"https:\/\/22bet.team\/tr\/wp-json\/wp\/v2\/pages\/2","targetHints":{"allow":["GET"]}}],"collection":[{"href":"https:\/\/22bet.team\/tr\/wp-json\/wp\/v2\/pages"}],"about":[{"href":"https:\/\/22bet.team\/tr\/wp-json\/wp\/v2\/types\/page"}],"author":[{"embeddable":true,"href":"https:\/\/22bet.team\/tr\/wp-json\/wp\/v2\/users\/1"}],"replies":[{"embeddable":true,"href":"https:\/\/22bet.team\/tr\/wp-json\/wp\/v2\/comments?post=2"}],"version-history":[{"count":5,"href":"https:\/\/22bet.team\/tr\/wp-json\/wp\/v2\/pages\/2\/revisions"}],"predecessor-version":[{"id":1268,"href":"https:\/\/22bet.team\/tr\/wp-json\/wp\/v2\/pages\/2\/revisions\/1268"}],"wp:featuredmedia":[{"embeddable":true,"href":"https:\/\/22bet.team\/tr\/wp-json\/wp\/v2\/media\/1156"}],"wp:attachment":[{"href":"https:\/\/22bet.team\/tr\/wp-json\/wp\/v2\/media?parent=2"}],"curies":[{"name":"wp","href":"https:\/\/api.w.org\/{rel}","templated":true}]}}