{"id":830,"date":"2025-11-14T09:42:58","date_gmt":"2025-11-14T06:42:58","guid":{"rendered":"https:\/\/22bet.team\/tr\/?page_id=830"},"modified":"2026-03-24T21:19:46","modified_gmt":"2026-03-24T18:19:46","slug":"app","status":"publish","type":"page","link":"https:\/\/22bet.team\/tr\/app\/","title":{"rendered":"Uygulama"},"content":{"rendered":"","protected":false},"excerpt":{"rendered":"","protected":false},"author":1,"featured_media":0,"parent":0,"menu_order":0,"comment_status":"closed","ping_status":"closed","template":"","meta":{"_acf_changed":false,"footnotes":""},"class_list":["post-830","page","type-page","status-publish","hentry"],"acf":[],"yoast_head":"<!-- This site is optimized with the Yoast SEO plugin v26.1.1 - https:\/\/yoast.com\/wordpress\/plugins\/seo\/ -->\n<title>22Bet Uygulamas\u0131 \u2b07\ufe0f Bahis ve Casino i\u00e7in \u00d6zellikler ve Avantajlar<\/title>\n<meta name=\"description\" content=\"22Bet uygulamas\u0131 \u2014 Android ve iOS&#039;ta indirin ve canl\u0131 bahis, casino, bonuslar ve h\u0131zl\u0131 \u00f6demelere an\u0131nda eri\u015fim sa\u011flay\u0131n. Modern, kullan\u0131\u015fl\u0131 ve g\u00fcvenli mobil aray\u00fcz.\" \/>\n<meta name=\"robots\" content=\"index, follow, max-snippet:-1, max-image-preview:large, max-video-preview:-1\" \/>\n<link rel=\"canonical\" href=\"http:\/\/22bet.team\/tr\/app\/\" \/>\n<meta property=\"og:locale\" content=\"tr_TR\" \/>\n<meta property=\"og:type\" content=\"article\" \/>\n<meta property=\"og:title\" content=\"22Bet Uygulamas\u0131 \u2b07\ufe0f Bahis ve Casino i\u00e7in \u00d6zellikler ve Avantajlar\" \/>\n<meta property=\"og:description\" content=\"22Bet uygulamas\u0131 \u2014 Android ve iOS&#039;ta indirin ve canl\u0131 bahis, casino, bonuslar ve h\u0131zl\u0131 \u00f6demelere an\u0131nda eri\u015fim sa\u011flay\u0131n. Modern, kullan\u0131\u015fl\u0131 ve g\u00fcvenli mobil aray\u00fcz.\" \/>\n<meta property=\"og:url\" content=\"http:\/\/22bet.team\/tr\/app\/\" \/>\n<meta property=\"og:site_name\" content=\"22Bet Team tr\" \/>\n<meta property=\"article:modified_time\" content=\"2026-03-24T18:19:46+00:00\" \/>\n<meta name=\"twitter:card\" content=\"summary_large_image\" \/>\n<script type=\"application\/ld+json\" class=\"yoast-schema-graph\">{\"@context\":\"https:\/\/schema.org\",\"@graph\":[{\"@type\":\"WebPage\",\"@id\":\"http:\/\/22bet.team\/tr\/app\/\",\"url\":\"http:\/\/22bet.team\/tr\/app\/\",\"name\":\"22Bet Uygulamas\u0131 \u2b07\ufe0f Bahis ve Casino i\u00e7in \u00d6zellikler ve Avantajlar\",\"isPartOf\":{\"@id\":\"https:\/\/22bet.team\/tr\/#website\"},\"datePublished\":\"2025-11-14T06:42:58+00:00\",\"dateModified\":\"2026-03-24T18:19:46+00:00\",\"description\":\"22Bet uygulamas\u0131 \u2014 Android ve iOS'ta indirin ve canl\u0131 bahis, casino, bonuslar ve h\u0131zl\u0131 \u00f6demelere an\u0131nda eri\u015fim sa\u011flay\u0131n. Modern, kullan\u0131\u015fl\u0131 ve g\u00fcvenli mobil aray\u00fcz.\",\"breadcrumb\":{\"@id\":\"http:\/\/22bet.team\/tr\/app\/#breadcrumb\"},\"inLanguage\":\"tr\",\"potentialAction\":[{\"@type\":\"ReadAction\",\"target\":[\"http:\/\/22bet.team\/tr\/app\/\"]}]},{\"@type\":\"BreadcrumbList\",\"@id\":\"http:\/\/22bet.team\/tr\/app\/#breadcrumb\",\"itemListElement\":[{\"@type\":\"ListItem\",\"position\":1,\"name\":\"Home\",\"item\":\"https:\/\/22bet.team\/tr\/\"},{\"@type\":\"ListItem\",\"position\":2,\"name\":\"Uygulama\"}]},{\"@type\":\"WebSite\",\"@id\":\"https:\/\/22bet.team\/tr\/#website\",\"url\":\"https:\/\/22bet.team\/tr\/\",\"name\":\"22Bet Team tr\",\"description\":\"\",\"potentialAction\":[{\"@type\":\"SearchAction\",\"target\":{\"@type\":\"EntryPoint\",\"urlTemplate\":\"https:\/\/22bet.team\/tr\/?s={search_term_string}\"},\"query-input\":{\"@type\":\"PropertyValueSpecification\",\"valueRequired\":true,\"valueName\":\"search_term_string\"}}],\"inLanguage\":\"tr\"}]}<\/script>\n<!-- \/ Yoast SEO plugin. -->","yoast_head_json":{"title":"22Bet Uygulamas\u0131 \u2b07\ufe0f Bahis ve Casino i\u00e7in \u00d6zellikler ve Avantajlar","description":"22Bet uygulamas\u0131 \u2014 Android ve iOS'ta indirin ve canl\u0131 bahis, casino, bonuslar ve h\u0131zl\u0131 \u00f6demelere an\u0131nda eri\u015fim sa\u011flay\u0131n. Modern, kullan\u0131\u015fl\u0131 ve g\u00fcvenli mobil aray\u00fcz.","robots":{"index":"index","follow":"follow","max-snippet":"max-snippet:-1","max-image-preview":"max-image-preview:large","max-video-preview":"max-video-preview:-1"},"canonical":"http:\/\/22bet.team\/tr\/app\/","og_locale":"tr_TR","og_type":"article","og_title":"22Bet Uygulamas\u0131 \u2b07\ufe0f Bahis ve Casino i\u00e7in \u00d6zellikler ve Avantajlar","og_description":"22Bet uygulamas\u0131 \u2014 Android ve iOS'ta indirin ve canl\u0131 bahis, casino, bonuslar ve h\u0131zl\u0131 \u00f6demelere an\u0131nda eri\u015fim sa\u011flay\u0131n. Modern, kullan\u0131\u015fl\u0131 ve g\u00fcvenli mobil aray\u00fcz.","og_url":"http:\/\/22bet.team\/tr\/app\/","og_site_name":"22Bet Team tr","article_modified_time":"2026-03-24T18:19:46+00:00","twitter_card":"summary_large_image","schema":{"@context":"https:\/\/schema.org","@graph":[{"@type":"WebPage","@id":"http:\/\/22bet.team\/tr\/app\/","url":"http:\/\/22bet.team\/tr\/app\/","name":"22Bet Uygulamas\u0131 \u2b07\ufe0f Bahis ve Casino i\u00e7in \u00d6zellikler ve Avantajlar","isPartOf":{"@id":"https:\/\/22bet.team\/tr\/#website"},"datePublished":"2025-11-14T06:42:58+00:00","dateModified":"2026-03-24T18:19:46+00:00","description":"22Bet uygulamas\u0131 \u2014 Android ve iOS'ta indirin ve canl\u0131 bahis, casino, bonuslar ve h\u0131zl\u0131 \u00f6demelere an\u0131nda eri\u015fim sa\u011flay\u0131n. Modern, kullan\u0131\u015fl\u0131 ve g\u00fcvenli mobil aray\u00fcz.","breadcrumb":{"@id":"http:\/\/22bet.team\/tr\/app\/#breadcrumb"},"inLanguage":"tr","potentialAction":[{"@type":"ReadAction","target":["http:\/\/22bet.team\/tr\/app\/"]}]},{"@type":"BreadcrumbList","@id":"http:\/\/22bet.team\/tr\/app\/#breadcrumb","itemListElement":[{"@type":"ListItem","position":1,"name":"Home","item":"https:\/\/22bet.team\/tr\/"},{"@type":"ListItem","position":2,"name":"Uygulama"}]},{"@type":"WebSite","@id":"https:\/\/22bet.team\/tr\/#website","url":"https:\/\/22bet.team\/tr\/","name":"22Bet Team tr","description":"","potentialAction":[{"@type":"SearchAction","target":{"@type":"EntryPoint","urlTemplate":"https:\/\/22bet.team\/tr\/?s={search_term_string}"},"query-input":{"@type":"PropertyValueSpecification","valueRequired":true,"valueName":"search_term_string"}}],"inLanguage":"tr"}]}},"_links":{"self":[{"href":"https:\/\/22bet.team\/tr\/wp-json\/wp\/v2\/pages\/830","targetHints":{"allow":["GET"]}}],"collection":[{"href":"https:\/\/22bet.team\/tr\/wp-json\/wp\/v2\/pages"}],"about":[{"href":"https:\/\/22bet.team\/tr\/wp-json\/wp\/v2\/types\/page"}],"author":[{"embeddable":true,"href":"https:\/\/22bet.team\/tr\/wp-json\/wp\/v2\/users\/1"}],"replies":[{"embeddable":true,"href":"https:\/\/22bet.team\/tr\/wp-json\/wp\/v2\/comments?post=830"}],"version-history":[{"count":5,"href":"https:\/\/22bet.team\/tr\/wp-json\/wp\/v2\/pages\/830\/revisions"}],"predecessor-version":[{"id":1237,"href":"https:\/\/22bet.team\/tr\/wp-json\/wp\/v2\/pages\/830\/revisions\/1237"}],"wp:attachment":[{"href":"https:\/\/22bet.team\/tr\/wp-json\/wp\/v2\/media?parent=830"}],"curies":[{"name":"wp","href":"https:\/\/api.w.org\/{rel}","templated":true}]}}