{"id":961,"date":"2025-11-19T09:25:55","date_gmt":"2025-11-19T06:25:55","guid":{"rendered":"https:\/\/22bet.team\/tr\/?page_id=961"},"modified":"2026-03-24T21:31:17","modified_gmt":"2026-03-24T18:31:17","slug":"apk","status":"publish","type":"page","link":"https:\/\/22bet.team\/tr\/apk\/","title":{"rendered":"Apk"},"content":{"rendered":"","protected":false},"excerpt":{"rendered":"","protected":false},"author":1,"featured_media":0,"parent":0,"menu_order":0,"comment_status":"closed","ping_status":"closed","template":"","meta":{"_acf_changed":false,"footnotes":""},"class_list":["post-961","page","type-page","status-publish","hentry"],"acf":[],"yoast_head":"<!-- This site is optimized with the Yoast SEO plugin v26.1.1 - https:\/\/yoast.com\/wordpress\/plugins\/seo\/ -->\n<title>22Bet APK \u0130ndirin \u1409 Spor Bahisleri ve Casino i\u00e7in H\u0131zl\u0131 Uygulama<\/title>\n<meta name=\"description\" content=\"Spor bahisleri ve kumar i\u00e7in 22Bet APK uygulamas\u0131n\u0131 indirin. 20&#039;den fazla spor dal\u0131na, y\u00fcksek oranlara ve yeni kullan\u0131c\u0131lar i\u00e7in \u00f6zel bonuslara eri\u015fin. Android cihaz\u0131n\u0131zdan oynay\u0131n ve kazan\u0131n!\" \/>\n<meta name=\"robots\" content=\"index, follow, max-snippet:-1, max-image-preview:large, max-video-preview:-1\" \/>\n<link rel=\"canonical\" href=\"http:\/\/22bet.team\/tr\/apk\/\" \/>\n<meta property=\"og:locale\" content=\"tr_TR\" \/>\n<meta property=\"og:type\" content=\"article\" \/>\n<meta property=\"og:title\" content=\"22Bet APK \u0130ndirin \u1409 Spor Bahisleri ve Casino i\u00e7in H\u0131zl\u0131 Uygulama\" \/>\n<meta property=\"og:description\" content=\"Spor bahisleri ve kumar i\u00e7in 22Bet APK uygulamas\u0131n\u0131 indirin. 20&#039;den fazla spor dal\u0131na, y\u00fcksek oranlara ve yeni kullan\u0131c\u0131lar i\u00e7in \u00f6zel bonuslara eri\u015fin. Android cihaz\u0131n\u0131zdan oynay\u0131n ve kazan\u0131n!\" \/>\n<meta property=\"og:url\" content=\"http:\/\/22bet.team\/tr\/apk\/\" \/>\n<meta property=\"og:site_name\" content=\"22Bet Team tr\" \/>\n<meta property=\"article:modified_time\" content=\"2026-03-24T18:31:17+00:00\" \/>\n<meta name=\"twitter:card\" content=\"summary_large_image\" \/>\n<script type=\"application\/ld+json\" class=\"yoast-schema-graph\">{\"@context\":\"https:\/\/schema.org\",\"@graph\":[{\"@type\":\"WebPage\",\"@id\":\"http:\/\/22bet.team\/tr\/apk\/\",\"url\":\"http:\/\/22bet.team\/tr\/apk\/\",\"name\":\"22Bet APK \u0130ndirin \u1409 Spor Bahisleri ve Casino i\u00e7in H\u0131zl\u0131 Uygulama\",\"isPartOf\":{\"@id\":\"http:\/\/22bet.team\/tr\/#website\"},\"datePublished\":\"2025-11-19T06:25:55+00:00\",\"dateModified\":\"2026-03-24T18:31:17+00:00\",\"description\":\"Spor bahisleri ve kumar i\u00e7in 22Bet APK uygulamas\u0131n\u0131 indirin. 20'den fazla spor dal\u0131na, y\u00fcksek oranlara ve yeni kullan\u0131c\u0131lar i\u00e7in \u00f6zel bonuslara eri\u015fin. Android cihaz\u0131n\u0131zdan oynay\u0131n ve kazan\u0131n!\",\"breadcrumb\":{\"@id\":\"http:\/\/22bet.team\/tr\/apk\/#breadcrumb\"},\"inLanguage\":\"tr\",\"potentialAction\":[{\"@type\":\"ReadAction\",\"target\":[\"http:\/\/22bet.team\/tr\/apk\/\"]}]},{\"@type\":\"BreadcrumbList\",\"@id\":\"http:\/\/22bet.team\/tr\/apk\/#breadcrumb\",\"itemListElement\":[{\"@type\":\"ListItem\",\"position\":1,\"name\":\"Home\",\"item\":\"http:\/\/22bet.team\/tr\/\"},{\"@type\":\"ListItem\",\"position\":2,\"name\":\"Apk\"}]},{\"@type\":\"WebSite\",\"@id\":\"http:\/\/22bet.team\/tr\/#website\",\"url\":\"http:\/\/22bet.team\/tr\/\",\"name\":\"22Bet Team tr\",\"description\":\"\",\"potentialAction\":[{\"@type\":\"SearchAction\",\"target\":{\"@type\":\"EntryPoint\",\"urlTemplate\":\"http:\/\/22bet.team\/tr\/?s={search_term_string}\"},\"query-input\":{\"@type\":\"PropertyValueSpecification\",\"valueRequired\":true,\"valueName\":\"search_term_string\"}}],\"inLanguage\":\"tr\"}]}<\/script>\n<!-- \/ Yoast SEO plugin. -->","yoast_head_json":{"title":"22Bet APK \u0130ndirin \u1409 Spor Bahisleri ve Casino i\u00e7in H\u0131zl\u0131 Uygulama","description":"Spor bahisleri ve kumar i\u00e7in 22Bet APK uygulamas\u0131n\u0131 indirin. 20'den fazla spor dal\u0131na, y\u00fcksek oranlara ve yeni kullan\u0131c\u0131lar i\u00e7in \u00f6zel bonuslara eri\u015fin. Android cihaz\u0131n\u0131zdan oynay\u0131n ve kazan\u0131n!","robots":{"index":"index","follow":"follow","max-snippet":"max-snippet:-1","max-image-preview":"max-image-preview:large","max-video-preview":"max-video-preview:-1"},"canonical":"http:\/\/22bet.team\/tr\/apk\/","og_locale":"tr_TR","og_type":"article","og_title":"22Bet APK \u0130ndirin \u1409 Spor Bahisleri ve Casino i\u00e7in H\u0131zl\u0131 Uygulama","og_description":"Spor bahisleri ve kumar i\u00e7in 22Bet APK uygulamas\u0131n\u0131 indirin. 20'den fazla spor dal\u0131na, y\u00fcksek oranlara ve yeni kullan\u0131c\u0131lar i\u00e7in \u00f6zel bonuslara eri\u015fin. Android cihaz\u0131n\u0131zdan oynay\u0131n ve kazan\u0131n!","og_url":"http:\/\/22bet.team\/tr\/apk\/","og_site_name":"22Bet Team tr","article_modified_time":"2026-03-24T18:31:17+00:00","twitter_card":"summary_large_image","schema":{"@context":"https:\/\/schema.org","@graph":[{"@type":"WebPage","@id":"http:\/\/22bet.team\/tr\/apk\/","url":"http:\/\/22bet.team\/tr\/apk\/","name":"22Bet APK \u0130ndirin \u1409 Spor Bahisleri ve Casino i\u00e7in H\u0131zl\u0131 Uygulama","isPartOf":{"@id":"http:\/\/22bet.team\/tr\/#website"},"datePublished":"2025-11-19T06:25:55+00:00","dateModified":"2026-03-24T18:31:17+00:00","description":"Spor bahisleri ve kumar i\u00e7in 22Bet APK uygulamas\u0131n\u0131 indirin. 20'den fazla spor dal\u0131na, y\u00fcksek oranlara ve yeni kullan\u0131c\u0131lar i\u00e7in \u00f6zel bonuslara eri\u015fin. Android cihaz\u0131n\u0131zdan oynay\u0131n ve kazan\u0131n!","breadcrumb":{"@id":"http:\/\/22bet.team\/tr\/apk\/#breadcrumb"},"inLanguage":"tr","potentialAction":[{"@type":"ReadAction","target":["http:\/\/22bet.team\/tr\/apk\/"]}]},{"@type":"BreadcrumbList","@id":"http:\/\/22bet.team\/tr\/apk\/#breadcrumb","itemListElement":[{"@type":"ListItem","position":1,"name":"Home","item":"http:\/\/22bet.team\/tr\/"},{"@type":"ListItem","position":2,"name":"Apk"}]},{"@type":"WebSite","@id":"http:\/\/22bet.team\/tr\/#website","url":"http:\/\/22bet.team\/tr\/","name":"22Bet Team tr","description":"","potentialAction":[{"@type":"SearchAction","target":{"@type":"EntryPoint","urlTemplate":"http:\/\/22bet.team\/tr\/?s={search_term_string}"},"query-input":{"@type":"PropertyValueSpecification","valueRequired":true,"valueName":"search_term_string"}}],"inLanguage":"tr"}]}},"_links":{"self":[{"href":"https:\/\/22bet.team\/tr\/wp-json\/wp\/v2\/pages\/961","targetHints":{"allow":["GET"]}}],"collection":[{"href":"https:\/\/22bet.team\/tr\/wp-json\/wp\/v2\/pages"}],"about":[{"href":"https:\/\/22bet.team\/tr\/wp-json\/wp\/v2\/types\/page"}],"author":[{"embeddable":true,"href":"https:\/\/22bet.team\/tr\/wp-json\/wp\/v2\/users\/1"}],"replies":[{"embeddable":true,"href":"https:\/\/22bet.team\/tr\/wp-json\/wp\/v2\/comments?post=961"}],"version-history":[{"count":5,"href":"https:\/\/22bet.team\/tr\/wp-json\/wp\/v2\/pages\/961\/revisions"}],"predecessor-version":[{"id":1269,"href":"https:\/\/22bet.team\/tr\/wp-json\/wp\/v2\/pages\/961\/revisions\/1269"}],"wp:attachment":[{"href":"https:\/\/22bet.team\/tr\/wp-json\/wp\/v2\/media?parent=961"}],"curies":[{"name":"wp","href":"https:\/\/api.w.org\/{rel}","templated":true}]}}