{"id":987,"date":"2025-11-20T10:37:40","date_gmt":"2025-11-20T07:37:40","guid":{"rendered":"https:\/\/22bet.team\/tr\/?page_id=987"},"modified":"2026-03-24T21:36:44","modified_gmt":"2026-03-24T18:36:44","slug":"casino","status":"publish","type":"page","link":"https:\/\/22bet.team\/tr\/casino\/","title":{"rendered":"Kumarhane"},"content":{"rendered":"","protected":false},"excerpt":{"rendered":"","protected":false},"author":1,"featured_media":0,"parent":0,"menu_order":0,"comment_status":"closed","ping_status":"closed","template":"","meta":{"_acf_changed":false,"footnotes":""},"class_list":["post-987","page","type-page","status-publish","hentry"],"acf":[],"yoast_head":"<!-- This site is optimized with the Yoast SEO plugin v26.1.1 - https:\/\/yoast.com\/wordpress\/plugins\/seo\/ -->\n<title>22Bet Kumarhane | En \u0130yi Oyunlar, Bonuslar, Canl\u0131 Oyunlar<\/title>\n<meta name=\"description\" content=\"22Bet Kumarhane ile kumar d\u00fcnyas\u0131na dal\u0131n! Heyecan verici slot oyunlar\u0131, muhte\u015fem canl\u0131 oyunlar ve 70 000 TRY&#039;a varan c\u00f6mert bonuslar\u0131n tad\u0131n\u0131 \u00e7\u0131kar\u0131n. 22Bet&#039;e kat\u0131l\u0131n ve g\u00fcvenli, lisansl\u0131 bir ortamda rakipsiz bir oyun deneyimi ya\u015fay\u0131n.\" \/>\n<meta name=\"robots\" content=\"index, follow, max-snippet:-1, max-image-preview:large, max-video-preview:-1\" \/>\n<link rel=\"canonical\" href=\"https:\/\/22bet.team\/tr\/casino\/\" \/>\n<meta property=\"og:locale\" content=\"tr_TR\" \/>\n<meta property=\"og:type\" content=\"article\" \/>\n<meta property=\"og:title\" content=\"22Bet Kumarhane | En \u0130yi Oyunlar, Bonuslar, Canl\u0131 Oyunlar\" \/>\n<meta property=\"og:description\" content=\"22Bet Kumarhane ile kumar d\u00fcnyas\u0131na dal\u0131n! Heyecan verici slot oyunlar\u0131, muhte\u015fem canl\u0131 oyunlar ve 70 000 TRY&#039;a varan c\u00f6mert bonuslar\u0131n tad\u0131n\u0131 \u00e7\u0131kar\u0131n. 22Bet&#039;e kat\u0131l\u0131n ve g\u00fcvenli, lisansl\u0131 bir ortamda rakipsiz bir oyun deneyimi ya\u015fay\u0131n.\" \/>\n<meta property=\"og:url\" content=\"https:\/\/22bet.team\/tr\/casino\/\" \/>\n<meta property=\"og:site_name\" content=\"22Bet Team tr\" \/>\n<meta property=\"article:modified_time\" content=\"2026-03-24T18:36:44+00:00\" \/>\n<meta name=\"twitter:card\" content=\"summary_large_image\" \/>\n<script type=\"application\/ld+json\" class=\"yoast-schema-graph\">{\"@context\":\"https:\/\/schema.org\",\"@graph\":[{\"@type\":\"WebPage\",\"@id\":\"https:\/\/22bet.team\/tr\/casino\/\",\"url\":\"https:\/\/22bet.team\/tr\/casino\/\",\"name\":\"22Bet Kumarhane | En \u0130yi Oyunlar, Bonuslar, Canl\u0131 Oyunlar\",\"isPartOf\":{\"@id\":\"https:\/\/22bet.team\/tr\/#website\"},\"datePublished\":\"2025-11-20T07:37:40+00:00\",\"dateModified\":\"2026-03-24T18:36:44+00:00\",\"description\":\"22Bet Kumarhane ile kumar d\u00fcnyas\u0131na dal\u0131n! Heyecan verici slot oyunlar\u0131, muhte\u015fem canl\u0131 oyunlar ve 70 000 TRY'a varan c\u00f6mert bonuslar\u0131n tad\u0131n\u0131 \u00e7\u0131kar\u0131n. 22Bet'e kat\u0131l\u0131n ve g\u00fcvenli, lisansl\u0131 bir ortamda rakipsiz bir oyun deneyimi ya\u015fay\u0131n.\",\"breadcrumb\":{\"@id\":\"https:\/\/22bet.team\/tr\/casino\/#breadcrumb\"},\"inLanguage\":\"tr\",\"potentialAction\":[{\"@type\":\"ReadAction\",\"target\":[\"https:\/\/22bet.team\/tr\/casino\/\"]}]},{\"@type\":\"BreadcrumbList\",\"@id\":\"https:\/\/22bet.team\/tr\/casino\/#breadcrumb\",\"itemListElement\":[{\"@type\":\"ListItem\",\"position\":1,\"name\":\"Home\",\"item\":\"https:\/\/22bet.team\/tr\/\"},{\"@type\":\"ListItem\",\"position\":2,\"name\":\"Kumarhane\"}]},{\"@type\":\"WebSite\",\"@id\":\"https:\/\/22bet.team\/tr\/#website\",\"url\":\"https:\/\/22bet.team\/tr\/\",\"name\":\"22Bet Team tr\",\"description\":\"\",\"potentialAction\":[{\"@type\":\"SearchAction\",\"target\":{\"@type\":\"EntryPoint\",\"urlTemplate\":\"https:\/\/22bet.team\/tr\/?s={search_term_string}\"},\"query-input\":{\"@type\":\"PropertyValueSpecification\",\"valueRequired\":true,\"valueName\":\"search_term_string\"}}],\"inLanguage\":\"tr\"}]}<\/script>\n<!-- \/ Yoast SEO plugin. -->","yoast_head_json":{"title":"22Bet Kumarhane | En \u0130yi Oyunlar, Bonuslar, Canl\u0131 Oyunlar","description":"22Bet Kumarhane ile kumar d\u00fcnyas\u0131na dal\u0131n! Heyecan verici slot oyunlar\u0131, muhte\u015fem canl\u0131 oyunlar ve 70 000 TRY'a varan c\u00f6mert bonuslar\u0131n tad\u0131n\u0131 \u00e7\u0131kar\u0131n. 22Bet'e kat\u0131l\u0131n ve g\u00fcvenli, lisansl\u0131 bir ortamda rakipsiz bir oyun deneyimi ya\u015fay\u0131n.","robots":{"index":"index","follow":"follow","max-snippet":"max-snippet:-1","max-image-preview":"max-image-preview:large","max-video-preview":"max-video-preview:-1"},"canonical":"https:\/\/22bet.team\/tr\/casino\/","og_locale":"tr_TR","og_type":"article","og_title":"22Bet Kumarhane | En \u0130yi Oyunlar, Bonuslar, Canl\u0131 Oyunlar","og_description":"22Bet Kumarhane ile kumar d\u00fcnyas\u0131na dal\u0131n! Heyecan verici slot oyunlar\u0131, muhte\u015fem canl\u0131 oyunlar ve 70 000 TRY'a varan c\u00f6mert bonuslar\u0131n tad\u0131n\u0131 \u00e7\u0131kar\u0131n. 22Bet'e kat\u0131l\u0131n ve g\u00fcvenli, lisansl\u0131 bir ortamda rakipsiz bir oyun deneyimi ya\u015fay\u0131n.","og_url":"https:\/\/22bet.team\/tr\/casino\/","og_site_name":"22Bet Team tr","article_modified_time":"2026-03-24T18:36:44+00:00","twitter_card":"summary_large_image","schema":{"@context":"https:\/\/schema.org","@graph":[{"@type":"WebPage","@id":"https:\/\/22bet.team\/tr\/casino\/","url":"https:\/\/22bet.team\/tr\/casino\/","name":"22Bet Kumarhane | En \u0130yi Oyunlar, Bonuslar, Canl\u0131 Oyunlar","isPartOf":{"@id":"https:\/\/22bet.team\/tr\/#website"},"datePublished":"2025-11-20T07:37:40+00:00","dateModified":"2026-03-24T18:36:44+00:00","description":"22Bet Kumarhane ile kumar d\u00fcnyas\u0131na dal\u0131n! Heyecan verici slot oyunlar\u0131, muhte\u015fem canl\u0131 oyunlar ve 70 000 TRY'a varan c\u00f6mert bonuslar\u0131n tad\u0131n\u0131 \u00e7\u0131kar\u0131n. 22Bet'e kat\u0131l\u0131n ve g\u00fcvenli, lisansl\u0131 bir ortamda rakipsiz bir oyun deneyimi ya\u015fay\u0131n.","breadcrumb":{"@id":"https:\/\/22bet.team\/tr\/casino\/#breadcrumb"},"inLanguage":"tr","potentialAction":[{"@type":"ReadAction","target":["https:\/\/22bet.team\/tr\/casino\/"]}]},{"@type":"BreadcrumbList","@id":"https:\/\/22bet.team\/tr\/casino\/#breadcrumb","itemListElement":[{"@type":"ListItem","position":1,"name":"Home","item":"https:\/\/22bet.team\/tr\/"},{"@type":"ListItem","position":2,"name":"Kumarhane"}]},{"@type":"WebSite","@id":"https:\/\/22bet.team\/tr\/#website","url":"https:\/\/22bet.team\/tr\/","name":"22Bet Team tr","description":"","potentialAction":[{"@type":"SearchAction","target":{"@type":"EntryPoint","urlTemplate":"https:\/\/22bet.team\/tr\/?s={search_term_string}"},"query-input":{"@type":"PropertyValueSpecification","valueRequired":true,"valueName":"search_term_string"}}],"inLanguage":"tr"}]}},"_links":{"self":[{"href":"https:\/\/22bet.team\/tr\/wp-json\/wp\/v2\/pages\/987","targetHints":{"allow":["GET"]}}],"collection":[{"href":"https:\/\/22bet.team\/tr\/wp-json\/wp\/v2\/pages"}],"about":[{"href":"https:\/\/22bet.team\/tr\/wp-json\/wp\/v2\/types\/page"}],"author":[{"embeddable":true,"href":"https:\/\/22bet.team\/tr\/wp-json\/wp\/v2\/users\/1"}],"replies":[{"embeddable":true,"href":"https:\/\/22bet.team\/tr\/wp-json\/wp\/v2\/comments?post=987"}],"version-history":[{"count":5,"href":"https:\/\/22bet.team\/tr\/wp-json\/wp\/v2\/pages\/987\/revisions"}],"predecessor-version":[{"id":1270,"href":"https:\/\/22bet.team\/tr\/wp-json\/wp\/v2\/pages\/987\/revisions\/1270"}],"wp:attachment":[{"href":"https:\/\/22bet.team\/tr\/wp-json\/wp\/v2\/media?parent=987"}],"curies":[{"name":"wp","href":"https:\/\/api.w.org\/{rel}","templated":true}]}}