{"id":1021,"date":"2025-11-24T16:18:29","date_gmt":"2025-11-24T13:18:29","guid":{"rendered":"https:\/\/22bet.team\/vi\/?page_id=1021"},"modified":"2026-04-07T16:20:27","modified_gmt":"2026-04-07T13:20:27","slug":"bonus","status":"publish","type":"page","link":"https:\/\/22bet.team\/vi\/bonus\/","title":{"rendered":"Ti\u1ec1n th\u01b0\u1edfng"},"content":{"rendered":"","protected":false},"excerpt":{"rendered":"","protected":false},"author":1,"featured_media":0,"parent":0,"menu_order":0,"comment_status":"closed","ping_status":"closed","template":"","meta":{"_acf_changed":false,"footnotes":""},"class_list":["post-1021","page","type-page","status-publish","hentry"],"acf":[],"yoast_head":"<!-- This site is optimized with the Yoast SEO plugin v26.1.1 - https:\/\/yoast.com\/wordpress\/plugins\/seo\/ -->\n<title>Ti\u1ec1n th\u01b0\u1edfng 22Bet \u1409 \u01afu \u0111\u00e3i ch\u00e0o m\u1eebng 3 700 000 VND v\u00e0 c\u00e1c ch\u01b0\u01a1ng tr\u00ecnh khuy\u1ebfn m\u00e3i \u0111\u1eb7c bi\u1ec7t<\/title>\n<meta name=\"description\" content=\"Ti\u1ec1n th\u01b0\u1edfng t\u1ea1i 22Bet \u2014 ti\u1ec1n th\u01b0\u1edfng ch\u00e0o m\u1eebng l\u00ean \u0111\u1ebfn 3 700 000 VND cho c\u00e1 c\u01b0\u1ee3c v\u00e0 l\u00ean \u0111\u1ebfn 9 500 000 VND cho s\u00f2ng b\u1ea1c, ti\u1ec1n th\u01b0\u1edfng n\u1ea1p l\u1ea1i v\u00e0o th\u1ee9 S\u00e1u, ho\u00e0n ti\u1ec1n, ti\u1ec1n th\u01b0\u1edfng cho chu\u1ed7i c\u01b0\u1ee3c kh\u00f4ng th\u00e0nh c\u00f4ng v\u00e0 nhi\u1ec1u \u01b0u \u0111\u00e3i kh\u00e1c. Ch\u00fang t\u00f4i ph\u00e2n t\u00edch c\u00e1c quy \u0111\u1ecbnh, y\u00eau c\u1ea7u \u0111\u1eb7t c\u01b0\u1ee3c v\u00e0 \u0111i\u1ec1u ki\u1ec7n ho\u00e0n th\u00e0nh y\u00eau c\u1ea7u \u0111\u1eb7t c\u01b0\u1ee3c.\" \/>\n<meta name=\"robots\" content=\"index, follow, max-snippet:-1, max-image-preview:large, max-video-preview:-1\" \/>\n<link rel=\"canonical\" href=\"https:\/\/22bet.team\/vi\/bonus\/\" \/>\n<meta property=\"og:locale\" content=\"vi_VN\" \/>\n<meta property=\"og:type\" content=\"article\" \/>\n<meta property=\"og:title\" content=\"Ti\u1ec1n th\u01b0\u1edfng 22Bet \u1409 \u01afu \u0111\u00e3i ch\u00e0o m\u1eebng 3 700 000 VND v\u00e0 c\u00e1c ch\u01b0\u01a1ng tr\u00ecnh khuy\u1ebfn m\u00e3i \u0111\u1eb7c bi\u1ec7t\" \/>\n<meta property=\"og:description\" content=\"Ti\u1ec1n th\u01b0\u1edfng t\u1ea1i 22Bet \u2014 ti\u1ec1n th\u01b0\u1edfng ch\u00e0o m\u1eebng l\u00ean \u0111\u1ebfn 3 700 000 VND cho c\u00e1 c\u01b0\u1ee3c v\u00e0 l\u00ean \u0111\u1ebfn 9 500 000 VND cho s\u00f2ng b\u1ea1c, ti\u1ec1n th\u01b0\u1edfng n\u1ea1p l\u1ea1i v\u00e0o th\u1ee9 S\u00e1u, ho\u00e0n ti\u1ec1n, ti\u1ec1n th\u01b0\u1edfng cho chu\u1ed7i c\u01b0\u1ee3c kh\u00f4ng th\u00e0nh c\u00f4ng v\u00e0 nhi\u1ec1u \u01b0u \u0111\u00e3i kh\u00e1c. Ch\u00fang t\u00f4i ph\u00e2n t\u00edch c\u00e1c quy \u0111\u1ecbnh, y\u00eau c\u1ea7u \u0111\u1eb7t c\u01b0\u1ee3c v\u00e0 \u0111i\u1ec1u ki\u1ec7n ho\u00e0n th\u00e0nh y\u00eau c\u1ea7u \u0111\u1eb7t c\u01b0\u1ee3c.\" \/>\n<meta property=\"og:url\" content=\"https:\/\/22bet.team\/vi\/bonus\/\" \/>\n<meta property=\"og:site_name\" content=\"22Bet Team vi\" \/>\n<meta property=\"article:modified_time\" content=\"2026-04-07T13:20:27+00:00\" \/>\n<meta name=\"twitter:card\" content=\"summary_large_image\" \/>\n<script type=\"application\/ld+json\" class=\"yoast-schema-graph\">{\"@context\":\"https:\/\/schema.org\",\"@graph\":[{\"@type\":\"WebPage\",\"@id\":\"https:\/\/22bet.team\/vi\/bonus\/\",\"url\":\"https:\/\/22bet.team\/vi\/bonus\/\",\"name\":\"Ti\u1ec1n th\u01b0\u1edfng 22Bet \u1409 \u01afu \u0111\u00e3i ch\u00e0o m\u1eebng 3 700 000 VND v\u00e0 c\u00e1c ch\u01b0\u01a1ng tr\u00ecnh khuy\u1ebfn m\u00e3i \u0111\u1eb7c bi\u1ec7t\",\"isPartOf\":{\"@id\":\"https:\/\/22bet.team\/vi\/#website\"},\"datePublished\":\"2025-11-24T13:18:29+00:00\",\"dateModified\":\"2026-04-07T13:20:27+00:00\",\"description\":\"Ti\u1ec1n th\u01b0\u1edfng t\u1ea1i 22Bet \u2014 ti\u1ec1n th\u01b0\u1edfng ch\u00e0o m\u1eebng l\u00ean \u0111\u1ebfn 3 700 000 VND cho c\u00e1 c\u01b0\u1ee3c v\u00e0 l\u00ean \u0111\u1ebfn 9 500 000 VND cho s\u00f2ng b\u1ea1c, ti\u1ec1n th\u01b0\u1edfng n\u1ea1p l\u1ea1i v\u00e0o th\u1ee9 S\u00e1u, ho\u00e0n ti\u1ec1n, ti\u1ec1n th\u01b0\u1edfng cho chu\u1ed7i c\u01b0\u1ee3c kh\u00f4ng th\u00e0nh c\u00f4ng v\u00e0 nhi\u1ec1u \u01b0u \u0111\u00e3i kh\u00e1c. Ch\u00fang t\u00f4i ph\u00e2n t\u00edch c\u00e1c quy \u0111\u1ecbnh, y\u00eau c\u1ea7u \u0111\u1eb7t c\u01b0\u1ee3c v\u00e0 \u0111i\u1ec1u ki\u1ec7n ho\u00e0n th\u00e0nh y\u00eau c\u1ea7u \u0111\u1eb7t c\u01b0\u1ee3c.\",\"breadcrumb\":{\"@id\":\"https:\/\/22bet.team\/vi\/bonus\/#breadcrumb\"},\"inLanguage\":\"vi\",\"potentialAction\":[{\"@type\":\"ReadAction\",\"target\":[\"https:\/\/22bet.team\/vi\/bonus\/\"]}]},{\"@type\":\"BreadcrumbList\",\"@id\":\"https:\/\/22bet.team\/vi\/bonus\/#breadcrumb\",\"itemListElement\":[{\"@type\":\"ListItem\",\"position\":1,\"name\":\"Home\",\"item\":\"https:\/\/22bet.team\/vi\/\"},{\"@type\":\"ListItem\",\"position\":2,\"name\":\"Ti\u1ec1n th\u01b0\u1edfng\"}]},{\"@type\":\"WebSite\",\"@id\":\"https:\/\/22bet.team\/vi\/#website\",\"url\":\"https:\/\/22bet.team\/vi\/\",\"name\":\"22Bet Team vi\",\"description\":\"\",\"potentialAction\":[{\"@type\":\"SearchAction\",\"target\":{\"@type\":\"EntryPoint\",\"urlTemplate\":\"https:\/\/22bet.team\/vi\/?s={search_term_string}\"},\"query-input\":{\"@type\":\"PropertyValueSpecification\",\"valueRequired\":true,\"valueName\":\"search_term_string\"}}],\"inLanguage\":\"vi\"}]}<\/script>\n<!-- \/ Yoast SEO plugin. -->","yoast_head_json":{"title":"Ti\u1ec1n th\u01b0\u1edfng 22Bet \u1409 \u01afu \u0111\u00e3i ch\u00e0o m\u1eebng 3 700 000 VND v\u00e0 c\u00e1c ch\u01b0\u01a1ng tr\u00ecnh khuy\u1ebfn m\u00e3i \u0111\u1eb7c bi\u1ec7t","description":"Ti\u1ec1n th\u01b0\u1edfng t\u1ea1i 22Bet \u2014 ti\u1ec1n th\u01b0\u1edfng ch\u00e0o m\u1eebng l\u00ean \u0111\u1ebfn 3 700 000 VND cho c\u00e1 c\u01b0\u1ee3c v\u00e0 l\u00ean \u0111\u1ebfn 9 500 000 VND cho s\u00f2ng b\u1ea1c, ti\u1ec1n th\u01b0\u1edfng n\u1ea1p l\u1ea1i v\u00e0o th\u1ee9 S\u00e1u, ho\u00e0n ti\u1ec1n, ti\u1ec1n th\u01b0\u1edfng cho chu\u1ed7i c\u01b0\u1ee3c kh\u00f4ng th\u00e0nh c\u00f4ng v\u00e0 nhi\u1ec1u \u01b0u \u0111\u00e3i kh\u00e1c. Ch\u00fang t\u00f4i ph\u00e2n t\u00edch c\u00e1c quy \u0111\u1ecbnh, y\u00eau c\u1ea7u \u0111\u1eb7t c\u01b0\u1ee3c v\u00e0 \u0111i\u1ec1u ki\u1ec7n ho\u00e0n th\u00e0nh y\u00eau c\u1ea7u \u0111\u1eb7t c\u01b0\u1ee3c.","robots":{"index":"index","follow":"follow","max-snippet":"max-snippet:-1","max-image-preview":"max-image-preview:large","max-video-preview":"max-video-preview:-1"},"canonical":"https:\/\/22bet.team\/vi\/bonus\/","og_locale":"vi_VN","og_type":"article","og_title":"Ti\u1ec1n th\u01b0\u1edfng 22Bet \u1409 \u01afu \u0111\u00e3i ch\u00e0o m\u1eebng 3 700 000 VND v\u00e0 c\u00e1c ch\u01b0\u01a1ng tr\u00ecnh khuy\u1ebfn m\u00e3i \u0111\u1eb7c bi\u1ec7t","og_description":"Ti\u1ec1n th\u01b0\u1edfng t\u1ea1i 22Bet \u2014 ti\u1ec1n th\u01b0\u1edfng ch\u00e0o m\u1eebng l\u00ean \u0111\u1ebfn 3 700 000 VND cho c\u00e1 c\u01b0\u1ee3c v\u00e0 l\u00ean \u0111\u1ebfn 9 500 000 VND cho s\u00f2ng b\u1ea1c, ti\u1ec1n th\u01b0\u1edfng n\u1ea1p l\u1ea1i v\u00e0o th\u1ee9 S\u00e1u, ho\u00e0n ti\u1ec1n, ti\u1ec1n th\u01b0\u1edfng cho chu\u1ed7i c\u01b0\u1ee3c kh\u00f4ng th\u00e0nh c\u00f4ng v\u00e0 nhi\u1ec1u \u01b0u \u0111\u00e3i kh\u00e1c. Ch\u00fang t\u00f4i ph\u00e2n t\u00edch c\u00e1c quy \u0111\u1ecbnh, y\u00eau c\u1ea7u \u0111\u1eb7t c\u01b0\u1ee3c v\u00e0 \u0111i\u1ec1u ki\u1ec7n ho\u00e0n th\u00e0nh y\u00eau c\u1ea7u \u0111\u1eb7t c\u01b0\u1ee3c.","og_url":"https:\/\/22bet.team\/vi\/bonus\/","og_site_name":"22Bet Team vi","article_modified_time":"2026-04-07T13:20:27+00:00","twitter_card":"summary_large_image","schema":{"@context":"https:\/\/schema.org","@graph":[{"@type":"WebPage","@id":"https:\/\/22bet.team\/vi\/bonus\/","url":"https:\/\/22bet.team\/vi\/bonus\/","name":"Ti\u1ec1n th\u01b0\u1edfng 22Bet \u1409 \u01afu \u0111\u00e3i ch\u00e0o m\u1eebng 3 700 000 VND v\u00e0 c\u00e1c ch\u01b0\u01a1ng tr\u00ecnh khuy\u1ebfn m\u00e3i \u0111\u1eb7c bi\u1ec7t","isPartOf":{"@id":"https:\/\/22bet.team\/vi\/#website"},"datePublished":"2025-11-24T13:18:29+00:00","dateModified":"2026-04-07T13:20:27+00:00","description":"Ti\u1ec1n th\u01b0\u1edfng t\u1ea1i 22Bet \u2014 ti\u1ec1n th\u01b0\u1edfng ch\u00e0o m\u1eebng l\u00ean \u0111\u1ebfn 3 700 000 VND cho c\u00e1 c\u01b0\u1ee3c v\u00e0 l\u00ean \u0111\u1ebfn 9 500 000 VND cho s\u00f2ng b\u1ea1c, ti\u1ec1n th\u01b0\u1edfng n\u1ea1p l\u1ea1i v\u00e0o th\u1ee9 S\u00e1u, ho\u00e0n ti\u1ec1n, ti\u1ec1n th\u01b0\u1edfng cho chu\u1ed7i c\u01b0\u1ee3c kh\u00f4ng th\u00e0nh c\u00f4ng v\u00e0 nhi\u1ec1u \u01b0u \u0111\u00e3i kh\u00e1c. Ch\u00fang t\u00f4i ph\u00e2n t\u00edch c\u00e1c quy \u0111\u1ecbnh, y\u00eau c\u1ea7u \u0111\u1eb7t c\u01b0\u1ee3c v\u00e0 \u0111i\u1ec1u ki\u1ec7n ho\u00e0n th\u00e0nh y\u00eau c\u1ea7u \u0111\u1eb7t c\u01b0\u1ee3c.","breadcrumb":{"@id":"https:\/\/22bet.team\/vi\/bonus\/#breadcrumb"},"inLanguage":"vi","potentialAction":[{"@type":"ReadAction","target":["https:\/\/22bet.team\/vi\/bonus\/"]}]},{"@type":"BreadcrumbList","@id":"https:\/\/22bet.team\/vi\/bonus\/#breadcrumb","itemListElement":[{"@type":"ListItem","position":1,"name":"Home","item":"https:\/\/22bet.team\/vi\/"},{"@type":"ListItem","position":2,"name":"Ti\u1ec1n th\u01b0\u1edfng"}]},{"@type":"WebSite","@id":"https:\/\/22bet.team\/vi\/#website","url":"https:\/\/22bet.team\/vi\/","name":"22Bet Team vi","description":"","potentialAction":[{"@type":"SearchAction","target":{"@type":"EntryPoint","urlTemplate":"https:\/\/22bet.team\/vi\/?s={search_term_string}"},"query-input":{"@type":"PropertyValueSpecification","valueRequired":true,"valueName":"search_term_string"}}],"inLanguage":"vi"}]}},"_links":{"self":[{"href":"https:\/\/22bet.team\/vi\/wp-json\/wp\/v2\/pages\/1021","targetHints":{"allow":["GET"]}}],"collection":[{"href":"https:\/\/22bet.team\/vi\/wp-json\/wp\/v2\/pages"}],"about":[{"href":"https:\/\/22bet.team\/vi\/wp-json\/wp\/v2\/types\/page"}],"author":[{"embeddable":true,"href":"https:\/\/22bet.team\/vi\/wp-json\/wp\/v2\/users\/1"}],"replies":[{"embeddable":true,"href":"https:\/\/22bet.team\/vi\/wp-json\/wp\/v2\/comments?post=1021"}],"version-history":[{"count":5,"href":"https:\/\/22bet.team\/vi\/wp-json\/wp\/v2\/pages\/1021\/revisions"}],"predecessor-version":[{"id":1241,"href":"https:\/\/22bet.team\/vi\/wp-json\/wp\/v2\/pages\/1021\/revisions\/1241"}],"wp:attachment":[{"href":"https:\/\/22bet.team\/vi\/wp-json\/wp\/v2\/media?parent=1021"}],"curies":[{"name":"wp","href":"https:\/\/api.w.org\/{rel}","templated":true}]}}