{"id":1044,"date":"2025-11-25T09:38:51","date_gmt":"2025-11-25T06:38:51","guid":{"rendered":"https:\/\/22bet.team\/vi\/?page_id=1044"},"modified":"2026-04-07T20:52:16","modified_gmt":"2026-04-07T17:52:16","slug":"promo-code","status":"publish","type":"page","link":"https:\/\/22bet.team\/vi\/promo-code\/","title":{"rendered":"M\u00e3 khuy\u1ebfn m\u00e3i"},"content":{"rendered":"","protected":false},"excerpt":{"rendered":"","protected":false},"author":1,"featured_media":0,"parent":0,"menu_order":0,"comment_status":"closed","ping_status":"closed","template":"","meta":{"_acf_changed":false,"footnotes":""},"class_list":["post-1044","page","type-page","status-publish","hentry"],"acf":[],"yoast_head":"<!-- This site is optimized with the Yoast SEO plugin v26.1.1 - https:\/\/yoast.com\/wordpress\/plugins\/seo\/ -->\n<title>M\u00e3 khuy\u1ebfn m\u00e3i 22Bet \u1409 C\u00e1ch nh\u1eadn ti\u1ec1n th\u01b0\u1edfng 100%<\/title>\n<meta name=\"description\" content=\"Nh\u1eadn ngay ph\u1ea7n th\u01b0\u1edfng l\u00ean \u0111\u1ebfn 46 000 000 VND v\u1edbi m\u00e3 khuy\u1ebfn m\u00e3i 22Bet! B\u1ea1n l\u00e0 ng\u01b0\u1eddi ch\u01a1i m\u1edbi? Nh\u1eadn 30 v\u00f2ng quay mi\u1ec5n ph\u00ed m\u00e0 kh\u00f4ng c\u1ea7n n\u1ea1p ti\u1ec1n v\u00e0 t\u1eadn h\u01b0\u1edfng c\u00e1c \u01b0u \u0111\u00e3i \u0111\u1ed9c quy\u1ec1n. T\u00ecm hi\u1ec3u c\u00e1ch \u0111\u0103ng k\u00fd v\u00e0 k\u00edch ho\u1ea1t c\u00e1c ph\u1ea7n th\u01b0\u1edfng c\u1ee7a b\u1ea1n.\" \/>\n<meta name=\"robots\" content=\"index, follow, max-snippet:-1, max-image-preview:large, max-video-preview:-1\" \/>\n<link rel=\"canonical\" href=\"https:\/\/22bet.team\/vi\/promo-code\/\" \/>\n<meta property=\"og:locale\" content=\"vi_VN\" \/>\n<meta property=\"og:type\" content=\"article\" \/>\n<meta property=\"og:title\" content=\"M\u00e3 khuy\u1ebfn m\u00e3i 22Bet \u1409 C\u00e1ch nh\u1eadn ti\u1ec1n th\u01b0\u1edfng 100%\" \/>\n<meta property=\"og:description\" content=\"Nh\u1eadn ngay ph\u1ea7n th\u01b0\u1edfng l\u00ean \u0111\u1ebfn 46 000 000 VND v\u1edbi m\u00e3 khuy\u1ebfn m\u00e3i 22Bet! B\u1ea1n l\u00e0 ng\u01b0\u1eddi ch\u01a1i m\u1edbi? Nh\u1eadn 30 v\u00f2ng quay mi\u1ec5n ph\u00ed m\u00e0 kh\u00f4ng c\u1ea7n n\u1ea1p ti\u1ec1n v\u00e0 t\u1eadn h\u01b0\u1edfng c\u00e1c \u01b0u \u0111\u00e3i \u0111\u1ed9c quy\u1ec1n. T\u00ecm hi\u1ec3u c\u00e1ch \u0111\u0103ng k\u00fd v\u00e0 k\u00edch ho\u1ea1t c\u00e1c ph\u1ea7n th\u01b0\u1edfng c\u1ee7a b\u1ea1n.\" \/>\n<meta property=\"og:url\" content=\"https:\/\/22bet.team\/vi\/promo-code\/\" \/>\n<meta property=\"og:site_name\" content=\"22Bet Team vi\" \/>\n<meta property=\"article:modified_time\" content=\"2026-04-07T17:52:16+00:00\" \/>\n<meta name=\"twitter:card\" content=\"summary_large_image\" \/>\n<script type=\"application\/ld+json\" class=\"yoast-schema-graph\">{\"@context\":\"https:\/\/schema.org\",\"@graph\":[{\"@type\":\"WebPage\",\"@id\":\"https:\/\/22bet.team\/vi\/promo-code\/\",\"url\":\"https:\/\/22bet.team\/vi\/promo-code\/\",\"name\":\"M\u00e3 khuy\u1ebfn m\u00e3i 22Bet \u1409 C\u00e1ch nh\u1eadn ti\u1ec1n th\u01b0\u1edfng 100%\",\"isPartOf\":{\"@id\":\"https:\/\/22bet.team\/vi\/#website\"},\"datePublished\":\"2025-11-25T06:38:51+00:00\",\"dateModified\":\"2026-04-07T17:52:16+00:00\",\"description\":\"Nh\u1eadn ngay ph\u1ea7n th\u01b0\u1edfng l\u00ean \u0111\u1ebfn 46 000 000 VND v\u1edbi m\u00e3 khuy\u1ebfn m\u00e3i 22Bet! B\u1ea1n l\u00e0 ng\u01b0\u1eddi ch\u01a1i m\u1edbi? Nh\u1eadn 30 v\u00f2ng quay mi\u1ec5n ph\u00ed m\u00e0 kh\u00f4ng c\u1ea7n n\u1ea1p ti\u1ec1n v\u00e0 t\u1eadn h\u01b0\u1edfng c\u00e1c \u01b0u \u0111\u00e3i \u0111\u1ed9c quy\u1ec1n. T\u00ecm hi\u1ec3u c\u00e1ch \u0111\u0103ng k\u00fd v\u00e0 k\u00edch ho\u1ea1t c\u00e1c ph\u1ea7n th\u01b0\u1edfng c\u1ee7a b\u1ea1n.\",\"breadcrumb\":{\"@id\":\"https:\/\/22bet.team\/vi\/promo-code\/#breadcrumb\"},\"inLanguage\":\"vi\",\"potentialAction\":[{\"@type\":\"ReadAction\",\"target\":[\"https:\/\/22bet.team\/vi\/promo-code\/\"]}]},{\"@type\":\"BreadcrumbList\",\"@id\":\"https:\/\/22bet.team\/vi\/promo-code\/#breadcrumb\",\"itemListElement\":[{\"@type\":\"ListItem\",\"position\":1,\"name\":\"Home\",\"item\":\"https:\/\/22bet.team\/vi\/\"},{\"@type\":\"ListItem\",\"position\":2,\"name\":\"M\u00e3 khuy\u1ebfn m\u00e3i\"}]},{\"@type\":\"WebSite\",\"@id\":\"https:\/\/22bet.team\/vi\/#website\",\"url\":\"https:\/\/22bet.team\/vi\/\",\"name\":\"22Bet Team vi\",\"description\":\"\",\"potentialAction\":[{\"@type\":\"SearchAction\",\"target\":{\"@type\":\"EntryPoint\",\"urlTemplate\":\"https:\/\/22bet.team\/vi\/?s={search_term_string}\"},\"query-input\":{\"@type\":\"PropertyValueSpecification\",\"valueRequired\":true,\"valueName\":\"search_term_string\"}}],\"inLanguage\":\"vi\"}]}<\/script>\n<!-- \/ Yoast SEO plugin. -->","yoast_head_json":{"title":"M\u00e3 khuy\u1ebfn m\u00e3i 22Bet \u1409 C\u00e1ch nh\u1eadn ti\u1ec1n th\u01b0\u1edfng 100%","description":"Nh\u1eadn ngay ph\u1ea7n th\u01b0\u1edfng l\u00ean \u0111\u1ebfn 46 000 000 VND v\u1edbi m\u00e3 khuy\u1ebfn m\u00e3i 22Bet! B\u1ea1n l\u00e0 ng\u01b0\u1eddi ch\u01a1i m\u1edbi? Nh\u1eadn 30 v\u00f2ng quay mi\u1ec5n ph\u00ed m\u00e0 kh\u00f4ng c\u1ea7n n\u1ea1p ti\u1ec1n v\u00e0 t\u1eadn h\u01b0\u1edfng c\u00e1c \u01b0u \u0111\u00e3i \u0111\u1ed9c quy\u1ec1n. T\u00ecm hi\u1ec3u c\u00e1ch \u0111\u0103ng k\u00fd v\u00e0 k\u00edch ho\u1ea1t c\u00e1c ph\u1ea7n th\u01b0\u1edfng c\u1ee7a b\u1ea1n.","robots":{"index":"index","follow":"follow","max-snippet":"max-snippet:-1","max-image-preview":"max-image-preview:large","max-video-preview":"max-video-preview:-1"},"canonical":"https:\/\/22bet.team\/vi\/promo-code\/","og_locale":"vi_VN","og_type":"article","og_title":"M\u00e3 khuy\u1ebfn m\u00e3i 22Bet \u1409 C\u00e1ch nh\u1eadn ti\u1ec1n th\u01b0\u1edfng 100%","og_description":"Nh\u1eadn ngay ph\u1ea7n th\u01b0\u1edfng l\u00ean \u0111\u1ebfn 46 000 000 VND v\u1edbi m\u00e3 khuy\u1ebfn m\u00e3i 22Bet! B\u1ea1n l\u00e0 ng\u01b0\u1eddi ch\u01a1i m\u1edbi? Nh\u1eadn 30 v\u00f2ng quay mi\u1ec5n ph\u00ed m\u00e0 kh\u00f4ng c\u1ea7n n\u1ea1p ti\u1ec1n v\u00e0 t\u1eadn h\u01b0\u1edfng c\u00e1c \u01b0u \u0111\u00e3i \u0111\u1ed9c quy\u1ec1n. T\u00ecm hi\u1ec3u c\u00e1ch \u0111\u0103ng k\u00fd v\u00e0 k\u00edch ho\u1ea1t c\u00e1c ph\u1ea7n th\u01b0\u1edfng c\u1ee7a b\u1ea1n.","og_url":"https:\/\/22bet.team\/vi\/promo-code\/","og_site_name":"22Bet Team vi","article_modified_time":"2026-04-07T17:52:16+00:00","twitter_card":"summary_large_image","schema":{"@context":"https:\/\/schema.org","@graph":[{"@type":"WebPage","@id":"https:\/\/22bet.team\/vi\/promo-code\/","url":"https:\/\/22bet.team\/vi\/promo-code\/","name":"M\u00e3 khuy\u1ebfn m\u00e3i 22Bet \u1409 C\u00e1ch nh\u1eadn ti\u1ec1n th\u01b0\u1edfng 100%","isPartOf":{"@id":"https:\/\/22bet.team\/vi\/#website"},"datePublished":"2025-11-25T06:38:51+00:00","dateModified":"2026-04-07T17:52:16+00:00","description":"Nh\u1eadn ngay ph\u1ea7n th\u01b0\u1edfng l\u00ean \u0111\u1ebfn 46 000 000 VND v\u1edbi m\u00e3 khuy\u1ebfn m\u00e3i 22Bet! B\u1ea1n l\u00e0 ng\u01b0\u1eddi ch\u01a1i m\u1edbi? Nh\u1eadn 30 v\u00f2ng quay mi\u1ec5n ph\u00ed m\u00e0 kh\u00f4ng c\u1ea7n n\u1ea1p ti\u1ec1n v\u00e0 t\u1eadn h\u01b0\u1edfng c\u00e1c \u01b0u \u0111\u00e3i \u0111\u1ed9c quy\u1ec1n. T\u00ecm hi\u1ec3u c\u00e1ch \u0111\u0103ng k\u00fd v\u00e0 k\u00edch ho\u1ea1t c\u00e1c ph\u1ea7n th\u01b0\u1edfng c\u1ee7a b\u1ea1n.","breadcrumb":{"@id":"https:\/\/22bet.team\/vi\/promo-code\/#breadcrumb"},"inLanguage":"vi","potentialAction":[{"@type":"ReadAction","target":["https:\/\/22bet.team\/vi\/promo-code\/"]}]},{"@type":"BreadcrumbList","@id":"https:\/\/22bet.team\/vi\/promo-code\/#breadcrumb","itemListElement":[{"@type":"ListItem","position":1,"name":"Home","item":"https:\/\/22bet.team\/vi\/"},{"@type":"ListItem","position":2,"name":"M\u00e3 khuy\u1ebfn m\u00e3i"}]},{"@type":"WebSite","@id":"https:\/\/22bet.team\/vi\/#website","url":"https:\/\/22bet.team\/vi\/","name":"22Bet Team vi","description":"","potentialAction":[{"@type":"SearchAction","target":{"@type":"EntryPoint","urlTemplate":"https:\/\/22bet.team\/vi\/?s={search_term_string}"},"query-input":{"@type":"PropertyValueSpecification","valueRequired":true,"valueName":"search_term_string"}}],"inLanguage":"vi"}]}},"_links":{"self":[{"href":"https:\/\/22bet.team\/vi\/wp-json\/wp\/v2\/pages\/1044","targetHints":{"allow":["GET"]}}],"collection":[{"href":"https:\/\/22bet.team\/vi\/wp-json\/wp\/v2\/pages"}],"about":[{"href":"https:\/\/22bet.team\/vi\/wp-json\/wp\/v2\/types\/page"}],"author":[{"embeddable":true,"href":"https:\/\/22bet.team\/vi\/wp-json\/wp\/v2\/users\/1"}],"replies":[{"embeddable":true,"href":"https:\/\/22bet.team\/vi\/wp-json\/wp\/v2\/comments?post=1044"}],"version-history":[{"count":5,"href":"https:\/\/22bet.team\/vi\/wp-json\/wp\/v2\/pages\/1044\/revisions"}],"predecessor-version":[{"id":1256,"href":"https:\/\/22bet.team\/vi\/wp-json\/wp\/v2\/pages\/1044\/revisions\/1256"}],"wp:attachment":[{"href":"https:\/\/22bet.team\/vi\/wp-json\/wp\/v2\/media?parent=1044"}],"curies":[{"name":"wp","href":"https:\/\/api.w.org\/{rel}","templated":true}]}}