{"id":1063,"date":"2025-12-01T12:37:13","date_gmt":"2025-12-01T09:37:13","guid":{"rendered":"https:\/\/22bet.team\/vi\/?page_id=1063"},"modified":"2026-04-07T20:39:02","modified_gmt":"2026-04-07T17:39:02","slug":"login","status":"publish","type":"page","link":"https:\/\/22bet.team\/vi\/login\/","title":{"rendered":"\u0110\u0103ng nh\u1eadp"},"content":{"rendered":"","protected":false},"excerpt":{"rendered":"","protected":false},"author":1,"featured_media":0,"parent":0,"menu_order":0,"comment_status":"closed","ping_status":"closed","template":"","meta":{"_acf_changed":false,"footnotes":""},"class_list":["post-1063","page","type-page","status-publish","hentry"],"acf":[],"yoast_head":"<!-- This site is optimized with the Yoast SEO plugin v26.1.1 - https:\/\/yoast.com\/wordpress\/plugins\/seo\/ -->\n<title>\u0110\u0103ng nh\u1eadp 22Bet \u1409 T\u00e0i kho\u1ea3n c\u00e1 nh\u00e2n, Trang web ch\u00ednh th\u1ee9c v\u00e0 \u0110\u0103ng k\u00fd<\/title>\n<meta name=\"description\" content=\"\u0110\u0103ng nh\u1eadp v\u00e0o t\u00e0i kho\u1ea3n c\u00e1 nh\u00e2n 22Bet c\u1ee7a b\u1ea1n: truy c\u1eadp t\u00e0i kho\u1ea3n qua trang web ch\u00ednh th\u1ee9c v\u00e0 c\u00e1c trang web d\u1ef1 ph\u00f2ng \u0111ang ho\u1ea1t \u0111\u1ed9ng. H\u01b0\u1edbng d\u1eabn chi ti\u1ebft t\u1eebng b\u01b0\u1edbc v\u1ec1 x\u00e1c th\u1ef1c, kh\u00f4i ph\u1ee5c m\u1eadt kh\u1ea9u v\u00e0 \u0111\u0103ng k\u00fd \u0111\u1ec3 nh\u1eadn th\u01b0\u1edfng 100%. T\u00ecm hi\u1ec3u c\u00e1ch \u0111\u0103ng nh\u1eadp qua \u1ee9ng d\u1ee5ng di \u0111\u1ed9ng.\" \/>\n<meta name=\"robots\" content=\"index, follow, max-snippet:-1, max-image-preview:large, max-video-preview:-1\" \/>\n<link rel=\"canonical\" href=\"https:\/\/22bet.team\/vi\/login\/\" \/>\n<meta property=\"og:locale\" content=\"vi_VN\" \/>\n<meta property=\"og:type\" content=\"article\" \/>\n<meta property=\"og:title\" content=\"\u0110\u0103ng nh\u1eadp 22Bet \u1409 T\u00e0i kho\u1ea3n c\u00e1 nh\u00e2n, Trang web ch\u00ednh th\u1ee9c v\u00e0 \u0110\u0103ng k\u00fd\" \/>\n<meta property=\"og:description\" content=\"\u0110\u0103ng nh\u1eadp v\u00e0o t\u00e0i kho\u1ea3n c\u00e1 nh\u00e2n 22Bet c\u1ee7a b\u1ea1n: truy c\u1eadp t\u00e0i kho\u1ea3n qua trang web ch\u00ednh th\u1ee9c v\u00e0 c\u00e1c trang web d\u1ef1 ph\u00f2ng \u0111ang ho\u1ea1t \u0111\u1ed9ng. H\u01b0\u1edbng d\u1eabn chi ti\u1ebft t\u1eebng b\u01b0\u1edbc v\u1ec1 x\u00e1c th\u1ef1c, kh\u00f4i ph\u1ee5c m\u1eadt kh\u1ea9u v\u00e0 \u0111\u0103ng k\u00fd \u0111\u1ec3 nh\u1eadn th\u01b0\u1edfng 100%. T\u00ecm hi\u1ec3u c\u00e1ch \u0111\u0103ng nh\u1eadp qua \u1ee9ng d\u1ee5ng di \u0111\u1ed9ng.\" \/>\n<meta property=\"og:url\" content=\"https:\/\/22bet.team\/vi\/login\/\" \/>\n<meta property=\"og:site_name\" content=\"22Bet Team vi\" \/>\n<meta property=\"article:modified_time\" content=\"2026-04-07T17:39:02+00:00\" \/>\n<meta name=\"twitter:card\" content=\"summary_large_image\" \/>\n<script type=\"application\/ld+json\" class=\"yoast-schema-graph\">{\"@context\":\"https:\/\/schema.org\",\"@graph\":[{\"@type\":\"WebPage\",\"@id\":\"https:\/\/22bet.team\/vi\/login\/\",\"url\":\"https:\/\/22bet.team\/vi\/login\/\",\"name\":\"\u0110\u0103ng nh\u1eadp 22Bet \u1409 T\u00e0i kho\u1ea3n c\u00e1 nh\u00e2n, Trang web ch\u00ednh th\u1ee9c v\u00e0 \u0110\u0103ng k\u00fd\",\"isPartOf\":{\"@id\":\"https:\/\/22bet.team\/vi\/#website\"},\"datePublished\":\"2025-12-01T09:37:13+00:00\",\"dateModified\":\"2026-04-07T17:39:02+00:00\",\"description\":\"\u0110\u0103ng nh\u1eadp v\u00e0o t\u00e0i kho\u1ea3n c\u00e1 nh\u00e2n 22Bet c\u1ee7a b\u1ea1n: truy c\u1eadp t\u00e0i kho\u1ea3n qua trang web ch\u00ednh th\u1ee9c v\u00e0 c\u00e1c trang web d\u1ef1 ph\u00f2ng \u0111ang ho\u1ea1t \u0111\u1ed9ng. H\u01b0\u1edbng d\u1eabn chi ti\u1ebft t\u1eebng b\u01b0\u1edbc v\u1ec1 x\u00e1c th\u1ef1c, kh\u00f4i ph\u1ee5c m\u1eadt kh\u1ea9u v\u00e0 \u0111\u0103ng k\u00fd \u0111\u1ec3 nh\u1eadn th\u01b0\u1edfng 100%. T\u00ecm hi\u1ec3u c\u00e1ch \u0111\u0103ng nh\u1eadp qua \u1ee9ng d\u1ee5ng di \u0111\u1ed9ng.\",\"breadcrumb\":{\"@id\":\"https:\/\/22bet.team\/vi\/login\/#breadcrumb\"},\"inLanguage\":\"vi\",\"potentialAction\":[{\"@type\":\"ReadAction\",\"target\":[\"https:\/\/22bet.team\/vi\/login\/\"]}]},{\"@type\":\"BreadcrumbList\",\"@id\":\"https:\/\/22bet.team\/vi\/login\/#breadcrumb\",\"itemListElement\":[{\"@type\":\"ListItem\",\"position\":1,\"name\":\"Home\",\"item\":\"https:\/\/22bet.team\/vi\/\"},{\"@type\":\"ListItem\",\"position\":2,\"name\":\"\u0110\u0103ng nh\u1eadp\"}]},{\"@type\":\"WebSite\",\"@id\":\"https:\/\/22bet.team\/vi\/#website\",\"url\":\"https:\/\/22bet.team\/vi\/\",\"name\":\"22Bet Team vi\",\"description\":\"\",\"potentialAction\":[{\"@type\":\"SearchAction\",\"target\":{\"@type\":\"EntryPoint\",\"urlTemplate\":\"https:\/\/22bet.team\/vi\/?s={search_term_string}\"},\"query-input\":{\"@type\":\"PropertyValueSpecification\",\"valueRequired\":true,\"valueName\":\"search_term_string\"}}],\"inLanguage\":\"vi\"}]}<\/script>\n<!-- \/ Yoast SEO plugin. -->","yoast_head_json":{"title":"\u0110\u0103ng nh\u1eadp 22Bet \u1409 T\u00e0i kho\u1ea3n c\u00e1 nh\u00e2n, Trang web ch\u00ednh th\u1ee9c v\u00e0 \u0110\u0103ng k\u00fd","description":"\u0110\u0103ng nh\u1eadp v\u00e0o t\u00e0i kho\u1ea3n c\u00e1 nh\u00e2n 22Bet c\u1ee7a b\u1ea1n: truy c\u1eadp t\u00e0i kho\u1ea3n qua trang web ch\u00ednh th\u1ee9c v\u00e0 c\u00e1c trang web d\u1ef1 ph\u00f2ng \u0111ang ho\u1ea1t \u0111\u1ed9ng. H\u01b0\u1edbng d\u1eabn chi ti\u1ebft t\u1eebng b\u01b0\u1edbc v\u1ec1 x\u00e1c th\u1ef1c, kh\u00f4i ph\u1ee5c m\u1eadt kh\u1ea9u v\u00e0 \u0111\u0103ng k\u00fd \u0111\u1ec3 nh\u1eadn th\u01b0\u1edfng 100%. T\u00ecm hi\u1ec3u c\u00e1ch \u0111\u0103ng nh\u1eadp qua \u1ee9ng d\u1ee5ng di \u0111\u1ed9ng.","robots":{"index":"index","follow":"follow","max-snippet":"max-snippet:-1","max-image-preview":"max-image-preview:large","max-video-preview":"max-video-preview:-1"},"canonical":"https:\/\/22bet.team\/vi\/login\/","og_locale":"vi_VN","og_type":"article","og_title":"\u0110\u0103ng nh\u1eadp 22Bet \u1409 T\u00e0i kho\u1ea3n c\u00e1 nh\u00e2n, Trang web ch\u00ednh th\u1ee9c v\u00e0 \u0110\u0103ng k\u00fd","og_description":"\u0110\u0103ng nh\u1eadp v\u00e0o t\u00e0i kho\u1ea3n c\u00e1 nh\u00e2n 22Bet c\u1ee7a b\u1ea1n: truy c\u1eadp t\u00e0i kho\u1ea3n qua trang web ch\u00ednh th\u1ee9c v\u00e0 c\u00e1c trang web d\u1ef1 ph\u00f2ng \u0111ang ho\u1ea1t \u0111\u1ed9ng. H\u01b0\u1edbng d\u1eabn chi ti\u1ebft t\u1eebng b\u01b0\u1edbc v\u1ec1 x\u00e1c th\u1ef1c, kh\u00f4i ph\u1ee5c m\u1eadt kh\u1ea9u v\u00e0 \u0111\u0103ng k\u00fd \u0111\u1ec3 nh\u1eadn th\u01b0\u1edfng 100%. T\u00ecm hi\u1ec3u c\u00e1ch \u0111\u0103ng nh\u1eadp qua \u1ee9ng d\u1ee5ng di \u0111\u1ed9ng.","og_url":"https:\/\/22bet.team\/vi\/login\/","og_site_name":"22Bet Team vi","article_modified_time":"2026-04-07T17:39:02+00:00","twitter_card":"summary_large_image","schema":{"@context":"https:\/\/schema.org","@graph":[{"@type":"WebPage","@id":"https:\/\/22bet.team\/vi\/login\/","url":"https:\/\/22bet.team\/vi\/login\/","name":"\u0110\u0103ng nh\u1eadp 22Bet \u1409 T\u00e0i kho\u1ea3n c\u00e1 nh\u00e2n, Trang web ch\u00ednh th\u1ee9c v\u00e0 \u0110\u0103ng k\u00fd","isPartOf":{"@id":"https:\/\/22bet.team\/vi\/#website"},"datePublished":"2025-12-01T09:37:13+00:00","dateModified":"2026-04-07T17:39:02+00:00","description":"\u0110\u0103ng nh\u1eadp v\u00e0o t\u00e0i kho\u1ea3n c\u00e1 nh\u00e2n 22Bet c\u1ee7a b\u1ea1n: truy c\u1eadp t\u00e0i kho\u1ea3n qua trang web ch\u00ednh th\u1ee9c v\u00e0 c\u00e1c trang web d\u1ef1 ph\u00f2ng \u0111ang ho\u1ea1t \u0111\u1ed9ng. H\u01b0\u1edbng d\u1eabn chi ti\u1ebft t\u1eebng b\u01b0\u1edbc v\u1ec1 x\u00e1c th\u1ef1c, kh\u00f4i ph\u1ee5c m\u1eadt kh\u1ea9u v\u00e0 \u0111\u0103ng k\u00fd \u0111\u1ec3 nh\u1eadn th\u01b0\u1edfng 100%. T\u00ecm hi\u1ec3u c\u00e1ch \u0111\u0103ng nh\u1eadp qua \u1ee9ng d\u1ee5ng di \u0111\u1ed9ng.","breadcrumb":{"@id":"https:\/\/22bet.team\/vi\/login\/#breadcrumb"},"inLanguage":"vi","potentialAction":[{"@type":"ReadAction","target":["https:\/\/22bet.team\/vi\/login\/"]}]},{"@type":"BreadcrumbList","@id":"https:\/\/22bet.team\/vi\/login\/#breadcrumb","itemListElement":[{"@type":"ListItem","position":1,"name":"Home","item":"https:\/\/22bet.team\/vi\/"},{"@type":"ListItem","position":2,"name":"\u0110\u0103ng nh\u1eadp"}]},{"@type":"WebSite","@id":"https:\/\/22bet.team\/vi\/#website","url":"https:\/\/22bet.team\/vi\/","name":"22Bet Team vi","description":"","potentialAction":[{"@type":"SearchAction","target":{"@type":"EntryPoint","urlTemplate":"https:\/\/22bet.team\/vi\/?s={search_term_string}"},"query-input":{"@type":"PropertyValueSpecification","valueRequired":true,"valueName":"search_term_string"}}],"inLanguage":"vi"}]}},"_links":{"self":[{"href":"https:\/\/22bet.team\/vi\/wp-json\/wp\/v2\/pages\/1063","targetHints":{"allow":["GET"]}}],"collection":[{"href":"https:\/\/22bet.team\/vi\/wp-json\/wp\/v2\/pages"}],"about":[{"href":"https:\/\/22bet.team\/vi\/wp-json\/wp\/v2\/types\/page"}],"author":[{"embeddable":true,"href":"https:\/\/22bet.team\/vi\/wp-json\/wp\/v2\/users\/1"}],"replies":[{"embeddable":true,"href":"https:\/\/22bet.team\/vi\/wp-json\/wp\/v2\/comments?post=1063"}],"version-history":[{"count":5,"href":"https:\/\/22bet.team\/vi\/wp-json\/wp\/v2\/pages\/1063\/revisions"}],"predecessor-version":[{"id":1255,"href":"https:\/\/22bet.team\/vi\/wp-json\/wp\/v2\/pages\/1063\/revisions\/1255"}],"wp:attachment":[{"href":"https:\/\/22bet.team\/vi\/wp-json\/wp\/v2\/media?parent=1063"}],"curies":[{"name":"wp","href":"https:\/\/api.w.org\/{rel}","templated":true}]}}