{"id":1094,"date":"2025-12-02T17:34:13","date_gmt":"2025-12-02T14:34:13","guid":{"rendered":"https:\/\/22bet.team\/vi\/?page_id=1094"},"modified":"2026-04-07T21:14:52","modified_gmt":"2026-04-07T18:14:52","slug":"registration","status":"publish","type":"page","link":"https:\/\/22bet.team\/vi\/registration\/","title":{"rendered":"\u0110\u0103ng k\u00fd"},"content":{"rendered":"","protected":false},"excerpt":{"rendered":"","protected":false},"author":1,"featured_media":0,"parent":0,"menu_order":0,"comment_status":"closed","ping_status":"closed","template":"","meta":{"_acf_changed":false,"footnotes":""},"class_list":["post-1094","page","type-page","status-publish","hentry"],"acf":[],"yoast_head":"<!-- This site is optimized with the Yoast SEO plugin v26.1.1 - https:\/\/yoast.com\/wordpress\/plugins\/seo\/ -->\n<title>\u0110\u0103ng k\u00fd t\u1ea1i 22Bet \u1409 Nh\u1eadn ngay 100% ti\u1ec1n th\u01b0\u1edfng l\u00ean \u0111\u1ebfn 3.700.000 VND<\/title>\n<meta name=\"description\" content=\"L\u00e0m th\u1ebf n\u00e0o \u0111\u1ec3 \u0111\u0103ng k\u00fd t\u00e0i kho\u1ea3n t\u1ea1i 22Bet v\u00e0 nh\u1eadn ti\u1ec1n th\u01b0\u1edfng ch\u00e0o m\u1eebng? H\u01b0\u1edbng d\u1eabn chi ti\u1ebft t\u1eebng b\u01b0\u1edbc: \u0111\u0103ng k\u00fd nhanh qua s\u1ed1 \u0111i\u1ec7n tho\u1ea1i, m\u1ea1ng x\u00e3 h\u1ed9i ho\u1eb7c email. \u0110\u0103ng nh\u1eadp v\u00e0o t\u00e0i kho\u1ea3n c\u00e1 nh\u00e2n, x\u00e1c minh t\u00e0i kho\u1ea3n v\u00e0 c\u00e1c \u0111i\u1ec1u kho\u1ea3n v\u00e0 \u0111i\u1ec1u ki\u1ec7n nh\u1eadn ti\u1ec1n th\u01b0\u1edfng N\u0103m hi\u1ec7n t\u1ea1i.\" \/>\n<meta name=\"robots\" content=\"index, follow, max-snippet:-1, max-image-preview:large, max-video-preview:-1\" \/>\n<link rel=\"canonical\" href=\"https:\/\/22bet.team\/vi\/registration\/\" \/>\n<meta property=\"og:locale\" content=\"vi_VN\" \/>\n<meta property=\"og:type\" content=\"article\" \/>\n<meta property=\"og:title\" content=\"\u0110\u0103ng k\u00fd t\u1ea1i 22Bet \u1409 Nh\u1eadn ngay 100% ti\u1ec1n th\u01b0\u1edfng l\u00ean \u0111\u1ebfn 3.700.000 VND\" \/>\n<meta property=\"og:description\" content=\"L\u00e0m th\u1ebf n\u00e0o \u0111\u1ec3 \u0111\u0103ng k\u00fd t\u00e0i kho\u1ea3n t\u1ea1i 22Bet v\u00e0 nh\u1eadn ti\u1ec1n th\u01b0\u1edfng ch\u00e0o m\u1eebng? H\u01b0\u1edbng d\u1eabn chi ti\u1ebft t\u1eebng b\u01b0\u1edbc: \u0111\u0103ng k\u00fd nhanh qua s\u1ed1 \u0111i\u1ec7n tho\u1ea1i, m\u1ea1ng x\u00e3 h\u1ed9i ho\u1eb7c email. \u0110\u0103ng nh\u1eadp v\u00e0o t\u00e0i kho\u1ea3n c\u00e1 nh\u00e2n, x\u00e1c minh t\u00e0i kho\u1ea3n v\u00e0 c\u00e1c \u0111i\u1ec1u kho\u1ea3n v\u00e0 \u0111i\u1ec1u ki\u1ec7n nh\u1eadn ti\u1ec1n th\u01b0\u1edfng N\u0103m hi\u1ec7n t\u1ea1i.\" \/>\n<meta property=\"og:url\" content=\"https:\/\/22bet.team\/vi\/registration\/\" \/>\n<meta property=\"og:site_name\" content=\"22Bet Team vi\" \/>\n<meta property=\"article:modified_time\" content=\"2026-04-07T18:14:52+00:00\" \/>\n<meta name=\"twitter:card\" content=\"summary_large_image\" \/>\n<script type=\"application\/ld+json\" class=\"yoast-schema-graph\">{\"@context\":\"https:\/\/schema.org\",\"@graph\":[{\"@type\":\"WebPage\",\"@id\":\"https:\/\/22bet.team\/vi\/registration\/\",\"url\":\"https:\/\/22bet.team\/vi\/registration\/\",\"name\":\"\u0110\u0103ng k\u00fd t\u1ea1i 22Bet \u1409 Nh\u1eadn ngay 100% ti\u1ec1n th\u01b0\u1edfng l\u00ean \u0111\u1ebfn 3.700.000 VND\",\"isPartOf\":{\"@id\":\"https:\/\/22bet.team\/vi\/#website\"},\"datePublished\":\"2025-12-02T14:34:13+00:00\",\"dateModified\":\"2026-04-07T18:14:52+00:00\",\"description\":\"L\u00e0m th\u1ebf n\u00e0o \u0111\u1ec3 \u0111\u0103ng k\u00fd t\u00e0i kho\u1ea3n t\u1ea1i 22Bet v\u00e0 nh\u1eadn ti\u1ec1n th\u01b0\u1edfng ch\u00e0o m\u1eebng? H\u01b0\u1edbng d\u1eabn chi ti\u1ebft t\u1eebng b\u01b0\u1edbc: \u0111\u0103ng k\u00fd nhanh qua s\u1ed1 \u0111i\u1ec7n tho\u1ea1i, m\u1ea1ng x\u00e3 h\u1ed9i ho\u1eb7c email. \u0110\u0103ng nh\u1eadp v\u00e0o t\u00e0i kho\u1ea3n c\u00e1 nh\u00e2n, x\u00e1c minh t\u00e0i kho\u1ea3n v\u00e0 c\u00e1c \u0111i\u1ec1u kho\u1ea3n v\u00e0 \u0111i\u1ec1u ki\u1ec7n nh\u1eadn ti\u1ec1n th\u01b0\u1edfng N\u0103m hi\u1ec7n t\u1ea1i.\",\"breadcrumb\":{\"@id\":\"https:\/\/22bet.team\/vi\/registration\/#breadcrumb\"},\"inLanguage\":\"vi\",\"potentialAction\":[{\"@type\":\"ReadAction\",\"target\":[\"https:\/\/22bet.team\/vi\/registration\/\"]}]},{\"@type\":\"BreadcrumbList\",\"@id\":\"https:\/\/22bet.team\/vi\/registration\/#breadcrumb\",\"itemListElement\":[{\"@type\":\"ListItem\",\"position\":1,\"name\":\"Home\",\"item\":\"https:\/\/22bet.team\/vi\/\"},{\"@type\":\"ListItem\",\"position\":2,\"name\":\"\u0110\u0103ng k\u00fd\"}]},{\"@type\":\"WebSite\",\"@id\":\"https:\/\/22bet.team\/vi\/#website\",\"url\":\"https:\/\/22bet.team\/vi\/\",\"name\":\"22Bet Team vi\",\"description\":\"\",\"potentialAction\":[{\"@type\":\"SearchAction\",\"target\":{\"@type\":\"EntryPoint\",\"urlTemplate\":\"https:\/\/22bet.team\/vi\/?s={search_term_string}\"},\"query-input\":{\"@type\":\"PropertyValueSpecification\",\"valueRequired\":true,\"valueName\":\"search_term_string\"}}],\"inLanguage\":\"vi\"}]}<\/script>\n<!-- \/ Yoast SEO plugin. -->","yoast_head_json":{"title":"\u0110\u0103ng k\u00fd t\u1ea1i 22Bet \u1409 Nh\u1eadn ngay 100% ti\u1ec1n th\u01b0\u1edfng l\u00ean \u0111\u1ebfn 3.700.000 VND","description":"L\u00e0m th\u1ebf n\u00e0o \u0111\u1ec3 \u0111\u0103ng k\u00fd t\u00e0i kho\u1ea3n t\u1ea1i 22Bet v\u00e0 nh\u1eadn ti\u1ec1n th\u01b0\u1edfng ch\u00e0o m\u1eebng? H\u01b0\u1edbng d\u1eabn chi ti\u1ebft t\u1eebng b\u01b0\u1edbc: \u0111\u0103ng k\u00fd nhanh qua s\u1ed1 \u0111i\u1ec7n tho\u1ea1i, m\u1ea1ng x\u00e3 h\u1ed9i ho\u1eb7c email. \u0110\u0103ng nh\u1eadp v\u00e0o t\u00e0i kho\u1ea3n c\u00e1 nh\u00e2n, x\u00e1c minh t\u00e0i kho\u1ea3n v\u00e0 c\u00e1c \u0111i\u1ec1u kho\u1ea3n v\u00e0 \u0111i\u1ec1u ki\u1ec7n nh\u1eadn ti\u1ec1n th\u01b0\u1edfng N\u0103m hi\u1ec7n t\u1ea1i.","robots":{"index":"index","follow":"follow","max-snippet":"max-snippet:-1","max-image-preview":"max-image-preview:large","max-video-preview":"max-video-preview:-1"},"canonical":"https:\/\/22bet.team\/vi\/registration\/","og_locale":"vi_VN","og_type":"article","og_title":"\u0110\u0103ng k\u00fd t\u1ea1i 22Bet \u1409 Nh\u1eadn ngay 100% ti\u1ec1n th\u01b0\u1edfng l\u00ean \u0111\u1ebfn 3.700.000 VND","og_description":"L\u00e0m th\u1ebf n\u00e0o \u0111\u1ec3 \u0111\u0103ng k\u00fd t\u00e0i kho\u1ea3n t\u1ea1i 22Bet v\u00e0 nh\u1eadn ti\u1ec1n th\u01b0\u1edfng ch\u00e0o m\u1eebng? H\u01b0\u1edbng d\u1eabn chi ti\u1ebft t\u1eebng b\u01b0\u1edbc: \u0111\u0103ng k\u00fd nhanh qua s\u1ed1 \u0111i\u1ec7n tho\u1ea1i, m\u1ea1ng x\u00e3 h\u1ed9i ho\u1eb7c email. \u0110\u0103ng nh\u1eadp v\u00e0o t\u00e0i kho\u1ea3n c\u00e1 nh\u00e2n, x\u00e1c minh t\u00e0i kho\u1ea3n v\u00e0 c\u00e1c \u0111i\u1ec1u kho\u1ea3n v\u00e0 \u0111i\u1ec1u ki\u1ec7n nh\u1eadn ti\u1ec1n th\u01b0\u1edfng N\u0103m hi\u1ec7n t\u1ea1i.","og_url":"https:\/\/22bet.team\/vi\/registration\/","og_site_name":"22Bet Team vi","article_modified_time":"2026-04-07T18:14:52+00:00","twitter_card":"summary_large_image","schema":{"@context":"https:\/\/schema.org","@graph":[{"@type":"WebPage","@id":"https:\/\/22bet.team\/vi\/registration\/","url":"https:\/\/22bet.team\/vi\/registration\/","name":"\u0110\u0103ng k\u00fd t\u1ea1i 22Bet \u1409 Nh\u1eadn ngay 100% ti\u1ec1n th\u01b0\u1edfng l\u00ean \u0111\u1ebfn 3.700.000 VND","isPartOf":{"@id":"https:\/\/22bet.team\/vi\/#website"},"datePublished":"2025-12-02T14:34:13+00:00","dateModified":"2026-04-07T18:14:52+00:00","description":"L\u00e0m th\u1ebf n\u00e0o \u0111\u1ec3 \u0111\u0103ng k\u00fd t\u00e0i kho\u1ea3n t\u1ea1i 22Bet v\u00e0 nh\u1eadn ti\u1ec1n th\u01b0\u1edfng ch\u00e0o m\u1eebng? H\u01b0\u1edbng d\u1eabn chi ti\u1ebft t\u1eebng b\u01b0\u1edbc: \u0111\u0103ng k\u00fd nhanh qua s\u1ed1 \u0111i\u1ec7n tho\u1ea1i, m\u1ea1ng x\u00e3 h\u1ed9i ho\u1eb7c email. \u0110\u0103ng nh\u1eadp v\u00e0o t\u00e0i kho\u1ea3n c\u00e1 nh\u00e2n, x\u00e1c minh t\u00e0i kho\u1ea3n v\u00e0 c\u00e1c \u0111i\u1ec1u kho\u1ea3n v\u00e0 \u0111i\u1ec1u ki\u1ec7n nh\u1eadn ti\u1ec1n th\u01b0\u1edfng N\u0103m hi\u1ec7n t\u1ea1i.","breadcrumb":{"@id":"https:\/\/22bet.team\/vi\/registration\/#breadcrumb"},"inLanguage":"vi","potentialAction":[{"@type":"ReadAction","target":["https:\/\/22bet.team\/vi\/registration\/"]}]},{"@type":"BreadcrumbList","@id":"https:\/\/22bet.team\/vi\/registration\/#breadcrumb","itemListElement":[{"@type":"ListItem","position":1,"name":"Home","item":"https:\/\/22bet.team\/vi\/"},{"@type":"ListItem","position":2,"name":"\u0110\u0103ng k\u00fd"}]},{"@type":"WebSite","@id":"https:\/\/22bet.team\/vi\/#website","url":"https:\/\/22bet.team\/vi\/","name":"22Bet Team vi","description":"","potentialAction":[{"@type":"SearchAction","target":{"@type":"EntryPoint","urlTemplate":"https:\/\/22bet.team\/vi\/?s={search_term_string}"},"query-input":{"@type":"PropertyValueSpecification","valueRequired":true,"valueName":"search_term_string"}}],"inLanguage":"vi"}]}},"_links":{"self":[{"href":"https:\/\/22bet.team\/vi\/wp-json\/wp\/v2\/pages\/1094","targetHints":{"allow":["GET"]}}],"collection":[{"href":"https:\/\/22bet.team\/vi\/wp-json\/wp\/v2\/pages"}],"about":[{"href":"https:\/\/22bet.team\/vi\/wp-json\/wp\/v2\/types\/page"}],"author":[{"embeddable":true,"href":"https:\/\/22bet.team\/vi\/wp-json\/wp\/v2\/users\/1"}],"replies":[{"embeddable":true,"href":"https:\/\/22bet.team\/vi\/wp-json\/wp\/v2\/comments?post=1094"}],"version-history":[{"count":5,"href":"https:\/\/22bet.team\/vi\/wp-json\/wp\/v2\/pages\/1094\/revisions"}],"predecessor-version":[{"id":1258,"href":"https:\/\/22bet.team\/vi\/wp-json\/wp\/v2\/pages\/1094\/revisions\/1258"}],"wp:attachment":[{"href":"https:\/\/22bet.team\/vi\/wp-json\/wp\/v2\/media?parent=1094"}],"curies":[{"name":"wp","href":"https:\/\/api.w.org\/{rel}","templated":true}]}}