{"id":1122,"date":"2025-12-03T16:37:12","date_gmt":"2025-12-03T13:37:12","guid":{"rendered":"https:\/\/22bet.team\/vi\/?page_id=1122"},"modified":"2026-04-07T14:00:49","modified_gmt":"2026-04-07T11:00:49","slug":"affiliate","status":"publish","type":"page","link":"https:\/\/22bet.team\/vi\/affiliate\/","title":{"rendered":"\u0110\u1ed1i t\u00e1c li\u00ean k\u1ebft"},"content":{"rendered":"","protected":false},"excerpt":{"rendered":"","protected":false},"author":1,"featured_media":0,"parent":0,"menu_order":0,"comment_status":"closed","ping_status":"closed","template":"","meta":{"_acf_changed":false,"footnotes":""},"class_list":["post-1122","page","type-page","status-publish","hentry"],"acf":[],"yoast_head":"<!-- This site is optimized with the Yoast SEO plugin v26.1.1 - https:\/\/yoast.com\/wordpress\/plugins\/seo\/ -->\n<title>Ch\u01b0\u01a1ng tr\u00ecnh li\u00ean k\u1ebft 22Bet \u1409 Ki\u1ebfm t\u1edbi 50% hoa h\u1ed3ng<\/title>\n<meta name=\"description\" content=\"H\u00e3y tr\u1edf th\u00e0nh \u0111\u1ed1i t\u00e1c c\u1ee7a 22Bet v\u00e0 nh\u1eadn t\u1edbi 50% hoa h\u1ed3ng chia s\u1ebb doanh thu (RevShare) ho\u1eb7c m\u1ee9c hoa h\u1ed3ng CPA h\u1ea5p d\u1eabn. Ch\u01b0\u01a1ng tr\u00ecnh li\u00ean k\u1ebft ch\u00ednh th\u1ee9c c\u1ee7a 22Bet: thanh to\u00e1n h\u00e0ng th\u00e1ng t\u1eeb 3 100 000 VND, \u0111i\u1ec1u kho\u1ea3n t\u00f9y ch\u1ec9nh. \u0110\u0103ng k\u00fd ngay!\" \/>\n<meta name=\"robots\" content=\"index, follow, max-snippet:-1, max-image-preview:large, max-video-preview:-1\" \/>\n<link rel=\"canonical\" href=\"https:\/\/22bet.team\/vi\/affiliate\/\" \/>\n<meta property=\"og:locale\" content=\"vi_VN\" \/>\n<meta property=\"og:type\" content=\"article\" \/>\n<meta property=\"og:title\" content=\"Ch\u01b0\u01a1ng tr\u00ecnh li\u00ean k\u1ebft 22Bet \u1409 Ki\u1ebfm t\u1edbi 50% hoa h\u1ed3ng\" \/>\n<meta property=\"og:description\" content=\"H\u00e3y tr\u1edf th\u00e0nh \u0111\u1ed1i t\u00e1c c\u1ee7a 22Bet v\u00e0 nh\u1eadn t\u1edbi 50% hoa h\u1ed3ng chia s\u1ebb doanh thu (RevShare) ho\u1eb7c m\u1ee9c hoa h\u1ed3ng CPA h\u1ea5p d\u1eabn. Ch\u01b0\u01a1ng tr\u00ecnh li\u00ean k\u1ebft ch\u00ednh th\u1ee9c c\u1ee7a 22Bet: thanh to\u00e1n h\u00e0ng th\u00e1ng t\u1eeb 3 100 000 VND, \u0111i\u1ec1u kho\u1ea3n t\u00f9y ch\u1ec9nh. \u0110\u0103ng k\u00fd ngay!\" \/>\n<meta property=\"og:url\" content=\"https:\/\/22bet.team\/vi\/affiliate\/\" \/>\n<meta property=\"og:site_name\" content=\"22Bet Team vi\" \/>\n<meta property=\"article:modified_time\" content=\"2026-04-07T11:00:49+00:00\" \/>\n<meta name=\"twitter:card\" content=\"summary_large_image\" \/>\n<script type=\"application\/ld+json\" class=\"yoast-schema-graph\">{\"@context\":\"https:\/\/schema.org\",\"@graph\":[{\"@type\":\"WebPage\",\"@id\":\"https:\/\/22bet.team\/vi\/affiliate\/\",\"url\":\"https:\/\/22bet.team\/vi\/affiliate\/\",\"name\":\"Ch\u01b0\u01a1ng tr\u00ecnh li\u00ean k\u1ebft 22Bet \u1409 Ki\u1ebfm t\u1edbi 50% hoa h\u1ed3ng\",\"isPartOf\":{\"@id\":\"https:\/\/22bet.team\/vi\/#website\"},\"datePublished\":\"2025-12-03T13:37:12+00:00\",\"dateModified\":\"2026-04-07T11:00:49+00:00\",\"description\":\"H\u00e3y tr\u1edf th\u00e0nh \u0111\u1ed1i t\u00e1c c\u1ee7a 22Bet v\u00e0 nh\u1eadn t\u1edbi 50% hoa h\u1ed3ng chia s\u1ebb doanh thu (RevShare) ho\u1eb7c m\u1ee9c hoa h\u1ed3ng CPA h\u1ea5p d\u1eabn. Ch\u01b0\u01a1ng tr\u00ecnh li\u00ean k\u1ebft ch\u00ednh th\u1ee9c c\u1ee7a 22Bet: thanh to\u00e1n h\u00e0ng th\u00e1ng t\u1eeb 3 100 000 VND, \u0111i\u1ec1u kho\u1ea3n t\u00f9y ch\u1ec9nh. \u0110\u0103ng k\u00fd ngay!\",\"breadcrumb\":{\"@id\":\"https:\/\/22bet.team\/vi\/affiliate\/#breadcrumb\"},\"inLanguage\":\"vi\",\"potentialAction\":[{\"@type\":\"ReadAction\",\"target\":[\"https:\/\/22bet.team\/vi\/affiliate\/\"]}]},{\"@type\":\"BreadcrumbList\",\"@id\":\"https:\/\/22bet.team\/vi\/affiliate\/#breadcrumb\",\"itemListElement\":[{\"@type\":\"ListItem\",\"position\":1,\"name\":\"Home\",\"item\":\"https:\/\/22bet.team\/vi\/\"},{\"@type\":\"ListItem\",\"position\":2,\"name\":\"\u0110\u1ed1i t\u00e1c li\u00ean k\u1ebft\"}]},{\"@type\":\"WebSite\",\"@id\":\"https:\/\/22bet.team\/vi\/#website\",\"url\":\"https:\/\/22bet.team\/vi\/\",\"name\":\"22Bet Team vi\",\"description\":\"\",\"potentialAction\":[{\"@type\":\"SearchAction\",\"target\":{\"@type\":\"EntryPoint\",\"urlTemplate\":\"https:\/\/22bet.team\/vi\/?s={search_term_string}\"},\"query-input\":{\"@type\":\"PropertyValueSpecification\",\"valueRequired\":true,\"valueName\":\"search_term_string\"}}],\"inLanguage\":\"vi\"}]}<\/script>\n<!-- \/ Yoast SEO plugin. -->","yoast_head_json":{"title":"Ch\u01b0\u01a1ng tr\u00ecnh li\u00ean k\u1ebft 22Bet \u1409 Ki\u1ebfm t\u1edbi 50% hoa h\u1ed3ng","description":"H\u00e3y tr\u1edf th\u00e0nh \u0111\u1ed1i t\u00e1c c\u1ee7a 22Bet v\u00e0 nh\u1eadn t\u1edbi 50% hoa h\u1ed3ng chia s\u1ebb doanh thu (RevShare) ho\u1eb7c m\u1ee9c hoa h\u1ed3ng CPA h\u1ea5p d\u1eabn. Ch\u01b0\u01a1ng tr\u00ecnh li\u00ean k\u1ebft ch\u00ednh th\u1ee9c c\u1ee7a 22Bet: thanh to\u00e1n h\u00e0ng th\u00e1ng t\u1eeb 3 100 000 VND, \u0111i\u1ec1u kho\u1ea3n t\u00f9y ch\u1ec9nh. \u0110\u0103ng k\u00fd ngay!","robots":{"index":"index","follow":"follow","max-snippet":"max-snippet:-1","max-image-preview":"max-image-preview:large","max-video-preview":"max-video-preview:-1"},"canonical":"https:\/\/22bet.team\/vi\/affiliate\/","og_locale":"vi_VN","og_type":"article","og_title":"Ch\u01b0\u01a1ng tr\u00ecnh li\u00ean k\u1ebft 22Bet \u1409 Ki\u1ebfm t\u1edbi 50% hoa h\u1ed3ng","og_description":"H\u00e3y tr\u1edf th\u00e0nh \u0111\u1ed1i t\u00e1c c\u1ee7a 22Bet v\u00e0 nh\u1eadn t\u1edbi 50% hoa h\u1ed3ng chia s\u1ebb doanh thu (RevShare) ho\u1eb7c m\u1ee9c hoa h\u1ed3ng CPA h\u1ea5p d\u1eabn. Ch\u01b0\u01a1ng tr\u00ecnh li\u00ean k\u1ebft ch\u00ednh th\u1ee9c c\u1ee7a 22Bet: thanh to\u00e1n h\u00e0ng th\u00e1ng t\u1eeb 3 100 000 VND, \u0111i\u1ec1u kho\u1ea3n t\u00f9y ch\u1ec9nh. \u0110\u0103ng k\u00fd ngay!","og_url":"https:\/\/22bet.team\/vi\/affiliate\/","og_site_name":"22Bet Team vi","article_modified_time":"2026-04-07T11:00:49+00:00","twitter_card":"summary_large_image","schema":{"@context":"https:\/\/schema.org","@graph":[{"@type":"WebPage","@id":"https:\/\/22bet.team\/vi\/affiliate\/","url":"https:\/\/22bet.team\/vi\/affiliate\/","name":"Ch\u01b0\u01a1ng tr\u00ecnh li\u00ean k\u1ebft 22Bet \u1409 Ki\u1ebfm t\u1edbi 50% hoa h\u1ed3ng","isPartOf":{"@id":"https:\/\/22bet.team\/vi\/#website"},"datePublished":"2025-12-03T13:37:12+00:00","dateModified":"2026-04-07T11:00:49+00:00","description":"H\u00e3y tr\u1edf th\u00e0nh \u0111\u1ed1i t\u00e1c c\u1ee7a 22Bet v\u00e0 nh\u1eadn t\u1edbi 50% hoa h\u1ed3ng chia s\u1ebb doanh thu (RevShare) ho\u1eb7c m\u1ee9c hoa h\u1ed3ng CPA h\u1ea5p d\u1eabn. Ch\u01b0\u01a1ng tr\u00ecnh li\u00ean k\u1ebft ch\u00ednh th\u1ee9c c\u1ee7a 22Bet: thanh to\u00e1n h\u00e0ng th\u00e1ng t\u1eeb 3 100 000 VND, \u0111i\u1ec1u kho\u1ea3n t\u00f9y ch\u1ec9nh. \u0110\u0103ng k\u00fd ngay!","breadcrumb":{"@id":"https:\/\/22bet.team\/vi\/affiliate\/#breadcrumb"},"inLanguage":"vi","potentialAction":[{"@type":"ReadAction","target":["https:\/\/22bet.team\/vi\/affiliate\/"]}]},{"@type":"BreadcrumbList","@id":"https:\/\/22bet.team\/vi\/affiliate\/#breadcrumb","itemListElement":[{"@type":"ListItem","position":1,"name":"Home","item":"https:\/\/22bet.team\/vi\/"},{"@type":"ListItem","position":2,"name":"\u0110\u1ed1i t\u00e1c li\u00ean k\u1ebft"}]},{"@type":"WebSite","@id":"https:\/\/22bet.team\/vi\/#website","url":"https:\/\/22bet.team\/vi\/","name":"22Bet Team vi","description":"","potentialAction":[{"@type":"SearchAction","target":{"@type":"EntryPoint","urlTemplate":"https:\/\/22bet.team\/vi\/?s={search_term_string}"},"query-input":{"@type":"PropertyValueSpecification","valueRequired":true,"valueName":"search_term_string"}}],"inLanguage":"vi"}]}},"_links":{"self":[{"href":"https:\/\/22bet.team\/vi\/wp-json\/wp\/v2\/pages\/1122","targetHints":{"allow":["GET"]}}],"collection":[{"href":"https:\/\/22bet.team\/vi\/wp-json\/wp\/v2\/pages"}],"about":[{"href":"https:\/\/22bet.team\/vi\/wp-json\/wp\/v2\/types\/page"}],"author":[{"embeddable":true,"href":"https:\/\/22bet.team\/vi\/wp-json\/wp\/v2\/users\/1"}],"replies":[{"embeddable":true,"href":"https:\/\/22bet.team\/vi\/wp-json\/wp\/v2\/comments?post=1122"}],"version-history":[{"count":5,"href":"https:\/\/22bet.team\/vi\/wp-json\/wp\/v2\/pages\/1122\/revisions"}],"predecessor-version":[{"id":1235,"href":"https:\/\/22bet.team\/vi\/wp-json\/wp\/v2\/pages\/1122\/revisions\/1235"}],"wp:attachment":[{"href":"https:\/\/22bet.team\/vi\/wp-json\/wp\/v2\/media?parent=1122"}],"curies":[{"name":"wp","href":"https:\/\/api.w.org\/{rel}","templated":true}]}}