{"id":1169,"date":"2026-01-28T17:52:34","date_gmt":"2026-01-28T14:52:34","guid":{"rendered":"https:\/\/22bet.team\/vi\/?page_id=1169"},"modified":"2026-04-07T17:45:22","modified_gmt":"2026-04-07T14:45:22","slug":"football","status":"publish","type":"page","link":"https:\/\/22bet.team\/vi\/football\/","title":{"rendered":"B\u00f3ng \u0111\u00e1"},"content":{"rendered":"","protected":false},"excerpt":{"rendered":"","protected":false},"author":1,"featured_media":0,"parent":0,"menu_order":0,"comment_status":"closed","ping_status":"closed","template":"","meta":{"_acf_changed":false,"footnotes":""},"class_list":["post-1169","page","type-page","status-publish","hentry"],"acf":[],"yoast_head":"<!-- This site is optimized with the Yoast SEO plugin v26.1.1 - https:\/\/yoast.com\/wordpress\/plugins\/seo\/ -->\n<title>C\u00e1 c\u01b0\u1ee3c b\u00f3ng \u0111\u00e1 22Bet \u1409 T\u1ef7 l\u1ec7 c\u01b0\u1ee3c v\u00e0 khuy\u1ebfn m\u00e3i t\u1ed1t nh\u1ea5t<\/title>\n<meta name=\"description\" content=\"C\u00e1 c\u01b0\u1ee3c b\u00f3ng \u0111\u00e1 c\u00f9ng 22Bet! Ch\u00fang t\u00f4i mang \u0111\u1ebfn t\u1ef7 l\u1ec7 c\u01b0\u1ee3c h\u1ea5p d\u1eabn nh\u1ea5t, \u0111a d\u1ea1ng c\u00e1c tr\u1eadn \u0111\u1ea5u v\u00e0 ph\u1ea7n th\u01b0\u1edfng h\u1eadu h\u0129nh d\u00e0nh cho ng\u01b0\u1eddi ch\u01a1i m\u1edbi. H\u00e3y b\u1eaft \u0111\u1ea7u gi\u00e0nh chi\u1ebfn th\u1eafng ngay h\u00f4m nay!\" \/>\n<meta name=\"robots\" content=\"index, follow, max-snippet:-1, max-image-preview:large, max-video-preview:-1\" \/>\n<link rel=\"canonical\" href=\"https:\/\/22bet.team\/vi\/football\/\" \/>\n<meta property=\"og:locale\" content=\"vi_VN\" \/>\n<meta property=\"og:type\" content=\"article\" \/>\n<meta property=\"og:title\" content=\"C\u00e1 c\u01b0\u1ee3c b\u00f3ng \u0111\u00e1 22Bet \u1409 T\u1ef7 l\u1ec7 c\u01b0\u1ee3c v\u00e0 khuy\u1ebfn m\u00e3i t\u1ed1t nh\u1ea5t\" \/>\n<meta property=\"og:description\" content=\"C\u00e1 c\u01b0\u1ee3c b\u00f3ng \u0111\u00e1 c\u00f9ng 22Bet! Ch\u00fang t\u00f4i mang \u0111\u1ebfn t\u1ef7 l\u1ec7 c\u01b0\u1ee3c h\u1ea5p d\u1eabn nh\u1ea5t, \u0111a d\u1ea1ng c\u00e1c tr\u1eadn \u0111\u1ea5u v\u00e0 ph\u1ea7n th\u01b0\u1edfng h\u1eadu h\u0129nh d\u00e0nh cho ng\u01b0\u1eddi ch\u01a1i m\u1edbi. H\u00e3y b\u1eaft \u0111\u1ea7u gi\u00e0nh chi\u1ebfn th\u1eafng ngay h\u00f4m nay!\" \/>\n<meta property=\"og:url\" content=\"https:\/\/22bet.team\/vi\/football\/\" \/>\n<meta property=\"og:site_name\" content=\"22Bet Team vi\" \/>\n<meta property=\"article:modified_time\" content=\"2026-04-07T14:45:22+00:00\" \/>\n<meta name=\"twitter:card\" content=\"summary_large_image\" \/>\n<script type=\"application\/ld+json\" class=\"yoast-schema-graph\">{\"@context\":\"https:\/\/schema.org\",\"@graph\":[{\"@type\":\"WebPage\",\"@id\":\"https:\/\/22bet.team\/vi\/football\/\",\"url\":\"https:\/\/22bet.team\/vi\/football\/\",\"name\":\"C\u00e1 c\u01b0\u1ee3c b\u00f3ng \u0111\u00e1 22Bet \u1409 T\u1ef7 l\u1ec7 c\u01b0\u1ee3c v\u00e0 khuy\u1ebfn m\u00e3i t\u1ed1t nh\u1ea5t\",\"isPartOf\":{\"@id\":\"https:\/\/22bet.team\/vi\/#website\"},\"datePublished\":\"2026-01-28T14:52:34+00:00\",\"dateModified\":\"2026-04-07T14:45:22+00:00\",\"description\":\"C\u00e1 c\u01b0\u1ee3c b\u00f3ng \u0111\u00e1 c\u00f9ng 22Bet! Ch\u00fang t\u00f4i mang \u0111\u1ebfn t\u1ef7 l\u1ec7 c\u01b0\u1ee3c h\u1ea5p d\u1eabn nh\u1ea5t, \u0111a d\u1ea1ng c\u00e1c tr\u1eadn \u0111\u1ea5u v\u00e0 ph\u1ea7n th\u01b0\u1edfng h\u1eadu h\u0129nh d\u00e0nh cho ng\u01b0\u1eddi ch\u01a1i m\u1edbi. H\u00e3y b\u1eaft \u0111\u1ea7u gi\u00e0nh chi\u1ebfn th\u1eafng ngay h\u00f4m nay!\",\"breadcrumb\":{\"@id\":\"https:\/\/22bet.team\/vi\/football\/#breadcrumb\"},\"inLanguage\":\"vi\",\"potentialAction\":[{\"@type\":\"ReadAction\",\"target\":[\"https:\/\/22bet.team\/vi\/football\/\"]}]},{\"@type\":\"BreadcrumbList\",\"@id\":\"https:\/\/22bet.team\/vi\/football\/#breadcrumb\",\"itemListElement\":[{\"@type\":\"ListItem\",\"position\":1,\"name\":\"Home\",\"item\":\"https:\/\/22bet.team\/vi\/\"},{\"@type\":\"ListItem\",\"position\":2,\"name\":\"B\u00f3ng \u0111\u00e1\"}]},{\"@type\":\"WebSite\",\"@id\":\"https:\/\/22bet.team\/vi\/#website\",\"url\":\"https:\/\/22bet.team\/vi\/\",\"name\":\"22Bet Team vi\",\"description\":\"\",\"potentialAction\":[{\"@type\":\"SearchAction\",\"target\":{\"@type\":\"EntryPoint\",\"urlTemplate\":\"https:\/\/22bet.team\/vi\/?s={search_term_string}\"},\"query-input\":{\"@type\":\"PropertyValueSpecification\",\"valueRequired\":true,\"valueName\":\"search_term_string\"}}],\"inLanguage\":\"vi\"}]}<\/script>\n<!-- \/ Yoast SEO plugin. -->","yoast_head_json":{"title":"C\u00e1 c\u01b0\u1ee3c b\u00f3ng \u0111\u00e1 22Bet \u1409 T\u1ef7 l\u1ec7 c\u01b0\u1ee3c v\u00e0 khuy\u1ebfn m\u00e3i t\u1ed1t nh\u1ea5t","description":"C\u00e1 c\u01b0\u1ee3c b\u00f3ng \u0111\u00e1 c\u00f9ng 22Bet! Ch\u00fang t\u00f4i mang \u0111\u1ebfn t\u1ef7 l\u1ec7 c\u01b0\u1ee3c h\u1ea5p d\u1eabn nh\u1ea5t, \u0111a d\u1ea1ng c\u00e1c tr\u1eadn \u0111\u1ea5u v\u00e0 ph\u1ea7n th\u01b0\u1edfng h\u1eadu h\u0129nh d\u00e0nh cho ng\u01b0\u1eddi ch\u01a1i m\u1edbi. H\u00e3y b\u1eaft \u0111\u1ea7u gi\u00e0nh chi\u1ebfn th\u1eafng ngay h\u00f4m nay!","robots":{"index":"index","follow":"follow","max-snippet":"max-snippet:-1","max-image-preview":"max-image-preview:large","max-video-preview":"max-video-preview:-1"},"canonical":"https:\/\/22bet.team\/vi\/football\/","og_locale":"vi_VN","og_type":"article","og_title":"C\u00e1 c\u01b0\u1ee3c b\u00f3ng \u0111\u00e1 22Bet \u1409 T\u1ef7 l\u1ec7 c\u01b0\u1ee3c v\u00e0 khuy\u1ebfn m\u00e3i t\u1ed1t nh\u1ea5t","og_description":"C\u00e1 c\u01b0\u1ee3c b\u00f3ng \u0111\u00e1 c\u00f9ng 22Bet! Ch\u00fang t\u00f4i mang \u0111\u1ebfn t\u1ef7 l\u1ec7 c\u01b0\u1ee3c h\u1ea5p d\u1eabn nh\u1ea5t, \u0111a d\u1ea1ng c\u00e1c tr\u1eadn \u0111\u1ea5u v\u00e0 ph\u1ea7n th\u01b0\u1edfng h\u1eadu h\u0129nh d\u00e0nh cho ng\u01b0\u1eddi ch\u01a1i m\u1edbi. H\u00e3y b\u1eaft \u0111\u1ea7u gi\u00e0nh chi\u1ebfn th\u1eafng ngay h\u00f4m nay!","og_url":"https:\/\/22bet.team\/vi\/football\/","og_site_name":"22Bet Team vi","article_modified_time":"2026-04-07T14:45:22+00:00","twitter_card":"summary_large_image","schema":{"@context":"https:\/\/schema.org","@graph":[{"@type":"WebPage","@id":"https:\/\/22bet.team\/vi\/football\/","url":"https:\/\/22bet.team\/vi\/football\/","name":"C\u00e1 c\u01b0\u1ee3c b\u00f3ng \u0111\u00e1 22Bet \u1409 T\u1ef7 l\u1ec7 c\u01b0\u1ee3c v\u00e0 khuy\u1ebfn m\u00e3i t\u1ed1t nh\u1ea5t","isPartOf":{"@id":"https:\/\/22bet.team\/vi\/#website"},"datePublished":"2026-01-28T14:52:34+00:00","dateModified":"2026-04-07T14:45:22+00:00","description":"C\u00e1 c\u01b0\u1ee3c b\u00f3ng \u0111\u00e1 c\u00f9ng 22Bet! Ch\u00fang t\u00f4i mang \u0111\u1ebfn t\u1ef7 l\u1ec7 c\u01b0\u1ee3c h\u1ea5p d\u1eabn nh\u1ea5t, \u0111a d\u1ea1ng c\u00e1c tr\u1eadn \u0111\u1ea5u v\u00e0 ph\u1ea7n th\u01b0\u1edfng h\u1eadu h\u0129nh d\u00e0nh cho ng\u01b0\u1eddi ch\u01a1i m\u1edbi. H\u00e3y b\u1eaft \u0111\u1ea7u gi\u00e0nh chi\u1ebfn th\u1eafng ngay h\u00f4m nay!","breadcrumb":{"@id":"https:\/\/22bet.team\/vi\/football\/#breadcrumb"},"inLanguage":"vi","potentialAction":[{"@type":"ReadAction","target":["https:\/\/22bet.team\/vi\/football\/"]}]},{"@type":"BreadcrumbList","@id":"https:\/\/22bet.team\/vi\/football\/#breadcrumb","itemListElement":[{"@type":"ListItem","position":1,"name":"Home","item":"https:\/\/22bet.team\/vi\/"},{"@type":"ListItem","position":2,"name":"B\u00f3ng \u0111\u00e1"}]},{"@type":"WebSite","@id":"https:\/\/22bet.team\/vi\/#website","url":"https:\/\/22bet.team\/vi\/","name":"22Bet Team vi","description":"","potentialAction":[{"@type":"SearchAction","target":{"@type":"EntryPoint","urlTemplate":"https:\/\/22bet.team\/vi\/?s={search_term_string}"},"query-input":{"@type":"PropertyValueSpecification","valueRequired":true,"valueName":"search_term_string"}}],"inLanguage":"vi"}]}},"_links":{"self":[{"href":"https:\/\/22bet.team\/vi\/wp-json\/wp\/v2\/pages\/1169","targetHints":{"allow":["GET"]}}],"collection":[{"href":"https:\/\/22bet.team\/vi\/wp-json\/wp\/v2\/pages"}],"about":[{"href":"https:\/\/22bet.team\/vi\/wp-json\/wp\/v2\/types\/page"}],"author":[{"embeddable":true,"href":"https:\/\/22bet.team\/vi\/wp-json\/wp\/v2\/users\/1"}],"replies":[{"embeddable":true,"href":"https:\/\/22bet.team\/vi\/wp-json\/wp\/v2\/comments?post=1169"}],"version-history":[{"count":5,"href":"https:\/\/22bet.team\/vi\/wp-json\/wp\/v2\/pages\/1169\/revisions"}],"predecessor-version":[{"id":1249,"href":"https:\/\/22bet.team\/vi\/wp-json\/wp\/v2\/pages\/1169\/revisions\/1249"}],"wp:attachment":[{"href":"https:\/\/22bet.team\/vi\/wp-json\/wp\/v2\/media?parent=1169"}],"curies":[{"name":"wp","href":"https:\/\/api.w.org\/{rel}","templated":true}]}}