{"id":1173,"date":"2026-01-28T18:10:39","date_gmt":"2026-01-28T15:10:39","guid":{"rendered":"https:\/\/22bet.team\/vi\/?page_id=1173"},"modified":"2026-04-07T21:29:01","modified_gmt":"2026-04-07T18:29:01","slug":"volleyball","status":"publish","type":"page","link":"https:\/\/22bet.team\/vi\/volleyball\/","title":{"rendered":"B\u00f3ng chuy\u1ec1n"},"content":{"rendered":"","protected":false},"excerpt":{"rendered":"","protected":false},"author":1,"featured_media":0,"parent":0,"menu_order":0,"comment_status":"closed","ping_status":"closed","template":"","meta":{"_acf_changed":false,"footnotes":""},"class_list":["post-1173","page","type-page","status-publish","hentry"],"acf":[],"yoast_head":"<!-- This site is optimized with the Yoast SEO plugin v26.1.1 - https:\/\/yoast.com\/wordpress\/plugins\/seo\/ -->\n<title>C\u00e1 c\u01b0\u1ee3c b\u00f3ng chuy\u1ec1n t\u1ea1i 22Bet \u1409 T\u1ef7 l\u1ec7 c\u01b0\u1ee3c cao v\u00e0 c\u00e1c ch\u01b0\u01a1ng tr\u00ecnh khuy\u1ebfn m\u00e3i \u0111\u1ed9c \u0111\u00e1o<\/title>\n<meta name=\"description\" content=\"C\u01b0\u1ee3c b\u00f3ng chuy\u1ec1n c\u00f9ng 22Bet! T\u1ef7 l\u1ec7 c\u01b0\u1ee3c cao, \u0111a d\u1ea1ng c\u00e1c gi\u1ea3i \u0111\u1ea5u v\u00e0 gi\u1ea3i v\u00f4 \u0111\u1ecbch, c\u00f9ng v\u1edbi c\u00e1c ch\u01b0\u01a1ng tr\u00ecnh khuy\u1ebfn m\u00e3i \u0111\u1ed9c \u0111\u00e1o s\u1ebd mang \u0111\u1ebfn cho b\u1ea1n tr\u1ea3i nghi\u1ec7m c\u00e1 c\u01b0\u1ee3c \u0111\u1ea7y h\u1ee9ng kh\u1edfi. H\u00e3y tham gia c\u00f9ng ch\u00fang t\u00f4i v\u00e0 b\u1eaft \u0111\u1ea7u gi\u00e0nh chi\u1ebfn th\u1eafng ngay h\u00f4m nay!\" \/>\n<meta name=\"robots\" content=\"index, follow, max-snippet:-1, max-image-preview:large, max-video-preview:-1\" \/>\n<link rel=\"canonical\" href=\"http:\/\/22bet.team\/vi\/volleyball\/\" \/>\n<meta property=\"og:locale\" content=\"vi_VN\" \/>\n<meta property=\"og:type\" content=\"article\" \/>\n<meta property=\"og:title\" content=\"C\u00e1 c\u01b0\u1ee3c b\u00f3ng chuy\u1ec1n t\u1ea1i 22Bet \u1409 T\u1ef7 l\u1ec7 c\u01b0\u1ee3c cao v\u00e0 c\u00e1c ch\u01b0\u01a1ng tr\u00ecnh khuy\u1ebfn m\u00e3i \u0111\u1ed9c \u0111\u00e1o\" \/>\n<meta property=\"og:description\" content=\"C\u01b0\u1ee3c b\u00f3ng chuy\u1ec1n c\u00f9ng 22Bet! T\u1ef7 l\u1ec7 c\u01b0\u1ee3c cao, \u0111a d\u1ea1ng c\u00e1c gi\u1ea3i \u0111\u1ea5u v\u00e0 gi\u1ea3i v\u00f4 \u0111\u1ecbch, c\u00f9ng v\u1edbi c\u00e1c ch\u01b0\u01a1ng tr\u00ecnh khuy\u1ebfn m\u00e3i \u0111\u1ed9c \u0111\u00e1o s\u1ebd mang \u0111\u1ebfn cho b\u1ea1n tr\u1ea3i nghi\u1ec7m c\u00e1 c\u01b0\u1ee3c \u0111\u1ea7y h\u1ee9ng kh\u1edfi. H\u00e3y tham gia c\u00f9ng ch\u00fang t\u00f4i v\u00e0 b\u1eaft \u0111\u1ea7u gi\u00e0nh chi\u1ebfn th\u1eafng ngay h\u00f4m nay!\" \/>\n<meta property=\"og:url\" content=\"http:\/\/22bet.team\/vi\/volleyball\/\" \/>\n<meta property=\"og:site_name\" content=\"22Bet Team vi\" \/>\n<meta property=\"article:modified_time\" content=\"2026-04-07T18:29:01+00:00\" \/>\n<meta name=\"twitter:card\" content=\"summary_large_image\" \/>\n<script type=\"application\/ld+json\" class=\"yoast-schema-graph\">{\"@context\":\"https:\/\/schema.org\",\"@graph\":[{\"@type\":\"WebPage\",\"@id\":\"http:\/\/22bet.team\/vi\/volleyball\/\",\"url\":\"http:\/\/22bet.team\/vi\/volleyball\/\",\"name\":\"C\u00e1 c\u01b0\u1ee3c b\u00f3ng chuy\u1ec1n t\u1ea1i 22Bet \u1409 T\u1ef7 l\u1ec7 c\u01b0\u1ee3c cao v\u00e0 c\u00e1c ch\u01b0\u01a1ng tr\u00ecnh khuy\u1ebfn m\u00e3i \u0111\u1ed9c \u0111\u00e1o\",\"isPartOf\":{\"@id\":\"https:\/\/22bet.team\/vi\/#website\"},\"datePublished\":\"2026-01-28T15:10:39+00:00\",\"dateModified\":\"2026-04-07T18:29:01+00:00\",\"description\":\"C\u01b0\u1ee3c b\u00f3ng chuy\u1ec1n c\u00f9ng 22Bet! T\u1ef7 l\u1ec7 c\u01b0\u1ee3c cao, \u0111a d\u1ea1ng c\u00e1c gi\u1ea3i \u0111\u1ea5u v\u00e0 gi\u1ea3i v\u00f4 \u0111\u1ecbch, c\u00f9ng v\u1edbi c\u00e1c ch\u01b0\u01a1ng tr\u00ecnh khuy\u1ebfn m\u00e3i \u0111\u1ed9c \u0111\u00e1o s\u1ebd mang \u0111\u1ebfn cho b\u1ea1n tr\u1ea3i nghi\u1ec7m c\u00e1 c\u01b0\u1ee3c \u0111\u1ea7y h\u1ee9ng kh\u1edfi. H\u00e3y tham gia c\u00f9ng ch\u00fang t\u00f4i v\u00e0 b\u1eaft \u0111\u1ea7u gi\u00e0nh chi\u1ebfn th\u1eafng ngay h\u00f4m nay!\",\"breadcrumb\":{\"@id\":\"http:\/\/22bet.team\/vi\/volleyball\/#breadcrumb\"},\"inLanguage\":\"vi\",\"potentialAction\":[{\"@type\":\"ReadAction\",\"target\":[\"http:\/\/22bet.team\/vi\/volleyball\/\"]}]},{\"@type\":\"BreadcrumbList\",\"@id\":\"http:\/\/22bet.team\/vi\/volleyball\/#breadcrumb\",\"itemListElement\":[{\"@type\":\"ListItem\",\"position\":1,\"name\":\"Home\",\"item\":\"https:\/\/22bet.team\/vi\/\"},{\"@type\":\"ListItem\",\"position\":2,\"name\":\"B\u00f3ng chuy\u1ec1n\"}]},{\"@type\":\"WebSite\",\"@id\":\"https:\/\/22bet.team\/vi\/#website\",\"url\":\"https:\/\/22bet.team\/vi\/\",\"name\":\"22Bet Team vi\",\"description\":\"\",\"potentialAction\":[{\"@type\":\"SearchAction\",\"target\":{\"@type\":\"EntryPoint\",\"urlTemplate\":\"https:\/\/22bet.team\/vi\/?s={search_term_string}\"},\"query-input\":{\"@type\":\"PropertyValueSpecification\",\"valueRequired\":true,\"valueName\":\"search_term_string\"}}],\"inLanguage\":\"vi\"}]}<\/script>\n<!-- \/ Yoast SEO plugin. -->","yoast_head_json":{"title":"C\u00e1 c\u01b0\u1ee3c b\u00f3ng chuy\u1ec1n t\u1ea1i 22Bet \u1409 T\u1ef7 l\u1ec7 c\u01b0\u1ee3c cao v\u00e0 c\u00e1c ch\u01b0\u01a1ng tr\u00ecnh khuy\u1ebfn m\u00e3i \u0111\u1ed9c \u0111\u00e1o","description":"C\u01b0\u1ee3c b\u00f3ng chuy\u1ec1n c\u00f9ng 22Bet! T\u1ef7 l\u1ec7 c\u01b0\u1ee3c cao, \u0111a d\u1ea1ng c\u00e1c gi\u1ea3i \u0111\u1ea5u v\u00e0 gi\u1ea3i v\u00f4 \u0111\u1ecbch, c\u00f9ng v\u1edbi c\u00e1c ch\u01b0\u01a1ng tr\u00ecnh khuy\u1ebfn m\u00e3i \u0111\u1ed9c \u0111\u00e1o s\u1ebd mang \u0111\u1ebfn cho b\u1ea1n tr\u1ea3i nghi\u1ec7m c\u00e1 c\u01b0\u1ee3c \u0111\u1ea7y h\u1ee9ng kh\u1edfi. H\u00e3y tham gia c\u00f9ng ch\u00fang t\u00f4i v\u00e0 b\u1eaft \u0111\u1ea7u gi\u00e0nh chi\u1ebfn th\u1eafng ngay h\u00f4m nay!","robots":{"index":"index","follow":"follow","max-snippet":"max-snippet:-1","max-image-preview":"max-image-preview:large","max-video-preview":"max-video-preview:-1"},"canonical":"http:\/\/22bet.team\/vi\/volleyball\/","og_locale":"vi_VN","og_type":"article","og_title":"C\u00e1 c\u01b0\u1ee3c b\u00f3ng chuy\u1ec1n t\u1ea1i 22Bet \u1409 T\u1ef7 l\u1ec7 c\u01b0\u1ee3c cao v\u00e0 c\u00e1c ch\u01b0\u01a1ng tr\u00ecnh khuy\u1ebfn m\u00e3i \u0111\u1ed9c \u0111\u00e1o","og_description":"C\u01b0\u1ee3c b\u00f3ng chuy\u1ec1n c\u00f9ng 22Bet! T\u1ef7 l\u1ec7 c\u01b0\u1ee3c cao, \u0111a d\u1ea1ng c\u00e1c gi\u1ea3i \u0111\u1ea5u v\u00e0 gi\u1ea3i v\u00f4 \u0111\u1ecbch, c\u00f9ng v\u1edbi c\u00e1c ch\u01b0\u01a1ng tr\u00ecnh khuy\u1ebfn m\u00e3i \u0111\u1ed9c \u0111\u00e1o s\u1ebd mang \u0111\u1ebfn cho b\u1ea1n tr\u1ea3i nghi\u1ec7m c\u00e1 c\u01b0\u1ee3c \u0111\u1ea7y h\u1ee9ng kh\u1edfi. H\u00e3y tham gia c\u00f9ng ch\u00fang t\u00f4i v\u00e0 b\u1eaft \u0111\u1ea7u gi\u00e0nh chi\u1ebfn th\u1eafng ngay h\u00f4m nay!","og_url":"http:\/\/22bet.team\/vi\/volleyball\/","og_site_name":"22Bet Team vi","article_modified_time":"2026-04-07T18:29:01+00:00","twitter_card":"summary_large_image","schema":{"@context":"https:\/\/schema.org","@graph":[{"@type":"WebPage","@id":"http:\/\/22bet.team\/vi\/volleyball\/","url":"http:\/\/22bet.team\/vi\/volleyball\/","name":"C\u00e1 c\u01b0\u1ee3c b\u00f3ng chuy\u1ec1n t\u1ea1i 22Bet \u1409 T\u1ef7 l\u1ec7 c\u01b0\u1ee3c cao v\u00e0 c\u00e1c ch\u01b0\u01a1ng tr\u00ecnh khuy\u1ebfn m\u00e3i \u0111\u1ed9c \u0111\u00e1o","isPartOf":{"@id":"https:\/\/22bet.team\/vi\/#website"},"datePublished":"2026-01-28T15:10:39+00:00","dateModified":"2026-04-07T18:29:01+00:00","description":"C\u01b0\u1ee3c b\u00f3ng chuy\u1ec1n c\u00f9ng 22Bet! T\u1ef7 l\u1ec7 c\u01b0\u1ee3c cao, \u0111a d\u1ea1ng c\u00e1c gi\u1ea3i \u0111\u1ea5u v\u00e0 gi\u1ea3i v\u00f4 \u0111\u1ecbch, c\u00f9ng v\u1edbi c\u00e1c ch\u01b0\u01a1ng tr\u00ecnh khuy\u1ebfn m\u00e3i \u0111\u1ed9c \u0111\u00e1o s\u1ebd mang \u0111\u1ebfn cho b\u1ea1n tr\u1ea3i nghi\u1ec7m c\u00e1 c\u01b0\u1ee3c \u0111\u1ea7y h\u1ee9ng kh\u1edfi. H\u00e3y tham gia c\u00f9ng ch\u00fang t\u00f4i v\u00e0 b\u1eaft \u0111\u1ea7u gi\u00e0nh chi\u1ebfn th\u1eafng ngay h\u00f4m nay!","breadcrumb":{"@id":"http:\/\/22bet.team\/vi\/volleyball\/#breadcrumb"},"inLanguage":"vi","potentialAction":[{"@type":"ReadAction","target":["http:\/\/22bet.team\/vi\/volleyball\/"]}]},{"@type":"BreadcrumbList","@id":"http:\/\/22bet.team\/vi\/volleyball\/#breadcrumb","itemListElement":[{"@type":"ListItem","position":1,"name":"Home","item":"https:\/\/22bet.team\/vi\/"},{"@type":"ListItem","position":2,"name":"B\u00f3ng chuy\u1ec1n"}]},{"@type":"WebSite","@id":"https:\/\/22bet.team\/vi\/#website","url":"https:\/\/22bet.team\/vi\/","name":"22Bet Team vi","description":"","potentialAction":[{"@type":"SearchAction","target":{"@type":"EntryPoint","urlTemplate":"https:\/\/22bet.team\/vi\/?s={search_term_string}"},"query-input":{"@type":"PropertyValueSpecification","valueRequired":true,"valueName":"search_term_string"}}],"inLanguage":"vi"}]}},"_links":{"self":[{"href":"https:\/\/22bet.team\/vi\/wp-json\/wp\/v2\/pages\/1173","targetHints":{"allow":["GET"]}}],"collection":[{"href":"https:\/\/22bet.team\/vi\/wp-json\/wp\/v2\/pages"}],"about":[{"href":"https:\/\/22bet.team\/vi\/wp-json\/wp\/v2\/types\/page"}],"author":[{"embeddable":true,"href":"https:\/\/22bet.team\/vi\/wp-json\/wp\/v2\/users\/1"}],"replies":[{"embeddable":true,"href":"https:\/\/22bet.team\/vi\/wp-json\/wp\/v2\/comments?post=1173"}],"version-history":[{"count":5,"href":"https:\/\/22bet.team\/vi\/wp-json\/wp\/v2\/pages\/1173\/revisions"}],"predecessor-version":[{"id":1263,"href":"https:\/\/22bet.team\/vi\/wp-json\/wp\/v2\/pages\/1173\/revisions\/1263"}],"wp:attachment":[{"href":"https:\/\/22bet.team\/vi\/wp-json\/wp\/v2\/media?parent=1173"}],"curies":[{"name":"wp","href":"https:\/\/api.w.org\/{rel}","templated":true}]}}