{"id":1177,"date":"2026-01-28T18:35:04","date_gmt":"2026-01-28T15:35:04","guid":{"rendered":"https:\/\/22bet.team\/vi\/?page_id=1177"},"modified":"2026-04-07T17:49:51","modified_gmt":"2026-04-07T14:49:51","slug":"hockey","status":"publish","type":"page","link":"https:\/\/22bet.team\/vi\/hockey\/","title":{"rendered":"Kh\u00fac c\u00f4n c\u1ea7u"},"content":{"rendered":"","protected":false},"excerpt":{"rendered":"","protected":false},"author":1,"featured_media":0,"parent":0,"menu_order":0,"comment_status":"closed","ping_status":"closed","template":"","meta":{"_acf_changed":false,"footnotes":""},"class_list":["post-1177","page","type-page","status-publish","hentry"],"acf":[],"yoast_head":"<!-- This site is optimized with the Yoast SEO plugin v26.1.1 - https:\/\/yoast.com\/wordpress\/plugins\/seo\/ -->\n<title>C\u00e1 c\u01b0\u1ee3c kh\u00fac c\u00f4n c\u1ea7u tr\u00ean b\u0103ng t\u1ea1i 22Bet \u1409 T\u1ef7 l\u1ec7 c\u01b0\u1ee3c t\u1ed1t nh\u1ea5t v\u00e0 c\u00e1 c\u01b0\u1ee3c tr\u1ef1c ti\u1ebfp<\/title>\n<meta name=\"description\" content=\"C\u00e1 c\u01b0\u1ee3c kh\u00fac c\u00f4n c\u1ea7u c\u00f9ng 22Bet! Nh\u00e0 c\u00e1i \u0111\u01b0\u1ee3c c\u1ea5p ph\u00e9p v\u1edbi \u0111a d\u1ea1ng c\u00e1c m\u00f4n th\u1ec3 thao, t\u1ef7 l\u1ec7 c\u01b0\u1ee3c h\u1ea5p d\u1eabn v\u00e0 c\u00e1c ch\u01b0\u01a1ng tr\u00ecnh khuy\u1ebfn m\u00e3i gi\u00e1 tr\u1ecb. H\u00e3y tham gia c\u00f9ng ch\u00fang t\u00f4i \u0111\u1ec3 tr\u1ea3i nghi\u1ec7m nhi\u1ec1u l\u1ef1a ch\u1ecdn c\u00e1 c\u01b0\u1ee3c \u0111a d\u1ea1ng v\u00e0 h\u1ec7 th\u1ed1ng thanh to\u00e1n an to\u00e0n, bao g\u1ed3m c\u1ea3 ti\u1ec1n \u0111i\u1ec7n t\u1eed.\" \/>\n<meta name=\"robots\" content=\"index, follow, max-snippet:-1, max-image-preview:large, max-video-preview:-1\" \/>\n<link rel=\"canonical\" href=\"https:\/\/22bet.team\/vi\/hockey\/\" \/>\n<meta property=\"og:locale\" content=\"vi_VN\" \/>\n<meta property=\"og:type\" content=\"article\" \/>\n<meta property=\"og:title\" content=\"C\u00e1 c\u01b0\u1ee3c kh\u00fac c\u00f4n c\u1ea7u tr\u00ean b\u0103ng t\u1ea1i 22Bet \u1409 T\u1ef7 l\u1ec7 c\u01b0\u1ee3c t\u1ed1t nh\u1ea5t v\u00e0 c\u00e1 c\u01b0\u1ee3c tr\u1ef1c ti\u1ebfp\" \/>\n<meta property=\"og:description\" content=\"C\u00e1 c\u01b0\u1ee3c kh\u00fac c\u00f4n c\u1ea7u c\u00f9ng 22Bet! Nh\u00e0 c\u00e1i \u0111\u01b0\u1ee3c c\u1ea5p ph\u00e9p v\u1edbi \u0111a d\u1ea1ng c\u00e1c m\u00f4n th\u1ec3 thao, t\u1ef7 l\u1ec7 c\u01b0\u1ee3c h\u1ea5p d\u1eabn v\u00e0 c\u00e1c ch\u01b0\u01a1ng tr\u00ecnh khuy\u1ebfn m\u00e3i gi\u00e1 tr\u1ecb. H\u00e3y tham gia c\u00f9ng ch\u00fang t\u00f4i \u0111\u1ec3 tr\u1ea3i nghi\u1ec7m nhi\u1ec1u l\u1ef1a ch\u1ecdn c\u00e1 c\u01b0\u1ee3c \u0111a d\u1ea1ng v\u00e0 h\u1ec7 th\u1ed1ng thanh to\u00e1n an to\u00e0n, bao g\u1ed3m c\u1ea3 ti\u1ec1n \u0111i\u1ec7n t\u1eed.\" \/>\n<meta property=\"og:url\" content=\"https:\/\/22bet.team\/vi\/hockey\/\" \/>\n<meta property=\"og:site_name\" content=\"22Bet Team vi\" \/>\n<meta property=\"article:modified_time\" content=\"2026-04-07T14:49:51+00:00\" \/>\n<meta name=\"twitter:card\" content=\"summary_large_image\" \/>\n<script type=\"application\/ld+json\" class=\"yoast-schema-graph\">{\"@context\":\"https:\/\/schema.org\",\"@graph\":[{\"@type\":\"WebPage\",\"@id\":\"https:\/\/22bet.team\/vi\/hockey\/\",\"url\":\"https:\/\/22bet.team\/vi\/hockey\/\",\"name\":\"C\u00e1 c\u01b0\u1ee3c kh\u00fac c\u00f4n c\u1ea7u tr\u00ean b\u0103ng t\u1ea1i 22Bet \u1409 T\u1ef7 l\u1ec7 c\u01b0\u1ee3c t\u1ed1t nh\u1ea5t v\u00e0 c\u00e1 c\u01b0\u1ee3c tr\u1ef1c ti\u1ebfp\",\"isPartOf\":{\"@id\":\"https:\/\/22bet.team\/vi\/#website\"},\"datePublished\":\"2026-01-28T15:35:04+00:00\",\"dateModified\":\"2026-04-07T14:49:51+00:00\",\"description\":\"C\u00e1 c\u01b0\u1ee3c kh\u00fac c\u00f4n c\u1ea7u c\u00f9ng 22Bet! Nh\u00e0 c\u00e1i \u0111\u01b0\u1ee3c c\u1ea5p ph\u00e9p v\u1edbi \u0111a d\u1ea1ng c\u00e1c m\u00f4n th\u1ec3 thao, t\u1ef7 l\u1ec7 c\u01b0\u1ee3c h\u1ea5p d\u1eabn v\u00e0 c\u00e1c ch\u01b0\u01a1ng tr\u00ecnh khuy\u1ebfn m\u00e3i gi\u00e1 tr\u1ecb. H\u00e3y tham gia c\u00f9ng ch\u00fang t\u00f4i \u0111\u1ec3 tr\u1ea3i nghi\u1ec7m nhi\u1ec1u l\u1ef1a ch\u1ecdn c\u00e1 c\u01b0\u1ee3c \u0111a d\u1ea1ng v\u00e0 h\u1ec7 th\u1ed1ng thanh to\u00e1n an to\u00e0n, bao g\u1ed3m c\u1ea3 ti\u1ec1n \u0111i\u1ec7n t\u1eed.\",\"breadcrumb\":{\"@id\":\"https:\/\/22bet.team\/vi\/hockey\/#breadcrumb\"},\"inLanguage\":\"vi\",\"potentialAction\":[{\"@type\":\"ReadAction\",\"target\":[\"https:\/\/22bet.team\/vi\/hockey\/\"]}]},{\"@type\":\"BreadcrumbList\",\"@id\":\"https:\/\/22bet.team\/vi\/hockey\/#breadcrumb\",\"itemListElement\":[{\"@type\":\"ListItem\",\"position\":1,\"name\":\"Home\",\"item\":\"https:\/\/22bet.team\/vi\/\"},{\"@type\":\"ListItem\",\"position\":2,\"name\":\"Kh\u00fac c\u00f4n c\u1ea7u\"}]},{\"@type\":\"WebSite\",\"@id\":\"https:\/\/22bet.team\/vi\/#website\",\"url\":\"https:\/\/22bet.team\/vi\/\",\"name\":\"22Bet Team vi\",\"description\":\"\",\"potentialAction\":[{\"@type\":\"SearchAction\",\"target\":{\"@type\":\"EntryPoint\",\"urlTemplate\":\"https:\/\/22bet.team\/vi\/?s={search_term_string}\"},\"query-input\":{\"@type\":\"PropertyValueSpecification\",\"valueRequired\":true,\"valueName\":\"search_term_string\"}}],\"inLanguage\":\"vi\"}]}<\/script>\n<!-- \/ Yoast SEO plugin. -->","yoast_head_json":{"title":"C\u00e1 c\u01b0\u1ee3c kh\u00fac c\u00f4n c\u1ea7u tr\u00ean b\u0103ng t\u1ea1i 22Bet \u1409 T\u1ef7 l\u1ec7 c\u01b0\u1ee3c t\u1ed1t nh\u1ea5t v\u00e0 c\u00e1 c\u01b0\u1ee3c tr\u1ef1c ti\u1ebfp","description":"C\u00e1 c\u01b0\u1ee3c kh\u00fac c\u00f4n c\u1ea7u c\u00f9ng 22Bet! Nh\u00e0 c\u00e1i \u0111\u01b0\u1ee3c c\u1ea5p ph\u00e9p v\u1edbi \u0111a d\u1ea1ng c\u00e1c m\u00f4n th\u1ec3 thao, t\u1ef7 l\u1ec7 c\u01b0\u1ee3c h\u1ea5p d\u1eabn v\u00e0 c\u00e1c ch\u01b0\u01a1ng tr\u00ecnh khuy\u1ebfn m\u00e3i gi\u00e1 tr\u1ecb. H\u00e3y tham gia c\u00f9ng ch\u00fang t\u00f4i \u0111\u1ec3 tr\u1ea3i nghi\u1ec7m nhi\u1ec1u l\u1ef1a ch\u1ecdn c\u00e1 c\u01b0\u1ee3c \u0111a d\u1ea1ng v\u00e0 h\u1ec7 th\u1ed1ng thanh to\u00e1n an to\u00e0n, bao g\u1ed3m c\u1ea3 ti\u1ec1n \u0111i\u1ec7n t\u1eed.","robots":{"index":"index","follow":"follow","max-snippet":"max-snippet:-1","max-image-preview":"max-image-preview:large","max-video-preview":"max-video-preview:-1"},"canonical":"https:\/\/22bet.team\/vi\/hockey\/","og_locale":"vi_VN","og_type":"article","og_title":"C\u00e1 c\u01b0\u1ee3c kh\u00fac c\u00f4n c\u1ea7u tr\u00ean b\u0103ng t\u1ea1i 22Bet \u1409 T\u1ef7 l\u1ec7 c\u01b0\u1ee3c t\u1ed1t nh\u1ea5t v\u00e0 c\u00e1 c\u01b0\u1ee3c tr\u1ef1c ti\u1ebfp","og_description":"C\u00e1 c\u01b0\u1ee3c kh\u00fac c\u00f4n c\u1ea7u c\u00f9ng 22Bet! Nh\u00e0 c\u00e1i \u0111\u01b0\u1ee3c c\u1ea5p ph\u00e9p v\u1edbi \u0111a d\u1ea1ng c\u00e1c m\u00f4n th\u1ec3 thao, t\u1ef7 l\u1ec7 c\u01b0\u1ee3c h\u1ea5p d\u1eabn v\u00e0 c\u00e1c ch\u01b0\u01a1ng tr\u00ecnh khuy\u1ebfn m\u00e3i gi\u00e1 tr\u1ecb. H\u00e3y tham gia c\u00f9ng ch\u00fang t\u00f4i \u0111\u1ec3 tr\u1ea3i nghi\u1ec7m nhi\u1ec1u l\u1ef1a ch\u1ecdn c\u00e1 c\u01b0\u1ee3c \u0111a d\u1ea1ng v\u00e0 h\u1ec7 th\u1ed1ng thanh to\u00e1n an to\u00e0n, bao g\u1ed3m c\u1ea3 ti\u1ec1n \u0111i\u1ec7n t\u1eed.","og_url":"https:\/\/22bet.team\/vi\/hockey\/","og_site_name":"22Bet Team vi","article_modified_time":"2026-04-07T14:49:51+00:00","twitter_card":"summary_large_image","schema":{"@context":"https:\/\/schema.org","@graph":[{"@type":"WebPage","@id":"https:\/\/22bet.team\/vi\/hockey\/","url":"https:\/\/22bet.team\/vi\/hockey\/","name":"C\u00e1 c\u01b0\u1ee3c kh\u00fac c\u00f4n c\u1ea7u tr\u00ean b\u0103ng t\u1ea1i 22Bet \u1409 T\u1ef7 l\u1ec7 c\u01b0\u1ee3c t\u1ed1t nh\u1ea5t v\u00e0 c\u00e1 c\u01b0\u1ee3c tr\u1ef1c ti\u1ebfp","isPartOf":{"@id":"https:\/\/22bet.team\/vi\/#website"},"datePublished":"2026-01-28T15:35:04+00:00","dateModified":"2026-04-07T14:49:51+00:00","description":"C\u00e1 c\u01b0\u1ee3c kh\u00fac c\u00f4n c\u1ea7u c\u00f9ng 22Bet! Nh\u00e0 c\u00e1i \u0111\u01b0\u1ee3c c\u1ea5p ph\u00e9p v\u1edbi \u0111a d\u1ea1ng c\u00e1c m\u00f4n th\u1ec3 thao, t\u1ef7 l\u1ec7 c\u01b0\u1ee3c h\u1ea5p d\u1eabn v\u00e0 c\u00e1c ch\u01b0\u01a1ng tr\u00ecnh khuy\u1ebfn m\u00e3i gi\u00e1 tr\u1ecb. H\u00e3y tham gia c\u00f9ng ch\u00fang t\u00f4i \u0111\u1ec3 tr\u1ea3i nghi\u1ec7m nhi\u1ec1u l\u1ef1a ch\u1ecdn c\u00e1 c\u01b0\u1ee3c \u0111a d\u1ea1ng v\u00e0 h\u1ec7 th\u1ed1ng thanh to\u00e1n an to\u00e0n, bao g\u1ed3m c\u1ea3 ti\u1ec1n \u0111i\u1ec7n t\u1eed.","breadcrumb":{"@id":"https:\/\/22bet.team\/vi\/hockey\/#breadcrumb"},"inLanguage":"vi","potentialAction":[{"@type":"ReadAction","target":["https:\/\/22bet.team\/vi\/hockey\/"]}]},{"@type":"BreadcrumbList","@id":"https:\/\/22bet.team\/vi\/hockey\/#breadcrumb","itemListElement":[{"@type":"ListItem","position":1,"name":"Home","item":"https:\/\/22bet.team\/vi\/"},{"@type":"ListItem","position":2,"name":"Kh\u00fac c\u00f4n c\u1ea7u"}]},{"@type":"WebSite","@id":"https:\/\/22bet.team\/vi\/#website","url":"https:\/\/22bet.team\/vi\/","name":"22Bet Team vi","description":"","potentialAction":[{"@type":"SearchAction","target":{"@type":"EntryPoint","urlTemplate":"https:\/\/22bet.team\/vi\/?s={search_term_string}"},"query-input":{"@type":"PropertyValueSpecification","valueRequired":true,"valueName":"search_term_string"}}],"inLanguage":"vi"}]}},"_links":{"self":[{"href":"https:\/\/22bet.team\/vi\/wp-json\/wp\/v2\/pages\/1177","targetHints":{"allow":["GET"]}}],"collection":[{"href":"https:\/\/22bet.team\/vi\/wp-json\/wp\/v2\/pages"}],"about":[{"href":"https:\/\/22bet.team\/vi\/wp-json\/wp\/v2\/types\/page"}],"author":[{"embeddable":true,"href":"https:\/\/22bet.team\/vi\/wp-json\/wp\/v2\/users\/1"}],"replies":[{"embeddable":true,"href":"https:\/\/22bet.team\/vi\/wp-json\/wp\/v2\/comments?post=1177"}],"version-history":[{"count":5,"href":"https:\/\/22bet.team\/vi\/wp-json\/wp\/v2\/pages\/1177\/revisions"}],"predecessor-version":[{"id":1251,"href":"https:\/\/22bet.team\/vi\/wp-json\/wp\/v2\/pages\/1177\/revisions\/1251"}],"wp:attachment":[{"href":"https:\/\/22bet.team\/vi\/wp-json\/wp\/v2\/media?parent=1177"}],"curies":[{"name":"wp","href":"https:\/\/api.w.org\/{rel}","templated":true}]}}