{"id":1182,"date":"2026-01-28T18:54:34","date_gmt":"2026-01-28T15:54:34","guid":{"rendered":"https:\/\/22bet.team\/vi\/?page_id=1182"},"modified":"2026-04-07T21:25:08","modified_gmt":"2026-04-07T18:25:08","slug":"tennis","status":"publish","type":"page","link":"https:\/\/22bet.team\/vi\/tennis\/","title":{"rendered":"Qu\u1ea7n v\u1ee3t"},"content":{"rendered":"","protected":false},"excerpt":{"rendered":"","protected":false},"author":1,"featured_media":0,"parent":0,"menu_order":0,"comment_status":"closed","ping_status":"closed","template":"","meta":{"_acf_changed":false,"footnotes":""},"class_list":["post-1182","page","type-page","status-publish","hentry"],"acf":[],"yoast_head":"<!-- This site is optimized with the Yoast SEO plugin v26.1.1 - https:\/\/yoast.com\/wordpress\/plugins\/seo\/ -->\n<title>22Bet \u2013 N\u01a1i c\u00e1 c\u01b0\u1ee3c qu\u1ea7n v\u1ee3t t\u1ed1t nh\u1ea5t v\u1edbi t\u1ef7 l\u1ec7 c\u01b0\u1ee3c<\/title>\n<meta name=\"description\" content=\"C\u01b0\u1ee3c tennis c\u00f9ng 22Bet! Kh\u00e1m ph\u00e1 t\u1ef7 l\u1ec7 c\u01b0\u1ee3c h\u1ea5p d\u1eabn, c\u00e1c ph\u1ea7n th\u01b0\u1edfng \u0111\u1ed9c quy\u1ec1n v\u00e0 \u0111a d\u1ea1ng c\u00e1c l\u1ef1a ch\u1ecdn c\u00e1 c\u01b0\u1ee3c. \u0110\u1eb7t c\u01b0\u1ee3c v\u00e0o c\u00e1c gi\u1ea3i \u0111\u1ea5u y\u00eau th\u00edch c\u1ee7a b\u1ea1n v\u00e0 t\u1eadn h\u01b0\u1edfng c\u1ea3m gi\u00e1c h\u1ed3i h\u1ed9p c\u1ee7a tr\u1eadn \u0111\u1ea5u m\u1ecdi l\u00fac!\" \/>\n<meta name=\"robots\" content=\"index, follow, max-snippet:-1, max-image-preview:large, max-video-preview:-1\" \/>\n<link rel=\"canonical\" href=\"https:\/\/22bet.team\/vi\/tennis\/\" \/>\n<meta property=\"og:locale\" content=\"vi_VN\" \/>\n<meta property=\"og:type\" content=\"article\" \/>\n<meta property=\"og:title\" content=\"22Bet \u2013 N\u01a1i c\u00e1 c\u01b0\u1ee3c qu\u1ea7n v\u1ee3t t\u1ed1t nh\u1ea5t v\u1edbi t\u1ef7 l\u1ec7 c\u01b0\u1ee3c\" \/>\n<meta property=\"og:description\" content=\"C\u01b0\u1ee3c tennis c\u00f9ng 22Bet! Kh\u00e1m ph\u00e1 t\u1ef7 l\u1ec7 c\u01b0\u1ee3c h\u1ea5p d\u1eabn, c\u00e1c ph\u1ea7n th\u01b0\u1edfng \u0111\u1ed9c quy\u1ec1n v\u00e0 \u0111a d\u1ea1ng c\u00e1c l\u1ef1a ch\u1ecdn c\u00e1 c\u01b0\u1ee3c. \u0110\u1eb7t c\u01b0\u1ee3c v\u00e0o c\u00e1c gi\u1ea3i \u0111\u1ea5u y\u00eau th\u00edch c\u1ee7a b\u1ea1n v\u00e0 t\u1eadn h\u01b0\u1edfng c\u1ea3m gi\u00e1c h\u1ed3i h\u1ed9p c\u1ee7a tr\u1eadn \u0111\u1ea5u m\u1ecdi l\u00fac!\" \/>\n<meta property=\"og:url\" content=\"https:\/\/22bet.team\/vi\/tennis\/\" \/>\n<meta property=\"og:site_name\" content=\"22Bet Team vi\" \/>\n<meta property=\"article:modified_time\" content=\"2026-04-07T18:25:08+00:00\" \/>\n<meta name=\"twitter:card\" content=\"summary_large_image\" \/>\n<script type=\"application\/ld+json\" class=\"yoast-schema-graph\">{\"@context\":\"https:\/\/schema.org\",\"@graph\":[{\"@type\":\"WebPage\",\"@id\":\"https:\/\/22bet.team\/vi\/tennis\/\",\"url\":\"https:\/\/22bet.team\/vi\/tennis\/\",\"name\":\"22Bet \u2013 N\u01a1i c\u00e1 c\u01b0\u1ee3c qu\u1ea7n v\u1ee3t t\u1ed1t nh\u1ea5t v\u1edbi t\u1ef7 l\u1ec7 c\u01b0\u1ee3c\",\"isPartOf\":{\"@id\":\"https:\/\/22bet.team\/vi\/#website\"},\"datePublished\":\"2026-01-28T15:54:34+00:00\",\"dateModified\":\"2026-04-07T18:25:08+00:00\",\"description\":\"C\u01b0\u1ee3c tennis c\u00f9ng 22Bet! Kh\u00e1m ph\u00e1 t\u1ef7 l\u1ec7 c\u01b0\u1ee3c h\u1ea5p d\u1eabn, c\u00e1c ph\u1ea7n th\u01b0\u1edfng \u0111\u1ed9c quy\u1ec1n v\u00e0 \u0111a d\u1ea1ng c\u00e1c l\u1ef1a ch\u1ecdn c\u00e1 c\u01b0\u1ee3c. \u0110\u1eb7t c\u01b0\u1ee3c v\u00e0o c\u00e1c gi\u1ea3i \u0111\u1ea5u y\u00eau th\u00edch c\u1ee7a b\u1ea1n v\u00e0 t\u1eadn h\u01b0\u1edfng c\u1ea3m gi\u00e1c h\u1ed3i h\u1ed9p c\u1ee7a tr\u1eadn \u0111\u1ea5u m\u1ecdi l\u00fac!\",\"breadcrumb\":{\"@id\":\"https:\/\/22bet.team\/vi\/tennis\/#breadcrumb\"},\"inLanguage\":\"vi\",\"potentialAction\":[{\"@type\":\"ReadAction\",\"target\":[\"https:\/\/22bet.team\/vi\/tennis\/\"]}]},{\"@type\":\"BreadcrumbList\",\"@id\":\"https:\/\/22bet.team\/vi\/tennis\/#breadcrumb\",\"itemListElement\":[{\"@type\":\"ListItem\",\"position\":1,\"name\":\"Home\",\"item\":\"https:\/\/22bet.team\/vi\/\"},{\"@type\":\"ListItem\",\"position\":2,\"name\":\"Qu\u1ea7n v\u1ee3t\"}]},{\"@type\":\"WebSite\",\"@id\":\"https:\/\/22bet.team\/vi\/#website\",\"url\":\"https:\/\/22bet.team\/vi\/\",\"name\":\"22Bet Team vi\",\"description\":\"\",\"potentialAction\":[{\"@type\":\"SearchAction\",\"target\":{\"@type\":\"EntryPoint\",\"urlTemplate\":\"https:\/\/22bet.team\/vi\/?s={search_term_string}\"},\"query-input\":{\"@type\":\"PropertyValueSpecification\",\"valueRequired\":true,\"valueName\":\"search_term_string\"}}],\"inLanguage\":\"vi\"}]}<\/script>\n<!-- \/ Yoast SEO plugin. -->","yoast_head_json":{"title":"22Bet \u2013 N\u01a1i c\u00e1 c\u01b0\u1ee3c qu\u1ea7n v\u1ee3t t\u1ed1t nh\u1ea5t v\u1edbi t\u1ef7 l\u1ec7 c\u01b0\u1ee3c","description":"C\u01b0\u1ee3c tennis c\u00f9ng 22Bet! Kh\u00e1m ph\u00e1 t\u1ef7 l\u1ec7 c\u01b0\u1ee3c h\u1ea5p d\u1eabn, c\u00e1c ph\u1ea7n th\u01b0\u1edfng \u0111\u1ed9c quy\u1ec1n v\u00e0 \u0111a d\u1ea1ng c\u00e1c l\u1ef1a ch\u1ecdn c\u00e1 c\u01b0\u1ee3c. \u0110\u1eb7t c\u01b0\u1ee3c v\u00e0o c\u00e1c gi\u1ea3i \u0111\u1ea5u y\u00eau th\u00edch c\u1ee7a b\u1ea1n v\u00e0 t\u1eadn h\u01b0\u1edfng c\u1ea3m gi\u00e1c h\u1ed3i h\u1ed9p c\u1ee7a tr\u1eadn \u0111\u1ea5u m\u1ecdi l\u00fac!","robots":{"index":"index","follow":"follow","max-snippet":"max-snippet:-1","max-image-preview":"max-image-preview:large","max-video-preview":"max-video-preview:-1"},"canonical":"https:\/\/22bet.team\/vi\/tennis\/","og_locale":"vi_VN","og_type":"article","og_title":"22Bet \u2013 N\u01a1i c\u00e1 c\u01b0\u1ee3c qu\u1ea7n v\u1ee3t t\u1ed1t nh\u1ea5t v\u1edbi t\u1ef7 l\u1ec7 c\u01b0\u1ee3c","og_description":"C\u01b0\u1ee3c tennis c\u00f9ng 22Bet! Kh\u00e1m ph\u00e1 t\u1ef7 l\u1ec7 c\u01b0\u1ee3c h\u1ea5p d\u1eabn, c\u00e1c ph\u1ea7n th\u01b0\u1edfng \u0111\u1ed9c quy\u1ec1n v\u00e0 \u0111a d\u1ea1ng c\u00e1c l\u1ef1a ch\u1ecdn c\u00e1 c\u01b0\u1ee3c. \u0110\u1eb7t c\u01b0\u1ee3c v\u00e0o c\u00e1c gi\u1ea3i \u0111\u1ea5u y\u00eau th\u00edch c\u1ee7a b\u1ea1n v\u00e0 t\u1eadn h\u01b0\u1edfng c\u1ea3m gi\u00e1c h\u1ed3i h\u1ed9p c\u1ee7a tr\u1eadn \u0111\u1ea5u m\u1ecdi l\u00fac!","og_url":"https:\/\/22bet.team\/vi\/tennis\/","og_site_name":"22Bet Team vi","article_modified_time":"2026-04-07T18:25:08+00:00","twitter_card":"summary_large_image","schema":{"@context":"https:\/\/schema.org","@graph":[{"@type":"WebPage","@id":"https:\/\/22bet.team\/vi\/tennis\/","url":"https:\/\/22bet.team\/vi\/tennis\/","name":"22Bet \u2013 N\u01a1i c\u00e1 c\u01b0\u1ee3c qu\u1ea7n v\u1ee3t t\u1ed1t nh\u1ea5t v\u1edbi t\u1ef7 l\u1ec7 c\u01b0\u1ee3c","isPartOf":{"@id":"https:\/\/22bet.team\/vi\/#website"},"datePublished":"2026-01-28T15:54:34+00:00","dateModified":"2026-04-07T18:25:08+00:00","description":"C\u01b0\u1ee3c tennis c\u00f9ng 22Bet! Kh\u00e1m ph\u00e1 t\u1ef7 l\u1ec7 c\u01b0\u1ee3c h\u1ea5p d\u1eabn, c\u00e1c ph\u1ea7n th\u01b0\u1edfng \u0111\u1ed9c quy\u1ec1n v\u00e0 \u0111a d\u1ea1ng c\u00e1c l\u1ef1a ch\u1ecdn c\u00e1 c\u01b0\u1ee3c. \u0110\u1eb7t c\u01b0\u1ee3c v\u00e0o c\u00e1c gi\u1ea3i \u0111\u1ea5u y\u00eau th\u00edch c\u1ee7a b\u1ea1n v\u00e0 t\u1eadn h\u01b0\u1edfng c\u1ea3m gi\u00e1c h\u1ed3i h\u1ed9p c\u1ee7a tr\u1eadn \u0111\u1ea5u m\u1ecdi l\u00fac!","breadcrumb":{"@id":"https:\/\/22bet.team\/vi\/tennis\/#breadcrumb"},"inLanguage":"vi","potentialAction":[{"@type":"ReadAction","target":["https:\/\/22bet.team\/vi\/tennis\/"]}]},{"@type":"BreadcrumbList","@id":"https:\/\/22bet.team\/vi\/tennis\/#breadcrumb","itemListElement":[{"@type":"ListItem","position":1,"name":"Home","item":"https:\/\/22bet.team\/vi\/"},{"@type":"ListItem","position":2,"name":"Qu\u1ea7n v\u1ee3t"}]},{"@type":"WebSite","@id":"https:\/\/22bet.team\/vi\/#website","url":"https:\/\/22bet.team\/vi\/","name":"22Bet Team vi","description":"","potentialAction":[{"@type":"SearchAction","target":{"@type":"EntryPoint","urlTemplate":"https:\/\/22bet.team\/vi\/?s={search_term_string}"},"query-input":{"@type":"PropertyValueSpecification","valueRequired":true,"valueName":"search_term_string"}}],"inLanguage":"vi"}]}},"_links":{"self":[{"href":"https:\/\/22bet.team\/vi\/wp-json\/wp\/v2\/pages\/1182","targetHints":{"allow":["GET"]}}],"collection":[{"href":"https:\/\/22bet.team\/vi\/wp-json\/wp\/v2\/pages"}],"about":[{"href":"https:\/\/22bet.team\/vi\/wp-json\/wp\/v2\/types\/page"}],"author":[{"embeddable":true,"href":"https:\/\/22bet.team\/vi\/wp-json\/wp\/v2\/users\/1"}],"replies":[{"embeddable":true,"href":"https:\/\/22bet.team\/vi\/wp-json\/wp\/v2\/comments?post=1182"}],"version-history":[{"count":4,"href":"https:\/\/22bet.team\/vi\/wp-json\/wp\/v2\/pages\/1182\/revisions"}],"predecessor-version":[{"id":1261,"href":"https:\/\/22bet.team\/vi\/wp-json\/wp\/v2\/pages\/1182\/revisions\/1261"}],"wp:attachment":[{"href":"https:\/\/22bet.team\/vi\/wp-json\/wp\/v2\/media?parent=1182"}],"curies":[{"name":"wp","href":"https:\/\/api.w.org\/{rel}","templated":true}]}}