{"id":1186,"date":"2026-01-28T20:35:39","date_gmt":"2026-01-28T17:35:39","guid":{"rendered":"https:\/\/22bet.team\/vi\/?page_id=1186"},"modified":"2026-04-07T16:55:44","modified_gmt":"2026-04-07T13:55:44","slug":"esports","status":"publish","type":"page","link":"https:\/\/22bet.team\/vi\/esports\/","title":{"rendered":"Th\u1ec3 thao \u0111i\u1ec7n t\u1eed"},"content":{"rendered":"","protected":false},"excerpt":{"rendered":"","protected":false},"author":1,"featured_media":0,"parent":0,"menu_order":0,"comment_status":"closed","ping_status":"closed","template":"","meta":{"_acf_changed":false,"footnotes":""},"class_list":["post-1186","page","type-page","status-publish","hentry"],"acf":[],"yoast_head":"<!-- This site is optimized with the Yoast SEO plugin v26.1.1 - https:\/\/yoast.com\/wordpress\/plugins\/seo\/ -->\n<title>Esports 22bet \u2714\ufe0f C\u00e1 c\u01b0\u1ee3c, d\u1ef1 \u0111o\u00e1n c\u00e1c gi\u1ea3i \u0111\u1ea5u h\u00e0ng \u0111\u1ea7u<\/title>\n<meta name=\"description\" content=\"C\u01b0\u1ee3c th\u1ec3 thao \u0111i\u1ec7n t\u1eed t\u1ea1i 22bet! D\u1ef1 \u0111o\u00e1n k\u1ebft qu\u1ea3 c\u00e1c gi\u1ea3i \u0111\u1ea5u Dota 2, CS2 v\u00e0 LoL, nh\u1eadn t\u1ef7 l\u1ec7 c\u01b0\u1ee3c h\u1ea5p d\u1eabn v\u00e0 gi\u00e0nh chi\u1ebfn th\u1eafng. M\u1ed9t nh\u00e0 c\u00e1i chuy\u00ean nghi\u1ec7p v\u1ec1 th\u1ec3 thao \u0111i\u1ec7n t\u1eed \u0111ang ch\u1edd \u0111\u00f3n b\u1ea1n.\" \/>\n<meta name=\"robots\" content=\"index, follow, max-snippet:-1, max-image-preview:large, max-video-preview:-1\" \/>\n<link rel=\"canonical\" href=\"https:\/\/22bet.team\/vi\/esports\/\" \/>\n<meta property=\"og:locale\" content=\"vi_VN\" \/>\n<meta property=\"og:type\" content=\"article\" \/>\n<meta property=\"og:title\" content=\"Esports 22bet \u2714\ufe0f C\u00e1 c\u01b0\u1ee3c, d\u1ef1 \u0111o\u00e1n c\u00e1c gi\u1ea3i \u0111\u1ea5u h\u00e0ng \u0111\u1ea7u\" \/>\n<meta property=\"og:description\" content=\"C\u01b0\u1ee3c th\u1ec3 thao \u0111i\u1ec7n t\u1eed t\u1ea1i 22bet! D\u1ef1 \u0111o\u00e1n k\u1ebft qu\u1ea3 c\u00e1c gi\u1ea3i \u0111\u1ea5u Dota 2, CS2 v\u00e0 LoL, nh\u1eadn t\u1ef7 l\u1ec7 c\u01b0\u1ee3c h\u1ea5p d\u1eabn v\u00e0 gi\u00e0nh chi\u1ebfn th\u1eafng. M\u1ed9t nh\u00e0 c\u00e1i chuy\u00ean nghi\u1ec7p v\u1ec1 th\u1ec3 thao \u0111i\u1ec7n t\u1eed \u0111ang ch\u1edd \u0111\u00f3n b\u1ea1n.\" \/>\n<meta property=\"og:url\" content=\"https:\/\/22bet.team\/vi\/esports\/\" \/>\n<meta property=\"og:site_name\" content=\"22Bet Team vi\" \/>\n<meta property=\"article:modified_time\" content=\"2026-04-07T13:55:44+00:00\" \/>\n<meta name=\"twitter:card\" content=\"summary_large_image\" \/>\n<script type=\"application\/ld+json\" class=\"yoast-schema-graph\">{\"@context\":\"https:\/\/schema.org\",\"@graph\":[{\"@type\":\"WebPage\",\"@id\":\"https:\/\/22bet.team\/vi\/esports\/\",\"url\":\"https:\/\/22bet.team\/vi\/esports\/\",\"name\":\"Esports 22bet \u2714\ufe0f C\u00e1 c\u01b0\u1ee3c, d\u1ef1 \u0111o\u00e1n c\u00e1c gi\u1ea3i \u0111\u1ea5u h\u00e0ng \u0111\u1ea7u\",\"isPartOf\":{\"@id\":\"https:\/\/22bet.team\/vi\/#website\"},\"datePublished\":\"2026-01-28T17:35:39+00:00\",\"dateModified\":\"2026-04-07T13:55:44+00:00\",\"description\":\"C\u01b0\u1ee3c th\u1ec3 thao \u0111i\u1ec7n t\u1eed t\u1ea1i 22bet! D\u1ef1 \u0111o\u00e1n k\u1ebft qu\u1ea3 c\u00e1c gi\u1ea3i \u0111\u1ea5u Dota 2, CS2 v\u00e0 LoL, nh\u1eadn t\u1ef7 l\u1ec7 c\u01b0\u1ee3c h\u1ea5p d\u1eabn v\u00e0 gi\u00e0nh chi\u1ebfn th\u1eafng. M\u1ed9t nh\u00e0 c\u00e1i chuy\u00ean nghi\u1ec7p v\u1ec1 th\u1ec3 thao \u0111i\u1ec7n t\u1eed \u0111ang ch\u1edd \u0111\u00f3n b\u1ea1n.\",\"breadcrumb\":{\"@id\":\"https:\/\/22bet.team\/vi\/esports\/#breadcrumb\"},\"inLanguage\":\"vi\",\"potentialAction\":[{\"@type\":\"ReadAction\",\"target\":[\"https:\/\/22bet.team\/vi\/esports\/\"]}]},{\"@type\":\"BreadcrumbList\",\"@id\":\"https:\/\/22bet.team\/vi\/esports\/#breadcrumb\",\"itemListElement\":[{\"@type\":\"ListItem\",\"position\":1,\"name\":\"Home\",\"item\":\"https:\/\/22bet.team\/vi\/\"},{\"@type\":\"ListItem\",\"position\":2,\"name\":\"Th\u1ec3 thao \u0111i\u1ec7n t\u1eed\"}]},{\"@type\":\"WebSite\",\"@id\":\"https:\/\/22bet.team\/vi\/#website\",\"url\":\"https:\/\/22bet.team\/vi\/\",\"name\":\"22Bet Team vi\",\"description\":\"\",\"potentialAction\":[{\"@type\":\"SearchAction\",\"target\":{\"@type\":\"EntryPoint\",\"urlTemplate\":\"https:\/\/22bet.team\/vi\/?s={search_term_string}\"},\"query-input\":{\"@type\":\"PropertyValueSpecification\",\"valueRequired\":true,\"valueName\":\"search_term_string\"}}],\"inLanguage\":\"vi\"}]}<\/script>\n<!-- \/ Yoast SEO plugin. -->","yoast_head_json":{"title":"Esports 22bet \u2714\ufe0f C\u00e1 c\u01b0\u1ee3c, d\u1ef1 \u0111o\u00e1n c\u00e1c gi\u1ea3i \u0111\u1ea5u h\u00e0ng \u0111\u1ea7u","description":"C\u01b0\u1ee3c th\u1ec3 thao \u0111i\u1ec7n t\u1eed t\u1ea1i 22bet! D\u1ef1 \u0111o\u00e1n k\u1ebft qu\u1ea3 c\u00e1c gi\u1ea3i \u0111\u1ea5u Dota 2, CS2 v\u00e0 LoL, nh\u1eadn t\u1ef7 l\u1ec7 c\u01b0\u1ee3c h\u1ea5p d\u1eabn v\u00e0 gi\u00e0nh chi\u1ebfn th\u1eafng. M\u1ed9t nh\u00e0 c\u00e1i chuy\u00ean nghi\u1ec7p v\u1ec1 th\u1ec3 thao \u0111i\u1ec7n t\u1eed \u0111ang ch\u1edd \u0111\u00f3n b\u1ea1n.","robots":{"index":"index","follow":"follow","max-snippet":"max-snippet:-1","max-image-preview":"max-image-preview:large","max-video-preview":"max-video-preview:-1"},"canonical":"https:\/\/22bet.team\/vi\/esports\/","og_locale":"vi_VN","og_type":"article","og_title":"Esports 22bet \u2714\ufe0f C\u00e1 c\u01b0\u1ee3c, d\u1ef1 \u0111o\u00e1n c\u00e1c gi\u1ea3i \u0111\u1ea5u h\u00e0ng \u0111\u1ea7u","og_description":"C\u01b0\u1ee3c th\u1ec3 thao \u0111i\u1ec7n t\u1eed t\u1ea1i 22bet! D\u1ef1 \u0111o\u00e1n k\u1ebft qu\u1ea3 c\u00e1c gi\u1ea3i \u0111\u1ea5u Dota 2, CS2 v\u00e0 LoL, nh\u1eadn t\u1ef7 l\u1ec7 c\u01b0\u1ee3c h\u1ea5p d\u1eabn v\u00e0 gi\u00e0nh chi\u1ebfn th\u1eafng. M\u1ed9t nh\u00e0 c\u00e1i chuy\u00ean nghi\u1ec7p v\u1ec1 th\u1ec3 thao \u0111i\u1ec7n t\u1eed \u0111ang ch\u1edd \u0111\u00f3n b\u1ea1n.","og_url":"https:\/\/22bet.team\/vi\/esports\/","og_site_name":"22Bet Team vi","article_modified_time":"2026-04-07T13:55:44+00:00","twitter_card":"summary_large_image","schema":{"@context":"https:\/\/schema.org","@graph":[{"@type":"WebPage","@id":"https:\/\/22bet.team\/vi\/esports\/","url":"https:\/\/22bet.team\/vi\/esports\/","name":"Esports 22bet \u2714\ufe0f C\u00e1 c\u01b0\u1ee3c, d\u1ef1 \u0111o\u00e1n c\u00e1c gi\u1ea3i \u0111\u1ea5u h\u00e0ng \u0111\u1ea7u","isPartOf":{"@id":"https:\/\/22bet.team\/vi\/#website"},"datePublished":"2026-01-28T17:35:39+00:00","dateModified":"2026-04-07T13:55:44+00:00","description":"C\u01b0\u1ee3c th\u1ec3 thao \u0111i\u1ec7n t\u1eed t\u1ea1i 22bet! D\u1ef1 \u0111o\u00e1n k\u1ebft qu\u1ea3 c\u00e1c gi\u1ea3i \u0111\u1ea5u Dota 2, CS2 v\u00e0 LoL, nh\u1eadn t\u1ef7 l\u1ec7 c\u01b0\u1ee3c h\u1ea5p d\u1eabn v\u00e0 gi\u00e0nh chi\u1ebfn th\u1eafng. M\u1ed9t nh\u00e0 c\u00e1i chuy\u00ean nghi\u1ec7p v\u1ec1 th\u1ec3 thao \u0111i\u1ec7n t\u1eed \u0111ang ch\u1edd \u0111\u00f3n b\u1ea1n.","breadcrumb":{"@id":"https:\/\/22bet.team\/vi\/esports\/#breadcrumb"},"inLanguage":"vi","potentialAction":[{"@type":"ReadAction","target":["https:\/\/22bet.team\/vi\/esports\/"]}]},{"@type":"BreadcrumbList","@id":"https:\/\/22bet.team\/vi\/esports\/#breadcrumb","itemListElement":[{"@type":"ListItem","position":1,"name":"Home","item":"https:\/\/22bet.team\/vi\/"},{"@type":"ListItem","position":2,"name":"Th\u1ec3 thao \u0111i\u1ec7n t\u1eed"}]},{"@type":"WebSite","@id":"https:\/\/22bet.team\/vi\/#website","url":"https:\/\/22bet.team\/vi\/","name":"22Bet Team vi","description":"","potentialAction":[{"@type":"SearchAction","target":{"@type":"EntryPoint","urlTemplate":"https:\/\/22bet.team\/vi\/?s={search_term_string}"},"query-input":{"@type":"PropertyValueSpecification","valueRequired":true,"valueName":"search_term_string"}}],"inLanguage":"vi"}]}},"_links":{"self":[{"href":"https:\/\/22bet.team\/vi\/wp-json\/wp\/v2\/pages\/1186","targetHints":{"allow":["GET"]}}],"collection":[{"href":"https:\/\/22bet.team\/vi\/wp-json\/wp\/v2\/pages"}],"about":[{"href":"https:\/\/22bet.team\/vi\/wp-json\/wp\/v2\/types\/page"}],"author":[{"embeddable":true,"href":"https:\/\/22bet.team\/vi\/wp-json\/wp\/v2\/users\/1"}],"replies":[{"embeddable":true,"href":"https:\/\/22bet.team\/vi\/wp-json\/wp\/v2\/comments?post=1186"}],"version-history":[{"count":4,"href":"https:\/\/22bet.team\/vi\/wp-json\/wp\/v2\/pages\/1186\/revisions"}],"predecessor-version":[{"id":1245,"href":"https:\/\/22bet.team\/vi\/wp-json\/wp\/v2\/pages\/1186\/revisions\/1245"}],"wp:attachment":[{"href":"https:\/\/22bet.team\/vi\/wp-json\/wp\/v2\/media?parent=1186"}],"curies":[{"name":"wp","href":"https:\/\/api.w.org\/{rel}","templated":true}]}}