{"id":1190,"date":"2026-01-28T20:59:12","date_gmt":"2026-01-28T17:59:12","guid":{"rendered":"https:\/\/22bet.team\/vi\/?page_id=1190"},"modified":"2026-04-07T16:51:19","modified_gmt":"2026-04-07T13:51:19","slug":"boxing","status":"publish","type":"page","link":"https:\/\/22bet.team\/vi\/boxing\/","title":{"rendered":"Quy\u1ec1n anh"},"content":{"rendered":"","protected":false},"excerpt":{"rendered":"","protected":false},"author":1,"featured_media":0,"parent":0,"menu_order":0,"comment_status":"closed","ping_status":"closed","template":"","meta":{"_acf_changed":false,"footnotes":""},"class_list":["post-1190","page","type-page","status-publish","hentry"],"acf":[],"yoast_head":"<!-- This site is optimized with the Yoast SEO plugin v26.1.1 - https:\/\/yoast.com\/wordpress\/plugins\/seo\/ -->\n<title>C\u00e1 c\u01b0\u1ee3c quy\u1ec1n anh t\u1ea1i 22Bet v\u1edbi t\u1ef7 l\u1ec7 c\u01b0\u1ee3c cao v\u00e0 c\u00e1c ch\u01b0\u01a1ng tr\u00ecnh khuy\u1ebfn m\u00e3i<\/title>\n<meta name=\"description\" content=\"C\u01b0\u1ee3c quy\u1ec1n anh c\u00f9ng 22Bet! Kh\u00e1m ph\u00e1 t\u1ef7 l\u1ec7 c\u01b0\u1ee3c h\u1ea5p d\u1eabn, c\u00e1c gi\u1ea3i \u0111\u1ea5u h\u00e0ng \u0111\u1ea7u v\u00e0 nh\u1eefng ph\u1ea7n th\u01b0\u1edfng \u0111\u1ed9c \u0111\u00e1o. H\u00e3y tham gia c\u00f9ng ch\u00fang t\u00f4i v\u00e0 b\u1eaft \u0111\u1ea7u gi\u00e0nh chi\u1ebfn th\u1eafng v\u1edbi c\u00e1c c\u01b0\u1ee3c quy\u1ec1n anh!\" \/>\n<meta name=\"robots\" content=\"index, follow, max-snippet:-1, max-image-preview:large, max-video-preview:-1\" \/>\n<link rel=\"canonical\" href=\"https:\/\/22bet.team\/vi\/boxing\/\" \/>\n<meta property=\"og:locale\" content=\"vi_VN\" \/>\n<meta property=\"og:type\" content=\"article\" \/>\n<meta property=\"og:title\" content=\"C\u00e1 c\u01b0\u1ee3c quy\u1ec1n anh t\u1ea1i 22Bet v\u1edbi t\u1ef7 l\u1ec7 c\u01b0\u1ee3c cao v\u00e0 c\u00e1c ch\u01b0\u01a1ng tr\u00ecnh khuy\u1ebfn m\u00e3i\" \/>\n<meta property=\"og:description\" content=\"C\u01b0\u1ee3c quy\u1ec1n anh c\u00f9ng 22Bet! Kh\u00e1m ph\u00e1 t\u1ef7 l\u1ec7 c\u01b0\u1ee3c h\u1ea5p d\u1eabn, c\u00e1c gi\u1ea3i \u0111\u1ea5u h\u00e0ng \u0111\u1ea7u v\u00e0 nh\u1eefng ph\u1ea7n th\u01b0\u1edfng \u0111\u1ed9c \u0111\u00e1o. H\u00e3y tham gia c\u00f9ng ch\u00fang t\u00f4i v\u00e0 b\u1eaft \u0111\u1ea7u gi\u00e0nh chi\u1ebfn th\u1eafng v\u1edbi c\u00e1c c\u01b0\u1ee3c quy\u1ec1n anh!\" \/>\n<meta property=\"og:url\" content=\"https:\/\/22bet.team\/vi\/boxing\/\" \/>\n<meta property=\"og:site_name\" content=\"22Bet Team vi\" \/>\n<meta property=\"article:modified_time\" content=\"2026-04-07T13:51:19+00:00\" \/>\n<meta name=\"twitter:card\" content=\"summary_large_image\" \/>\n<script type=\"application\/ld+json\" class=\"yoast-schema-graph\">{\"@context\":\"https:\/\/schema.org\",\"@graph\":[{\"@type\":\"WebPage\",\"@id\":\"https:\/\/22bet.team\/vi\/boxing\/\",\"url\":\"https:\/\/22bet.team\/vi\/boxing\/\",\"name\":\"C\u00e1 c\u01b0\u1ee3c quy\u1ec1n anh t\u1ea1i 22Bet v\u1edbi t\u1ef7 l\u1ec7 c\u01b0\u1ee3c cao v\u00e0 c\u00e1c ch\u01b0\u01a1ng tr\u00ecnh khuy\u1ebfn m\u00e3i\",\"isPartOf\":{\"@id\":\"https:\/\/22bet.team\/vi\/#website\"},\"datePublished\":\"2026-01-28T17:59:12+00:00\",\"dateModified\":\"2026-04-07T13:51:19+00:00\",\"description\":\"C\u01b0\u1ee3c quy\u1ec1n anh c\u00f9ng 22Bet! Kh\u00e1m ph\u00e1 t\u1ef7 l\u1ec7 c\u01b0\u1ee3c h\u1ea5p d\u1eabn, c\u00e1c gi\u1ea3i \u0111\u1ea5u h\u00e0ng \u0111\u1ea7u v\u00e0 nh\u1eefng ph\u1ea7n th\u01b0\u1edfng \u0111\u1ed9c \u0111\u00e1o. H\u00e3y tham gia c\u00f9ng ch\u00fang t\u00f4i v\u00e0 b\u1eaft \u0111\u1ea7u gi\u00e0nh chi\u1ebfn th\u1eafng v\u1edbi c\u00e1c c\u01b0\u1ee3c quy\u1ec1n anh!\",\"breadcrumb\":{\"@id\":\"https:\/\/22bet.team\/vi\/boxing\/#breadcrumb\"},\"inLanguage\":\"vi\",\"potentialAction\":[{\"@type\":\"ReadAction\",\"target\":[\"https:\/\/22bet.team\/vi\/boxing\/\"]}]},{\"@type\":\"BreadcrumbList\",\"@id\":\"https:\/\/22bet.team\/vi\/boxing\/#breadcrumb\",\"itemListElement\":[{\"@type\":\"ListItem\",\"position\":1,\"name\":\"Home\",\"item\":\"https:\/\/22bet.team\/vi\/\"},{\"@type\":\"ListItem\",\"position\":2,\"name\":\"Quy\u1ec1n anh\"}]},{\"@type\":\"WebSite\",\"@id\":\"https:\/\/22bet.team\/vi\/#website\",\"url\":\"https:\/\/22bet.team\/vi\/\",\"name\":\"22Bet Team vi\",\"description\":\"\",\"potentialAction\":[{\"@type\":\"SearchAction\",\"target\":{\"@type\":\"EntryPoint\",\"urlTemplate\":\"https:\/\/22bet.team\/vi\/?s={search_term_string}\"},\"query-input\":{\"@type\":\"PropertyValueSpecification\",\"valueRequired\":true,\"valueName\":\"search_term_string\"}}],\"inLanguage\":\"vi\"}]}<\/script>\n<!-- \/ Yoast SEO plugin. -->","yoast_head_json":{"title":"C\u00e1 c\u01b0\u1ee3c quy\u1ec1n anh t\u1ea1i 22Bet v\u1edbi t\u1ef7 l\u1ec7 c\u01b0\u1ee3c cao v\u00e0 c\u00e1c ch\u01b0\u01a1ng tr\u00ecnh khuy\u1ebfn m\u00e3i","description":"C\u01b0\u1ee3c quy\u1ec1n anh c\u00f9ng 22Bet! Kh\u00e1m ph\u00e1 t\u1ef7 l\u1ec7 c\u01b0\u1ee3c h\u1ea5p d\u1eabn, c\u00e1c gi\u1ea3i \u0111\u1ea5u h\u00e0ng \u0111\u1ea7u v\u00e0 nh\u1eefng ph\u1ea7n th\u01b0\u1edfng \u0111\u1ed9c \u0111\u00e1o. H\u00e3y tham gia c\u00f9ng ch\u00fang t\u00f4i v\u00e0 b\u1eaft \u0111\u1ea7u gi\u00e0nh chi\u1ebfn th\u1eafng v\u1edbi c\u00e1c c\u01b0\u1ee3c quy\u1ec1n anh!","robots":{"index":"index","follow":"follow","max-snippet":"max-snippet:-1","max-image-preview":"max-image-preview:large","max-video-preview":"max-video-preview:-1"},"canonical":"https:\/\/22bet.team\/vi\/boxing\/","og_locale":"vi_VN","og_type":"article","og_title":"C\u00e1 c\u01b0\u1ee3c quy\u1ec1n anh t\u1ea1i 22Bet v\u1edbi t\u1ef7 l\u1ec7 c\u01b0\u1ee3c cao v\u00e0 c\u00e1c ch\u01b0\u01a1ng tr\u00ecnh khuy\u1ebfn m\u00e3i","og_description":"C\u01b0\u1ee3c quy\u1ec1n anh c\u00f9ng 22Bet! Kh\u00e1m ph\u00e1 t\u1ef7 l\u1ec7 c\u01b0\u1ee3c h\u1ea5p d\u1eabn, c\u00e1c gi\u1ea3i \u0111\u1ea5u h\u00e0ng \u0111\u1ea7u v\u00e0 nh\u1eefng ph\u1ea7n th\u01b0\u1edfng \u0111\u1ed9c \u0111\u00e1o. H\u00e3y tham gia c\u00f9ng ch\u00fang t\u00f4i v\u00e0 b\u1eaft \u0111\u1ea7u gi\u00e0nh chi\u1ebfn th\u1eafng v\u1edbi c\u00e1c c\u01b0\u1ee3c quy\u1ec1n anh!","og_url":"https:\/\/22bet.team\/vi\/boxing\/","og_site_name":"22Bet Team vi","article_modified_time":"2026-04-07T13:51:19+00:00","twitter_card":"summary_large_image","schema":{"@context":"https:\/\/schema.org","@graph":[{"@type":"WebPage","@id":"https:\/\/22bet.team\/vi\/boxing\/","url":"https:\/\/22bet.team\/vi\/boxing\/","name":"C\u00e1 c\u01b0\u1ee3c quy\u1ec1n anh t\u1ea1i 22Bet v\u1edbi t\u1ef7 l\u1ec7 c\u01b0\u1ee3c cao v\u00e0 c\u00e1c ch\u01b0\u01a1ng tr\u00ecnh khuy\u1ebfn m\u00e3i","isPartOf":{"@id":"https:\/\/22bet.team\/vi\/#website"},"datePublished":"2026-01-28T17:59:12+00:00","dateModified":"2026-04-07T13:51:19+00:00","description":"C\u01b0\u1ee3c quy\u1ec1n anh c\u00f9ng 22Bet! Kh\u00e1m ph\u00e1 t\u1ef7 l\u1ec7 c\u01b0\u1ee3c h\u1ea5p d\u1eabn, c\u00e1c gi\u1ea3i \u0111\u1ea5u h\u00e0ng \u0111\u1ea7u v\u00e0 nh\u1eefng ph\u1ea7n th\u01b0\u1edfng \u0111\u1ed9c \u0111\u00e1o. H\u00e3y tham gia c\u00f9ng ch\u00fang t\u00f4i v\u00e0 b\u1eaft \u0111\u1ea7u gi\u00e0nh chi\u1ebfn th\u1eafng v\u1edbi c\u00e1c c\u01b0\u1ee3c quy\u1ec1n anh!","breadcrumb":{"@id":"https:\/\/22bet.team\/vi\/boxing\/#breadcrumb"},"inLanguage":"vi","potentialAction":[{"@type":"ReadAction","target":["https:\/\/22bet.team\/vi\/boxing\/"]}]},{"@type":"BreadcrumbList","@id":"https:\/\/22bet.team\/vi\/boxing\/#breadcrumb","itemListElement":[{"@type":"ListItem","position":1,"name":"Home","item":"https:\/\/22bet.team\/vi\/"},{"@type":"ListItem","position":2,"name":"Quy\u1ec1n anh"}]},{"@type":"WebSite","@id":"https:\/\/22bet.team\/vi\/#website","url":"https:\/\/22bet.team\/vi\/","name":"22Bet Team vi","description":"","potentialAction":[{"@type":"SearchAction","target":{"@type":"EntryPoint","urlTemplate":"https:\/\/22bet.team\/vi\/?s={search_term_string}"},"query-input":{"@type":"PropertyValueSpecification","valueRequired":true,"valueName":"search_term_string"}}],"inLanguage":"vi"}]}},"_links":{"self":[{"href":"https:\/\/22bet.team\/vi\/wp-json\/wp\/v2\/pages\/1190","targetHints":{"allow":["GET"]}}],"collection":[{"href":"https:\/\/22bet.team\/vi\/wp-json\/wp\/v2\/pages"}],"about":[{"href":"https:\/\/22bet.team\/vi\/wp-json\/wp\/v2\/types\/page"}],"author":[{"embeddable":true,"href":"https:\/\/22bet.team\/vi\/wp-json\/wp\/v2\/users\/1"}],"replies":[{"embeddable":true,"href":"https:\/\/22bet.team\/vi\/wp-json\/wp\/v2\/comments?post=1190"}],"version-history":[{"count":4,"href":"https:\/\/22bet.team\/vi\/wp-json\/wp\/v2\/pages\/1190\/revisions"}],"predecessor-version":[{"id":1243,"href":"https:\/\/22bet.team\/vi\/wp-json\/wp\/v2\/pages\/1190\/revisions\/1243"}],"wp:attachment":[{"href":"https:\/\/22bet.team\/vi\/wp-json\/wp\/v2\/media?parent=1190"}],"curies":[{"name":"wp","href":"https:\/\/api.w.org\/{rel}","templated":true}]}}