{"id":2,"date":"2025-08-22T14:28:47","date_gmt":"2025-08-22T11:28:47","guid":{"rendered":"https:\/\/22bet.team\/vi\/?page_id=2"},"modified":"2026-04-07T20:20:50","modified_gmt":"2026-04-07T17:20:50","slug":"home","status":"publish","type":"page","link":"https:\/\/22bet.team\/vi\/","title":{"rendered":"Trang ch\u1ee7"},"content":{"rendered":"","protected":false},"excerpt":{"rendered":"","protected":false},"author":1,"featured_media":1156,"parent":0,"menu_order":0,"comment_status":"closed","ping_status":"closed","template":"","meta":{"_acf_changed":false,"footnotes":""},"class_list":["post-2","page","type-page","status-publish","has-post-thumbnail","hentry"],"acf":[],"yoast_head":"<!-- This site is optimized with the Yoast SEO plugin v26.1.1 - https:\/\/yoast.com\/wordpress\/plugins\/seo\/ -->\n<title>22Bet C\u00e1 c\u01b0\u1ee3c v\u00e0 S\u00f2ng b\u1ea1c | T\u1ef7 l\u1ec7 c\u01b0\u1ee3c th\u1ec3 thao h\u00e0ng \u0111\u1ea7u, Tr\u00f2 ch\u01a1i v\u00e0 Khuy\u1ebfn m\u00e3i<\/title>\n<meta name=\"description\" content=\"22Bet - n\u1ec1n t\u1ea3ng c\u00e1 c\u01b0\u1ee3c tr\u1ef1c tuy\u1ebfn h\u00e0ng \u0111\u1ea7u cung c\u1ea5p \u0111a d\u1ea1ng c\u00e1c l\u1ef1a ch\u1ecdn c\u00e1 c\u01b0\u1ee3c th\u1ec3 thao v\u00e0 tr\u1ea3i nghi\u1ec7m s\u00f2ng b\u1ea1c \u0111\u1eb3ng c\u1ea5p. Kh\u00e1m ph\u00e1 c\u00e1c ch\u01b0\u01a1ng tr\u00ecnh khuy\u1ebfn m\u00e3i h\u1ea5p d\u1eabn, t\u00ednh n\u0103ng c\u00e1 c\u01b0\u1ee3c tr\u1ef1c ti\u1ebfp v\u00e0 t\u1ef7 l\u1ec7 c\u01b0\u1ee3c c\u1ea1nh tranh d\u00e0nh cho c\u1ea3 ng\u01b0\u1eddi ch\u01a1i m\u1edbi l\u1eabn ng\u01b0\u1eddi ch\u01a1i c\u00f3 kinh nghi\u1ec7m.\" \/>\n<meta name=\"robots\" content=\"index, follow, max-snippet:-1, max-image-preview:large, max-video-preview:-1\" \/>\n<link rel=\"canonical\" href=\"https:\/\/22bet.team\/vi\/\" \/>\n<meta property=\"og:locale\" content=\"vi_VN\" \/>\n<meta property=\"og:type\" content=\"article\" \/>\n<meta property=\"og:title\" content=\"22Bet C\u00e1 c\u01b0\u1ee3c v\u00e0 S\u00f2ng b\u1ea1c | T\u1ef7 l\u1ec7 c\u01b0\u1ee3c th\u1ec3 thao h\u00e0ng \u0111\u1ea7u, Tr\u00f2 ch\u01a1i v\u00e0 Khuy\u1ebfn m\u00e3i\" \/>\n<meta property=\"og:description\" content=\"22Bet - n\u1ec1n t\u1ea3ng c\u00e1 c\u01b0\u1ee3c tr\u1ef1c tuy\u1ebfn h\u00e0ng \u0111\u1ea7u cung c\u1ea5p \u0111a d\u1ea1ng c\u00e1c l\u1ef1a ch\u1ecdn c\u00e1 c\u01b0\u1ee3c th\u1ec3 thao v\u00e0 tr\u1ea3i nghi\u1ec7m s\u00f2ng b\u1ea1c \u0111\u1eb3ng c\u1ea5p. Kh\u00e1m ph\u00e1 c\u00e1c ch\u01b0\u01a1ng tr\u00ecnh khuy\u1ebfn m\u00e3i h\u1ea5p d\u1eabn, t\u00ednh n\u0103ng c\u00e1 c\u01b0\u1ee3c tr\u1ef1c ti\u1ebfp v\u00e0 t\u1ef7 l\u1ec7 c\u01b0\u1ee3c c\u1ea1nh tranh d\u00e0nh cho c\u1ea3 ng\u01b0\u1eddi ch\u01a1i m\u1edbi l\u1eabn ng\u01b0\u1eddi ch\u01a1i c\u00f3 kinh nghi\u1ec7m.\" \/>\n<meta property=\"og:url\" content=\"https:\/\/22bet.team\/vi\/\" \/>\n<meta property=\"og:site_name\" content=\"22Bet Team vi\" \/>\n<meta property=\"article:modified_time\" content=\"2026-04-07T17:20:50+00:00\" \/>\n<meta property=\"og:image\" content=\"https:\/\/22bet.team\/vi\/wp-content\/uploads\/sites\/42\/22bet-team-001-1-1.webp\" \/>\n\t<meta property=\"og:image:width\" content=\"600\" \/>\n\t<meta property=\"og:image:height\" content=\"420\" \/>\n\t<meta property=\"og:image:type\" content=\"image\/webp\" \/>\n<meta name=\"twitter:card\" content=\"summary_large_image\" \/>\n<meta name=\"twitter:label1\" content=\"\u01af\u1edbc t\u00ednh th\u1eddi gian \u0111\u1ecdc\" \/>\n\t<meta name=\"twitter:data1\" content=\"1 ph\u00fat\" \/>\n<script type=\"application\/ld+json\" class=\"yoast-schema-graph\">{\"@context\":\"https:\/\/schema.org\",\"@graph\":[{\"@type\":\"WebPage\",\"@id\":\"https:\/\/22bet.team\/vi\/\",\"url\":\"https:\/\/22bet.team\/vi\/\",\"name\":\"22Bet C\u00e1 c\u01b0\u1ee3c v\u00e0 S\u00f2ng b\u1ea1c | T\u1ef7 l\u1ec7 c\u01b0\u1ee3c th\u1ec3 thao h\u00e0ng \u0111\u1ea7u, Tr\u00f2 ch\u01a1i v\u00e0 Khuy\u1ebfn m\u00e3i\",\"isPartOf\":{\"@id\":\"https:\/\/22bet.team\/vi\/#website\"},\"primaryImageOfPage\":{\"@id\":\"https:\/\/22bet.team\/vi\/#primaryimage\"},\"image\":{\"@id\":\"https:\/\/22bet.team\/vi\/#primaryimage\"},\"thumbnailUrl\":\"https:\/\/22bet.team\/vi\/wp-content\/uploads\/sites\/42\/22bet-team-001-1-1.webp\",\"datePublished\":\"2025-08-22T11:28:47+00:00\",\"dateModified\":\"2026-04-07T17:20:50+00:00\",\"description\":\"22Bet - n\u1ec1n t\u1ea3ng c\u00e1 c\u01b0\u1ee3c tr\u1ef1c tuy\u1ebfn h\u00e0ng \u0111\u1ea7u cung c\u1ea5p \u0111a d\u1ea1ng c\u00e1c l\u1ef1a ch\u1ecdn c\u00e1 c\u01b0\u1ee3c th\u1ec3 thao v\u00e0 tr\u1ea3i nghi\u1ec7m s\u00f2ng b\u1ea1c \u0111\u1eb3ng c\u1ea5p. Kh\u00e1m ph\u00e1 c\u00e1c ch\u01b0\u01a1ng tr\u00ecnh khuy\u1ebfn m\u00e3i h\u1ea5p d\u1eabn, t\u00ednh n\u0103ng c\u00e1 c\u01b0\u1ee3c tr\u1ef1c ti\u1ebfp v\u00e0 t\u1ef7 l\u1ec7 c\u01b0\u1ee3c c\u1ea1nh tranh d\u00e0nh cho c\u1ea3 ng\u01b0\u1eddi ch\u01a1i m\u1edbi l\u1eabn ng\u01b0\u1eddi ch\u01a1i c\u00f3 kinh nghi\u1ec7m.\",\"breadcrumb\":{\"@id\":\"https:\/\/22bet.team\/vi\/#breadcrumb\"},\"inLanguage\":\"vi\",\"potentialAction\":[{\"@type\":\"ReadAction\",\"target\":[\"https:\/\/22bet.team\/vi\/\"]}]},{\"@type\":\"ImageObject\",\"inLanguage\":\"vi\",\"@id\":\"https:\/\/22bet.team\/vi\/#primaryimage\",\"url\":\"https:\/\/22bet.team\/vi\/wp-content\/uploads\/sites\/42\/22bet-team-001-1-1.webp\",\"contentUrl\":\"https:\/\/22bet.team\/vi\/wp-content\/uploads\/sites\/42\/22bet-team-001-1-1.webp\",\"width\":600,\"height\":420},{\"@type\":\"BreadcrumbList\",\"@id\":\"https:\/\/22bet.team\/vi\/#breadcrumb\",\"itemListElement\":[{\"@type\":\"ListItem\",\"position\":1,\"name\":\"Home\",\"item\":\"https:\/\/22bet.team\/vi\/\"},{\"@type\":\"ListItem\",\"position\":2,\"name\":\"Trang ch\u1ee7\"}]},{\"@type\":\"WebSite\",\"@id\":\"https:\/\/22bet.team\/vi\/#website\",\"url\":\"https:\/\/22bet.team\/vi\/\",\"name\":\"22Bet Team vi\",\"description\":\"\",\"potentialAction\":[{\"@type\":\"SearchAction\",\"target\":{\"@type\":\"EntryPoint\",\"urlTemplate\":\"https:\/\/22bet.team\/vi\/?s={search_term_string}\"},\"query-input\":{\"@type\":\"PropertyValueSpecification\",\"valueRequired\":true,\"valueName\":\"search_term_string\"}}],\"inLanguage\":\"vi\"}]}<\/script>\n<!-- \/ Yoast SEO plugin. -->","yoast_head_json":{"title":"22Bet C\u00e1 c\u01b0\u1ee3c v\u00e0 S\u00f2ng b\u1ea1c | T\u1ef7 l\u1ec7 c\u01b0\u1ee3c th\u1ec3 thao h\u00e0ng \u0111\u1ea7u, Tr\u00f2 ch\u01a1i v\u00e0 Khuy\u1ebfn m\u00e3i","description":"22Bet - n\u1ec1n t\u1ea3ng c\u00e1 c\u01b0\u1ee3c tr\u1ef1c tuy\u1ebfn h\u00e0ng \u0111\u1ea7u cung c\u1ea5p \u0111a d\u1ea1ng c\u00e1c l\u1ef1a ch\u1ecdn c\u00e1 c\u01b0\u1ee3c th\u1ec3 thao v\u00e0 tr\u1ea3i nghi\u1ec7m s\u00f2ng b\u1ea1c \u0111\u1eb3ng c\u1ea5p. Kh\u00e1m ph\u00e1 c\u00e1c ch\u01b0\u01a1ng tr\u00ecnh khuy\u1ebfn m\u00e3i h\u1ea5p d\u1eabn, t\u00ednh n\u0103ng c\u00e1 c\u01b0\u1ee3c tr\u1ef1c ti\u1ebfp v\u00e0 t\u1ef7 l\u1ec7 c\u01b0\u1ee3c c\u1ea1nh tranh d\u00e0nh cho c\u1ea3 ng\u01b0\u1eddi ch\u01a1i m\u1edbi l\u1eabn ng\u01b0\u1eddi ch\u01a1i c\u00f3 kinh nghi\u1ec7m.","robots":{"index":"index","follow":"follow","max-snippet":"max-snippet:-1","max-image-preview":"max-image-preview:large","max-video-preview":"max-video-preview:-1"},"canonical":"https:\/\/22bet.team\/vi\/","og_locale":"vi_VN","og_type":"article","og_title":"22Bet C\u00e1 c\u01b0\u1ee3c v\u00e0 S\u00f2ng b\u1ea1c | T\u1ef7 l\u1ec7 c\u01b0\u1ee3c th\u1ec3 thao h\u00e0ng \u0111\u1ea7u, Tr\u00f2 ch\u01a1i v\u00e0 Khuy\u1ebfn m\u00e3i","og_description":"22Bet - n\u1ec1n t\u1ea3ng c\u00e1 c\u01b0\u1ee3c tr\u1ef1c tuy\u1ebfn h\u00e0ng \u0111\u1ea7u cung c\u1ea5p \u0111a d\u1ea1ng c\u00e1c l\u1ef1a ch\u1ecdn c\u00e1 c\u01b0\u1ee3c th\u1ec3 thao v\u00e0 tr\u1ea3i nghi\u1ec7m s\u00f2ng b\u1ea1c \u0111\u1eb3ng c\u1ea5p. Kh\u00e1m ph\u00e1 c\u00e1c ch\u01b0\u01a1ng tr\u00ecnh khuy\u1ebfn m\u00e3i h\u1ea5p d\u1eabn, t\u00ednh n\u0103ng c\u00e1 c\u01b0\u1ee3c tr\u1ef1c ti\u1ebfp v\u00e0 t\u1ef7 l\u1ec7 c\u01b0\u1ee3c c\u1ea1nh tranh d\u00e0nh cho c\u1ea3 ng\u01b0\u1eddi ch\u01a1i m\u1edbi l\u1eabn ng\u01b0\u1eddi ch\u01a1i c\u00f3 kinh nghi\u1ec7m.","og_url":"https:\/\/22bet.team\/vi\/","og_site_name":"22Bet Team vi","article_modified_time":"2026-04-07T17:20:50+00:00","og_image":[{"width":600,"height":420,"url":"https:\/\/22bet.team\/vi\/wp-content\/uploads\/sites\/42\/22bet-team-001-1-1.webp","type":"image\/webp"}],"twitter_card":"summary_large_image","twitter_misc":{"\u01af\u1edbc t\u00ednh th\u1eddi gian \u0111\u1ecdc":"1 ph\u00fat"},"schema":{"@context":"https:\/\/schema.org","@graph":[{"@type":"WebPage","@id":"https:\/\/22bet.team\/vi\/","url":"https:\/\/22bet.team\/vi\/","name":"22Bet C\u00e1 c\u01b0\u1ee3c v\u00e0 S\u00f2ng b\u1ea1c | T\u1ef7 l\u1ec7 c\u01b0\u1ee3c th\u1ec3 thao h\u00e0ng \u0111\u1ea7u, Tr\u00f2 ch\u01a1i v\u00e0 Khuy\u1ebfn m\u00e3i","isPartOf":{"@id":"https:\/\/22bet.team\/vi\/#website"},"primaryImageOfPage":{"@id":"https:\/\/22bet.team\/vi\/#primaryimage"},"image":{"@id":"https:\/\/22bet.team\/vi\/#primaryimage"},"thumbnailUrl":"https:\/\/22bet.team\/vi\/wp-content\/uploads\/sites\/42\/22bet-team-001-1-1.webp","datePublished":"2025-08-22T11:28:47+00:00","dateModified":"2026-04-07T17:20:50+00:00","description":"22Bet - n\u1ec1n t\u1ea3ng c\u00e1 c\u01b0\u1ee3c tr\u1ef1c tuy\u1ebfn h\u00e0ng \u0111\u1ea7u cung c\u1ea5p \u0111a d\u1ea1ng c\u00e1c l\u1ef1a ch\u1ecdn c\u00e1 c\u01b0\u1ee3c th\u1ec3 thao v\u00e0 tr\u1ea3i nghi\u1ec7m s\u00f2ng b\u1ea1c \u0111\u1eb3ng c\u1ea5p. Kh\u00e1m ph\u00e1 c\u00e1c ch\u01b0\u01a1ng tr\u00ecnh khuy\u1ebfn m\u00e3i h\u1ea5p d\u1eabn, t\u00ednh n\u0103ng c\u00e1 c\u01b0\u1ee3c tr\u1ef1c ti\u1ebfp v\u00e0 t\u1ef7 l\u1ec7 c\u01b0\u1ee3c c\u1ea1nh tranh d\u00e0nh cho c\u1ea3 ng\u01b0\u1eddi ch\u01a1i m\u1edbi l\u1eabn ng\u01b0\u1eddi ch\u01a1i c\u00f3 kinh nghi\u1ec7m.","breadcrumb":{"@id":"https:\/\/22bet.team\/vi\/#breadcrumb"},"inLanguage":"vi","potentialAction":[{"@type":"ReadAction","target":["https:\/\/22bet.team\/vi\/"]}]},{"@type":"ImageObject","inLanguage":"vi","@id":"https:\/\/22bet.team\/vi\/#primaryimage","url":"https:\/\/22bet.team\/vi\/wp-content\/uploads\/sites\/42\/22bet-team-001-1-1.webp","contentUrl":"https:\/\/22bet.team\/vi\/wp-content\/uploads\/sites\/42\/22bet-team-001-1-1.webp","width":600,"height":420},{"@type":"BreadcrumbList","@id":"https:\/\/22bet.team\/vi\/#breadcrumb","itemListElement":[{"@type":"ListItem","position":1,"name":"Home","item":"https:\/\/22bet.team\/vi\/"},{"@type":"ListItem","position":2,"name":"Trang ch\u1ee7"}]},{"@type":"WebSite","@id":"https:\/\/22bet.team\/vi\/#website","url":"https:\/\/22bet.team\/vi\/","name":"22Bet Team vi","description":"","potentialAction":[{"@type":"SearchAction","target":{"@type":"EntryPoint","urlTemplate":"https:\/\/22bet.team\/vi\/?s={search_term_string}"},"query-input":{"@type":"PropertyValueSpecification","valueRequired":true,"valueName":"search_term_string"}}],"inLanguage":"vi"}]}},"_links":{"self":[{"href":"https:\/\/22bet.team\/vi\/wp-json\/wp\/v2\/pages\/2","targetHints":{"allow":["GET"]}}],"collection":[{"href":"https:\/\/22bet.team\/vi\/wp-json\/wp\/v2\/pages"}],"about":[{"href":"https:\/\/22bet.team\/vi\/wp-json\/wp\/v2\/types\/page"}],"author":[{"embeddable":true,"href":"https:\/\/22bet.team\/vi\/wp-json\/wp\/v2\/users\/1"}],"replies":[{"embeddable":true,"href":"https:\/\/22bet.team\/vi\/wp-json\/wp\/v2\/comments?post=2"}],"version-history":[{"count":5,"href":"https:\/\/22bet.team\/vi\/wp-json\/wp\/v2\/pages\/2\/revisions"}],"predecessor-version":[{"id":1253,"href":"https:\/\/22bet.team\/vi\/wp-json\/wp\/v2\/pages\/2\/revisions\/1253"}],"wp:featuredmedia":[{"embeddable":true,"href":"https:\/\/22bet.team\/vi\/wp-json\/wp\/v2\/media\/1156"}],"wp:attachment":[{"href":"https:\/\/22bet.team\/vi\/wp-json\/wp\/v2\/media?parent=2"}],"curies":[{"name":"wp","href":"https:\/\/api.w.org\/{rel}","templated":true}]}}