{"id":830,"date":"2025-11-14T09:42:58","date_gmt":"2025-11-14T06:42:58","guid":{"rendered":"https:\/\/22bet.team\/vi\/?page_id=830"},"modified":"2026-04-07T15:33:32","modified_gmt":"2026-04-07T12:33:32","slug":"app","status":"publish","type":"page","link":"https:\/\/22bet.team\/vi\/app\/","title":{"rendered":"\u1ee8ng d\u1ee5ng"},"content":{"rendered":"","protected":false},"excerpt":{"rendered":"","protected":false},"author":1,"featured_media":0,"parent":0,"menu_order":0,"comment_status":"closed","ping_status":"closed","template":"","meta":{"_acf_changed":false,"footnotes":""},"class_list":["post-830","page","type-page","status-publish","hentry"],"acf":[],"yoast_head":"<!-- This site is optimized with the Yoast SEO plugin v26.1.1 - https:\/\/yoast.com\/wordpress\/plugins\/seo\/ -->\n<title>\u1ee8ng d\u1ee5ng 22Bet \u2b07\ufe0f C\u00e1c t\u00ednh n\u0103ng v\u00e0 l\u1ee3i \u00edch cho c\u00e1 c\u01b0\u1ee3c v\u00e0 s\u00f2ng b\u1ea1c<\/title>\n<meta name=\"description\" content=\"\u1ee8ng d\u1ee5ng 22Bet \u2014 t\u1ea3i xu\u1ed1ng tr\u00ean Android v\u00e0 iOS \u0111\u1ec3 truy c\u1eadp ngay v\u00e0o c\u00e1 c\u01b0\u1ee3c tr\u1ef1c ti\u1ebfp, s\u00f2ng b\u1ea1c, c\u00e1c ch\u01b0\u01a1ng tr\u00ecnh khuy\u1ebfn m\u00e3i v\u00e0 thanh to\u00e1n nhanh ch\u00f3ng. Giao di\u1ec7n di \u0111\u1ed9ng hi\u1ec7n \u0111\u1ea1i, ti\u1ec7n l\u1ee3i v\u00e0 an to\u00e0n.\" \/>\n<meta name=\"robots\" content=\"index, follow, max-snippet:-1, max-image-preview:large, max-video-preview:-1\" \/>\n<link rel=\"canonical\" href=\"https:\/\/22bet.team\/vi\/app\/\" \/>\n<meta property=\"og:locale\" content=\"vi_VN\" \/>\n<meta property=\"og:type\" content=\"article\" \/>\n<meta property=\"og:title\" content=\"\u1ee8ng d\u1ee5ng 22Bet \u2b07\ufe0f C\u00e1c t\u00ednh n\u0103ng v\u00e0 l\u1ee3i \u00edch cho c\u00e1 c\u01b0\u1ee3c v\u00e0 s\u00f2ng b\u1ea1c\" \/>\n<meta property=\"og:description\" content=\"\u1ee8ng d\u1ee5ng 22Bet \u2014 t\u1ea3i xu\u1ed1ng tr\u00ean Android v\u00e0 iOS \u0111\u1ec3 truy c\u1eadp ngay v\u00e0o c\u00e1 c\u01b0\u1ee3c tr\u1ef1c ti\u1ebfp, s\u00f2ng b\u1ea1c, c\u00e1c ch\u01b0\u01a1ng tr\u00ecnh khuy\u1ebfn m\u00e3i v\u00e0 thanh to\u00e1n nhanh ch\u00f3ng. Giao di\u1ec7n di \u0111\u1ed9ng hi\u1ec7n \u0111\u1ea1i, ti\u1ec7n l\u1ee3i v\u00e0 an to\u00e0n.\" \/>\n<meta property=\"og:url\" content=\"https:\/\/22bet.team\/vi\/app\/\" \/>\n<meta property=\"og:site_name\" content=\"22Bet Team vi\" \/>\n<meta property=\"article:modified_time\" content=\"2026-04-07T12:33:32+00:00\" \/>\n<meta name=\"twitter:card\" content=\"summary_large_image\" \/>\n<script type=\"application\/ld+json\" class=\"yoast-schema-graph\">{\"@context\":\"https:\/\/schema.org\",\"@graph\":[{\"@type\":\"WebPage\",\"@id\":\"https:\/\/22bet.team\/vi\/app\/\",\"url\":\"https:\/\/22bet.team\/vi\/app\/\",\"name\":\"\u1ee8ng d\u1ee5ng 22Bet \u2b07\ufe0f C\u00e1c t\u00ednh n\u0103ng v\u00e0 l\u1ee3i \u00edch cho c\u00e1 c\u01b0\u1ee3c v\u00e0 s\u00f2ng b\u1ea1c\",\"isPartOf\":{\"@id\":\"https:\/\/22bet.team\/vi\/#website\"},\"datePublished\":\"2025-11-14T06:42:58+00:00\",\"dateModified\":\"2026-04-07T12:33:32+00:00\",\"description\":\"\u1ee8ng d\u1ee5ng 22Bet \u2014 t\u1ea3i xu\u1ed1ng tr\u00ean Android v\u00e0 iOS \u0111\u1ec3 truy c\u1eadp ngay v\u00e0o c\u00e1 c\u01b0\u1ee3c tr\u1ef1c ti\u1ebfp, s\u00f2ng b\u1ea1c, c\u00e1c ch\u01b0\u01a1ng tr\u00ecnh khuy\u1ebfn m\u00e3i v\u00e0 thanh to\u00e1n nhanh ch\u00f3ng. Giao di\u1ec7n di \u0111\u1ed9ng hi\u1ec7n \u0111\u1ea1i, ti\u1ec7n l\u1ee3i v\u00e0 an to\u00e0n.\",\"breadcrumb\":{\"@id\":\"https:\/\/22bet.team\/vi\/app\/#breadcrumb\"},\"inLanguage\":\"vi\",\"potentialAction\":[{\"@type\":\"ReadAction\",\"target\":[\"https:\/\/22bet.team\/vi\/app\/\"]}]},{\"@type\":\"BreadcrumbList\",\"@id\":\"https:\/\/22bet.team\/vi\/app\/#breadcrumb\",\"itemListElement\":[{\"@type\":\"ListItem\",\"position\":1,\"name\":\"Home\",\"item\":\"https:\/\/22bet.team\/vi\/\"},{\"@type\":\"ListItem\",\"position\":2,\"name\":\"\u1ee8ng d\u1ee5ng\"}]},{\"@type\":\"WebSite\",\"@id\":\"https:\/\/22bet.team\/vi\/#website\",\"url\":\"https:\/\/22bet.team\/vi\/\",\"name\":\"22Bet Team vi\",\"description\":\"\",\"potentialAction\":[{\"@type\":\"SearchAction\",\"target\":{\"@type\":\"EntryPoint\",\"urlTemplate\":\"https:\/\/22bet.team\/vi\/?s={search_term_string}\"},\"query-input\":{\"@type\":\"PropertyValueSpecification\",\"valueRequired\":true,\"valueName\":\"search_term_string\"}}],\"inLanguage\":\"vi\"}]}<\/script>\n<!-- \/ Yoast SEO plugin. -->","yoast_head_json":{"title":"\u1ee8ng d\u1ee5ng 22Bet \u2b07\ufe0f C\u00e1c t\u00ednh n\u0103ng v\u00e0 l\u1ee3i \u00edch cho c\u00e1 c\u01b0\u1ee3c v\u00e0 s\u00f2ng b\u1ea1c","description":"\u1ee8ng d\u1ee5ng 22Bet \u2014 t\u1ea3i xu\u1ed1ng tr\u00ean Android v\u00e0 iOS \u0111\u1ec3 truy c\u1eadp ngay v\u00e0o c\u00e1 c\u01b0\u1ee3c tr\u1ef1c ti\u1ebfp, s\u00f2ng b\u1ea1c, c\u00e1c ch\u01b0\u01a1ng tr\u00ecnh khuy\u1ebfn m\u00e3i v\u00e0 thanh to\u00e1n nhanh ch\u00f3ng. Giao di\u1ec7n di \u0111\u1ed9ng hi\u1ec7n \u0111\u1ea1i, ti\u1ec7n l\u1ee3i v\u00e0 an to\u00e0n.","robots":{"index":"index","follow":"follow","max-snippet":"max-snippet:-1","max-image-preview":"max-image-preview:large","max-video-preview":"max-video-preview:-1"},"canonical":"https:\/\/22bet.team\/vi\/app\/","og_locale":"vi_VN","og_type":"article","og_title":"\u1ee8ng d\u1ee5ng 22Bet \u2b07\ufe0f C\u00e1c t\u00ednh n\u0103ng v\u00e0 l\u1ee3i \u00edch cho c\u00e1 c\u01b0\u1ee3c v\u00e0 s\u00f2ng b\u1ea1c","og_description":"\u1ee8ng d\u1ee5ng 22Bet \u2014 t\u1ea3i xu\u1ed1ng tr\u00ean Android v\u00e0 iOS \u0111\u1ec3 truy c\u1eadp ngay v\u00e0o c\u00e1 c\u01b0\u1ee3c tr\u1ef1c ti\u1ebfp, s\u00f2ng b\u1ea1c, c\u00e1c ch\u01b0\u01a1ng tr\u00ecnh khuy\u1ebfn m\u00e3i v\u00e0 thanh to\u00e1n nhanh ch\u00f3ng. Giao di\u1ec7n di \u0111\u1ed9ng hi\u1ec7n \u0111\u1ea1i, ti\u1ec7n l\u1ee3i v\u00e0 an to\u00e0n.","og_url":"https:\/\/22bet.team\/vi\/app\/","og_site_name":"22Bet Team vi","article_modified_time":"2026-04-07T12:33:32+00:00","twitter_card":"summary_large_image","schema":{"@context":"https:\/\/schema.org","@graph":[{"@type":"WebPage","@id":"https:\/\/22bet.team\/vi\/app\/","url":"https:\/\/22bet.team\/vi\/app\/","name":"\u1ee8ng d\u1ee5ng 22Bet \u2b07\ufe0f C\u00e1c t\u00ednh n\u0103ng v\u00e0 l\u1ee3i \u00edch cho c\u00e1 c\u01b0\u1ee3c v\u00e0 s\u00f2ng b\u1ea1c","isPartOf":{"@id":"https:\/\/22bet.team\/vi\/#website"},"datePublished":"2025-11-14T06:42:58+00:00","dateModified":"2026-04-07T12:33:32+00:00","description":"\u1ee8ng d\u1ee5ng 22Bet \u2014 t\u1ea3i xu\u1ed1ng tr\u00ean Android v\u00e0 iOS \u0111\u1ec3 truy c\u1eadp ngay v\u00e0o c\u00e1 c\u01b0\u1ee3c tr\u1ef1c ti\u1ebfp, s\u00f2ng b\u1ea1c, c\u00e1c ch\u01b0\u01a1ng tr\u00ecnh khuy\u1ebfn m\u00e3i v\u00e0 thanh to\u00e1n nhanh ch\u00f3ng. Giao di\u1ec7n di \u0111\u1ed9ng hi\u1ec7n \u0111\u1ea1i, ti\u1ec7n l\u1ee3i v\u00e0 an to\u00e0n.","breadcrumb":{"@id":"https:\/\/22bet.team\/vi\/app\/#breadcrumb"},"inLanguage":"vi","potentialAction":[{"@type":"ReadAction","target":["https:\/\/22bet.team\/vi\/app\/"]}]},{"@type":"BreadcrumbList","@id":"https:\/\/22bet.team\/vi\/app\/#breadcrumb","itemListElement":[{"@type":"ListItem","position":1,"name":"Home","item":"https:\/\/22bet.team\/vi\/"},{"@type":"ListItem","position":2,"name":"\u1ee8ng d\u1ee5ng"}]},{"@type":"WebSite","@id":"https:\/\/22bet.team\/vi\/#website","url":"https:\/\/22bet.team\/vi\/","name":"22Bet Team vi","description":"","potentialAction":[{"@type":"SearchAction","target":{"@type":"EntryPoint","urlTemplate":"https:\/\/22bet.team\/vi\/?s={search_term_string}"},"query-input":{"@type":"PropertyValueSpecification","valueRequired":true,"valueName":"search_term_string"}}],"inLanguage":"vi"}]}},"_links":{"self":[{"href":"https:\/\/22bet.team\/vi\/wp-json\/wp\/v2\/pages\/830","targetHints":{"allow":["GET"]}}],"collection":[{"href":"https:\/\/22bet.team\/vi\/wp-json\/wp\/v2\/pages"}],"about":[{"href":"https:\/\/22bet.team\/vi\/wp-json\/wp\/v2\/types\/page"}],"author":[{"embeddable":true,"href":"https:\/\/22bet.team\/vi\/wp-json\/wp\/v2\/users\/1"}],"replies":[{"embeddable":true,"href":"https:\/\/22bet.team\/vi\/wp-json\/wp\/v2\/comments?post=830"}],"version-history":[{"count":5,"href":"https:\/\/22bet.team\/vi\/wp-json\/wp\/v2\/pages\/830\/revisions"}],"predecessor-version":[{"id":1238,"href":"https:\/\/22bet.team\/vi\/wp-json\/wp\/v2\/pages\/830\/revisions\/1238"}],"wp:attachment":[{"href":"https:\/\/22bet.team\/vi\/wp-json\/wp\/v2\/media?parent=830"}],"curies":[{"name":"wp","href":"https:\/\/api.w.org\/{rel}","templated":true}]}}