{"id":961,"date":"2025-11-19T09:25:55","date_gmt":"2025-11-19T06:25:55","guid":{"rendered":"https:\/\/22bet.team\/vi\/?page_id=961"},"modified":"2026-04-07T14:21:13","modified_gmt":"2026-04-07T11:21:13","slug":"apk","status":"publish","type":"page","link":"https:\/\/22bet.team\/vi\/apk\/","title":{"rendered":"APK"},"content":{"rendered":"","protected":false},"excerpt":{"rendered":"","protected":false},"author":1,"featured_media":0,"parent":0,"menu_order":0,"comment_status":"closed","ping_status":"closed","template":"","meta":{"_acf_changed":false,"footnotes":""},"class_list":["post-961","page","type-page","status-publish","hentry"],"acf":[],"yoast_head":"<!-- This site is optimized with the Yoast SEO plugin v26.1.1 - https:\/\/yoast.com\/wordpress\/plugins\/seo\/ -->\n<title>T\u1ea3i xu\u1ed1ng APK 22Bet \u1409 \u1ee8ng d\u1ee5ng nhanh cho c\u00e1 c\u01b0\u1ee3c th\u1ec3 thao v\u00e0 s\u00f2ng b\u1ea1c<\/title>\n<meta name=\"description\" content=\"T\u1ea3i xu\u1ed1ng \u1ee9ng d\u1ee5ng 22Bet APK \u0111\u1ec3 tham gia c\u00e1 c\u01b0\u1ee3c th\u1ec3 thao v\u00e0 c\u00e1c tr\u00f2 ch\u01a1i c\u00e1 c\u01b0\u1ee3c. Truy c\u1eadp h\u01a1n 20 m\u00f4n th\u1ec3 thao, t\u1ef7 l\u1ec7 c\u01b0\u1ee3c h\u1ea5p d\u1eabn v\u00e0 c\u00e1c ph\u1ea7n th\u01b0\u1edfng \u0111\u1ed9c quy\u1ec1n d\u00e0nh cho ng\u01b0\u1eddi d\u00f9ng m\u1edbi. Ch\u01a1i v\u00e0 gi\u00e0nh chi\u1ebfn th\u1eafng ngay tr\u00ean thi\u1ebft b\u1ecb Android c\u1ee7a b\u1ea1n!\" \/>\n<meta name=\"robots\" content=\"index, follow, max-snippet:-1, max-image-preview:large, max-video-preview:-1\" \/>\n<link rel=\"canonical\" href=\"https:\/\/22bet.team\/vi\/apk\/\" \/>\n<meta property=\"og:locale\" content=\"vi_VN\" \/>\n<meta property=\"og:type\" content=\"article\" \/>\n<meta property=\"og:title\" content=\"T\u1ea3i xu\u1ed1ng APK 22Bet \u1409 \u1ee8ng d\u1ee5ng nhanh cho c\u00e1 c\u01b0\u1ee3c th\u1ec3 thao v\u00e0 s\u00f2ng b\u1ea1c\" \/>\n<meta property=\"og:description\" content=\"T\u1ea3i xu\u1ed1ng \u1ee9ng d\u1ee5ng 22Bet APK \u0111\u1ec3 tham gia c\u00e1 c\u01b0\u1ee3c th\u1ec3 thao v\u00e0 c\u00e1c tr\u00f2 ch\u01a1i c\u00e1 c\u01b0\u1ee3c. Truy c\u1eadp h\u01a1n 20 m\u00f4n th\u1ec3 thao, t\u1ef7 l\u1ec7 c\u01b0\u1ee3c h\u1ea5p d\u1eabn v\u00e0 c\u00e1c ph\u1ea7n th\u01b0\u1edfng \u0111\u1ed9c quy\u1ec1n d\u00e0nh cho ng\u01b0\u1eddi d\u00f9ng m\u1edbi. Ch\u01a1i v\u00e0 gi\u00e0nh chi\u1ebfn th\u1eafng ngay tr\u00ean thi\u1ebft b\u1ecb Android c\u1ee7a b\u1ea1n!\" \/>\n<meta property=\"og:url\" content=\"https:\/\/22bet.team\/vi\/apk\/\" \/>\n<meta property=\"og:site_name\" content=\"22Bet Team vi\" \/>\n<meta property=\"article:modified_time\" content=\"2026-04-07T11:21:13+00:00\" \/>\n<meta name=\"twitter:card\" content=\"summary_large_image\" \/>\n<script type=\"application\/ld+json\" class=\"yoast-schema-graph\">{\"@context\":\"https:\/\/schema.org\",\"@graph\":[{\"@type\":\"WebPage\",\"@id\":\"https:\/\/22bet.team\/vi\/apk\/\",\"url\":\"https:\/\/22bet.team\/vi\/apk\/\",\"name\":\"T\u1ea3i xu\u1ed1ng APK 22Bet \u1409 \u1ee8ng d\u1ee5ng nhanh cho c\u00e1 c\u01b0\u1ee3c th\u1ec3 thao v\u00e0 s\u00f2ng b\u1ea1c\",\"isPartOf\":{\"@id\":\"https:\/\/22bet.team\/vi\/#website\"},\"datePublished\":\"2025-11-19T06:25:55+00:00\",\"dateModified\":\"2026-04-07T11:21:13+00:00\",\"description\":\"T\u1ea3i xu\u1ed1ng \u1ee9ng d\u1ee5ng 22Bet APK \u0111\u1ec3 tham gia c\u00e1 c\u01b0\u1ee3c th\u1ec3 thao v\u00e0 c\u00e1c tr\u00f2 ch\u01a1i c\u00e1 c\u01b0\u1ee3c. Truy c\u1eadp h\u01a1n 20 m\u00f4n th\u1ec3 thao, t\u1ef7 l\u1ec7 c\u01b0\u1ee3c h\u1ea5p d\u1eabn v\u00e0 c\u00e1c ph\u1ea7n th\u01b0\u1edfng \u0111\u1ed9c quy\u1ec1n d\u00e0nh cho ng\u01b0\u1eddi d\u00f9ng m\u1edbi. Ch\u01a1i v\u00e0 gi\u00e0nh chi\u1ebfn th\u1eafng ngay tr\u00ean thi\u1ebft b\u1ecb Android c\u1ee7a b\u1ea1n!\",\"breadcrumb\":{\"@id\":\"https:\/\/22bet.team\/vi\/apk\/#breadcrumb\"},\"inLanguage\":\"vi\",\"potentialAction\":[{\"@type\":\"ReadAction\",\"target\":[\"https:\/\/22bet.team\/vi\/apk\/\"]}]},{\"@type\":\"BreadcrumbList\",\"@id\":\"https:\/\/22bet.team\/vi\/apk\/#breadcrumb\",\"itemListElement\":[{\"@type\":\"ListItem\",\"position\":1,\"name\":\"Home\",\"item\":\"https:\/\/22bet.team\/vi\/\"},{\"@type\":\"ListItem\",\"position\":2,\"name\":\"APK\"}]},{\"@type\":\"WebSite\",\"@id\":\"https:\/\/22bet.team\/vi\/#website\",\"url\":\"https:\/\/22bet.team\/vi\/\",\"name\":\"22Bet Team vi\",\"description\":\"\",\"potentialAction\":[{\"@type\":\"SearchAction\",\"target\":{\"@type\":\"EntryPoint\",\"urlTemplate\":\"https:\/\/22bet.team\/vi\/?s={search_term_string}\"},\"query-input\":{\"@type\":\"PropertyValueSpecification\",\"valueRequired\":true,\"valueName\":\"search_term_string\"}}],\"inLanguage\":\"vi\"}]}<\/script>\n<!-- \/ Yoast SEO plugin. -->","yoast_head_json":{"title":"T\u1ea3i xu\u1ed1ng APK 22Bet \u1409 \u1ee8ng d\u1ee5ng nhanh cho c\u00e1 c\u01b0\u1ee3c th\u1ec3 thao v\u00e0 s\u00f2ng b\u1ea1c","description":"T\u1ea3i xu\u1ed1ng \u1ee9ng d\u1ee5ng 22Bet APK \u0111\u1ec3 tham gia c\u00e1 c\u01b0\u1ee3c th\u1ec3 thao v\u00e0 c\u00e1c tr\u00f2 ch\u01a1i c\u00e1 c\u01b0\u1ee3c. Truy c\u1eadp h\u01a1n 20 m\u00f4n th\u1ec3 thao, t\u1ef7 l\u1ec7 c\u01b0\u1ee3c h\u1ea5p d\u1eabn v\u00e0 c\u00e1c ph\u1ea7n th\u01b0\u1edfng \u0111\u1ed9c quy\u1ec1n d\u00e0nh cho ng\u01b0\u1eddi d\u00f9ng m\u1edbi. Ch\u01a1i v\u00e0 gi\u00e0nh chi\u1ebfn th\u1eafng ngay tr\u00ean thi\u1ebft b\u1ecb Android c\u1ee7a b\u1ea1n!","robots":{"index":"index","follow":"follow","max-snippet":"max-snippet:-1","max-image-preview":"max-image-preview:large","max-video-preview":"max-video-preview:-1"},"canonical":"https:\/\/22bet.team\/vi\/apk\/","og_locale":"vi_VN","og_type":"article","og_title":"T\u1ea3i xu\u1ed1ng APK 22Bet \u1409 \u1ee8ng d\u1ee5ng nhanh cho c\u00e1 c\u01b0\u1ee3c th\u1ec3 thao v\u00e0 s\u00f2ng b\u1ea1c","og_description":"T\u1ea3i xu\u1ed1ng \u1ee9ng d\u1ee5ng 22Bet APK \u0111\u1ec3 tham gia c\u00e1 c\u01b0\u1ee3c th\u1ec3 thao v\u00e0 c\u00e1c tr\u00f2 ch\u01a1i c\u00e1 c\u01b0\u1ee3c. Truy c\u1eadp h\u01a1n 20 m\u00f4n th\u1ec3 thao, t\u1ef7 l\u1ec7 c\u01b0\u1ee3c h\u1ea5p d\u1eabn v\u00e0 c\u00e1c ph\u1ea7n th\u01b0\u1edfng \u0111\u1ed9c quy\u1ec1n d\u00e0nh cho ng\u01b0\u1eddi d\u00f9ng m\u1edbi. Ch\u01a1i v\u00e0 gi\u00e0nh chi\u1ebfn th\u1eafng ngay tr\u00ean thi\u1ebft b\u1ecb Android c\u1ee7a b\u1ea1n!","og_url":"https:\/\/22bet.team\/vi\/apk\/","og_site_name":"22Bet Team vi","article_modified_time":"2026-04-07T11:21:13+00:00","twitter_card":"summary_large_image","schema":{"@context":"https:\/\/schema.org","@graph":[{"@type":"WebPage","@id":"https:\/\/22bet.team\/vi\/apk\/","url":"https:\/\/22bet.team\/vi\/apk\/","name":"T\u1ea3i xu\u1ed1ng APK 22Bet \u1409 \u1ee8ng d\u1ee5ng nhanh cho c\u00e1 c\u01b0\u1ee3c th\u1ec3 thao v\u00e0 s\u00f2ng b\u1ea1c","isPartOf":{"@id":"https:\/\/22bet.team\/vi\/#website"},"datePublished":"2025-11-19T06:25:55+00:00","dateModified":"2026-04-07T11:21:13+00:00","description":"T\u1ea3i xu\u1ed1ng \u1ee9ng d\u1ee5ng 22Bet APK \u0111\u1ec3 tham gia c\u00e1 c\u01b0\u1ee3c th\u1ec3 thao v\u00e0 c\u00e1c tr\u00f2 ch\u01a1i c\u00e1 c\u01b0\u1ee3c. Truy c\u1eadp h\u01a1n 20 m\u00f4n th\u1ec3 thao, t\u1ef7 l\u1ec7 c\u01b0\u1ee3c h\u1ea5p d\u1eabn v\u00e0 c\u00e1c ph\u1ea7n th\u01b0\u1edfng \u0111\u1ed9c quy\u1ec1n d\u00e0nh cho ng\u01b0\u1eddi d\u00f9ng m\u1edbi. Ch\u01a1i v\u00e0 gi\u00e0nh chi\u1ebfn th\u1eafng ngay tr\u00ean thi\u1ebft b\u1ecb Android c\u1ee7a b\u1ea1n!","breadcrumb":{"@id":"https:\/\/22bet.team\/vi\/apk\/#breadcrumb"},"inLanguage":"vi","potentialAction":[{"@type":"ReadAction","target":["https:\/\/22bet.team\/vi\/apk\/"]}]},{"@type":"BreadcrumbList","@id":"https:\/\/22bet.team\/vi\/apk\/#breadcrumb","itemListElement":[{"@type":"ListItem","position":1,"name":"Home","item":"https:\/\/22bet.team\/vi\/"},{"@type":"ListItem","position":2,"name":"APK"}]},{"@type":"WebSite","@id":"https:\/\/22bet.team\/vi\/#website","url":"https:\/\/22bet.team\/vi\/","name":"22Bet Team vi","description":"","potentialAction":[{"@type":"SearchAction","target":{"@type":"EntryPoint","urlTemplate":"https:\/\/22bet.team\/vi\/?s={search_term_string}"},"query-input":{"@type":"PropertyValueSpecification","valueRequired":true,"valueName":"search_term_string"}}],"inLanguage":"vi"}]}},"_links":{"self":[{"href":"https:\/\/22bet.team\/vi\/wp-json\/wp\/v2\/pages\/961","targetHints":{"allow":["GET"]}}],"collection":[{"href":"https:\/\/22bet.team\/vi\/wp-json\/wp\/v2\/pages"}],"about":[{"href":"https:\/\/22bet.team\/vi\/wp-json\/wp\/v2\/types\/page"}],"author":[{"embeddable":true,"href":"https:\/\/22bet.team\/vi\/wp-json\/wp\/v2\/users\/1"}],"replies":[{"embeddable":true,"href":"https:\/\/22bet.team\/vi\/wp-json\/wp\/v2\/comments?post=961"}],"version-history":[{"count":5,"href":"https:\/\/22bet.team\/vi\/wp-json\/wp\/v2\/pages\/961\/revisions"}],"predecessor-version":[{"id":1237,"href":"https:\/\/22bet.team\/vi\/wp-json\/wp\/v2\/pages\/961\/revisions\/1237"}],"wp:attachment":[{"href":"https:\/\/22bet.team\/vi\/wp-json\/wp\/v2\/media?parent=961"}],"curies":[{"name":"wp","href":"https:\/\/api.w.org\/{rel}","templated":true}]}}