{"id":987,"date":"2025-11-20T10:37:40","date_gmt":"2025-11-20T07:37:40","guid":{"rendered":"https:\/\/22bet.team\/vi\/?page_id=987"},"modified":"2026-04-07T21:32:35","modified_gmt":"2026-04-07T18:32:35","slug":"casino","status":"publish","type":"page","link":"https:\/\/22bet.team\/vi\/casino\/","title":{"rendered":"S\u00f2ng b\u1ea1c"},"content":{"rendered":"","protected":false},"excerpt":{"rendered":"","protected":false},"author":1,"featured_media":0,"parent":0,"menu_order":0,"comment_status":"closed","ping_status":"closed","template":"","meta":{"_acf_changed":false,"footnotes":""},"class_list":["post-987","page","type-page","status-publish","hentry"],"acf":[],"yoast_head":"<!-- This site is optimized with the Yoast SEO plugin v26.1.1 - https:\/\/yoast.com\/wordpress\/plugins\/seo\/ -->\n<title>S\u00f2ng b\u1ea1c 22Bet | C\u00e1c tr\u00f2 ch\u01a1i hay nh\u1ea5t, khuy\u1ebfn m\u00e3i, tr\u00f2 ch\u01a1i tr\u1ef1c ti\u1ebfp<\/title>\n<meta name=\"description\" content=\"H\u00e3y \u0111\u1eafm ch\u00ecm trong th\u1ebf gi\u1edbi c\u1edd b\u1ea1c c\u00f9ng 22Bet Casino! Th\u01b0\u1edfng th\u1ee9c c\u00e1c tr\u00f2 ch\u01a1i slot h\u1ea5p d\u1eabn, c\u00e1c tr\u00f2 ch\u01a1i tr\u1ef1c ti\u1ebfp ho\u00e0nh tr\u00e1ng v\u00e0 nh\u1eefng ph\u1ea7n th\u01b0\u1edfng h\u00e0o ph\u00f3ng l\u00ean \u0111\u1ebfn 40 000 000 VND. Tham gia 22Bet v\u00e0 t\u1eadn h\u01b0\u1edfng tr\u1ea3i nghi\u1ec7m ch\u01a1i game v\u00f4 song trong m\u1ed9t m\u00f4i tr\u01b0\u1eddng an to\u00e0n v\u00e0 \u0111\u01b0\u1ee3c c\u1ea5p ph\u00e9p.\" \/>\n<meta name=\"robots\" content=\"index, follow, max-snippet:-1, max-image-preview:large, max-video-preview:-1\" \/>\n<link rel=\"canonical\" href=\"https:\/\/22bet.team\/vi\/casino\/\" \/>\n<meta property=\"og:locale\" content=\"vi_VN\" \/>\n<meta property=\"og:type\" content=\"article\" \/>\n<meta property=\"og:title\" content=\"S\u00f2ng b\u1ea1c 22Bet | C\u00e1c tr\u00f2 ch\u01a1i hay nh\u1ea5t, khuy\u1ebfn m\u00e3i, tr\u00f2 ch\u01a1i tr\u1ef1c ti\u1ebfp\" \/>\n<meta property=\"og:description\" content=\"H\u00e3y \u0111\u1eafm ch\u00ecm trong th\u1ebf gi\u1edbi c\u1edd b\u1ea1c c\u00f9ng 22Bet Casino! Th\u01b0\u1edfng th\u1ee9c c\u00e1c tr\u00f2 ch\u01a1i slot h\u1ea5p d\u1eabn, c\u00e1c tr\u00f2 ch\u01a1i tr\u1ef1c ti\u1ebfp ho\u00e0nh tr\u00e1ng v\u00e0 nh\u1eefng ph\u1ea7n th\u01b0\u1edfng h\u00e0o ph\u00f3ng l\u00ean \u0111\u1ebfn 40 000 000 VND. Tham gia 22Bet v\u00e0 t\u1eadn h\u01b0\u1edfng tr\u1ea3i nghi\u1ec7m ch\u01a1i game v\u00f4 song trong m\u1ed9t m\u00f4i tr\u01b0\u1eddng an to\u00e0n v\u00e0 \u0111\u01b0\u1ee3c c\u1ea5p ph\u00e9p.\" \/>\n<meta property=\"og:url\" content=\"https:\/\/22bet.team\/vi\/casino\/\" \/>\n<meta property=\"og:site_name\" content=\"22Bet Team vi\" \/>\n<meta property=\"article:modified_time\" content=\"2026-04-07T18:32:35+00:00\" \/>\n<meta name=\"twitter:card\" content=\"summary_large_image\" \/>\n<script type=\"application\/ld+json\" class=\"yoast-schema-graph\">{\"@context\":\"https:\/\/schema.org\",\"@graph\":[{\"@type\":\"WebPage\",\"@id\":\"https:\/\/22bet.team\/vi\/casino\/\",\"url\":\"https:\/\/22bet.team\/vi\/casino\/\",\"name\":\"S\u00f2ng b\u1ea1c 22Bet | C\u00e1c tr\u00f2 ch\u01a1i hay nh\u1ea5t, khuy\u1ebfn m\u00e3i, tr\u00f2 ch\u01a1i tr\u1ef1c ti\u1ebfp\",\"isPartOf\":{\"@id\":\"https:\/\/22bet.team\/vi\/#website\"},\"datePublished\":\"2025-11-20T07:37:40+00:00\",\"dateModified\":\"2026-04-07T18:32:35+00:00\",\"description\":\"H\u00e3y \u0111\u1eafm ch\u00ecm trong th\u1ebf gi\u1edbi c\u1edd b\u1ea1c c\u00f9ng 22Bet Casino! Th\u01b0\u1edfng th\u1ee9c c\u00e1c tr\u00f2 ch\u01a1i slot h\u1ea5p d\u1eabn, c\u00e1c tr\u00f2 ch\u01a1i tr\u1ef1c ti\u1ebfp ho\u00e0nh tr\u00e1ng v\u00e0 nh\u1eefng ph\u1ea7n th\u01b0\u1edfng h\u00e0o ph\u00f3ng l\u00ean \u0111\u1ebfn 40 000 000 VND. Tham gia 22Bet v\u00e0 t\u1eadn h\u01b0\u1edfng tr\u1ea3i nghi\u1ec7m ch\u01a1i game v\u00f4 song trong m\u1ed9t m\u00f4i tr\u01b0\u1eddng an to\u00e0n v\u00e0 \u0111\u01b0\u1ee3c c\u1ea5p ph\u00e9p.\",\"breadcrumb\":{\"@id\":\"https:\/\/22bet.team\/vi\/casino\/#breadcrumb\"},\"inLanguage\":\"vi\",\"potentialAction\":[{\"@type\":\"ReadAction\",\"target\":[\"https:\/\/22bet.team\/vi\/casino\/\"]}]},{\"@type\":\"BreadcrumbList\",\"@id\":\"https:\/\/22bet.team\/vi\/casino\/#breadcrumb\",\"itemListElement\":[{\"@type\":\"ListItem\",\"position\":1,\"name\":\"Home\",\"item\":\"https:\/\/22bet.team\/vi\/\"},{\"@type\":\"ListItem\",\"position\":2,\"name\":\"S\u00f2ng b\u1ea1c\"}]},{\"@type\":\"WebSite\",\"@id\":\"https:\/\/22bet.team\/vi\/#website\",\"url\":\"https:\/\/22bet.team\/vi\/\",\"name\":\"22Bet Team vi\",\"description\":\"\",\"potentialAction\":[{\"@type\":\"SearchAction\",\"target\":{\"@type\":\"EntryPoint\",\"urlTemplate\":\"https:\/\/22bet.team\/vi\/?s={search_term_string}\"},\"query-input\":{\"@type\":\"PropertyValueSpecification\",\"valueRequired\":true,\"valueName\":\"search_term_string\"}}],\"inLanguage\":\"vi\"}]}<\/script>\n<!-- \/ Yoast SEO plugin. -->","yoast_head_json":{"title":"S\u00f2ng b\u1ea1c 22Bet | C\u00e1c tr\u00f2 ch\u01a1i hay nh\u1ea5t, khuy\u1ebfn m\u00e3i, tr\u00f2 ch\u01a1i tr\u1ef1c ti\u1ebfp","description":"H\u00e3y \u0111\u1eafm ch\u00ecm trong th\u1ebf gi\u1edbi c\u1edd b\u1ea1c c\u00f9ng 22Bet Casino! Th\u01b0\u1edfng th\u1ee9c c\u00e1c tr\u00f2 ch\u01a1i slot h\u1ea5p d\u1eabn, c\u00e1c tr\u00f2 ch\u01a1i tr\u1ef1c ti\u1ebfp ho\u00e0nh tr\u00e1ng v\u00e0 nh\u1eefng ph\u1ea7n th\u01b0\u1edfng h\u00e0o ph\u00f3ng l\u00ean \u0111\u1ebfn 40 000 000 VND. Tham gia 22Bet v\u00e0 t\u1eadn h\u01b0\u1edfng tr\u1ea3i nghi\u1ec7m ch\u01a1i game v\u00f4 song trong m\u1ed9t m\u00f4i tr\u01b0\u1eddng an to\u00e0n v\u00e0 \u0111\u01b0\u1ee3c c\u1ea5p ph\u00e9p.","robots":{"index":"index","follow":"follow","max-snippet":"max-snippet:-1","max-image-preview":"max-image-preview:large","max-video-preview":"max-video-preview:-1"},"canonical":"https:\/\/22bet.team\/vi\/casino\/","og_locale":"vi_VN","og_type":"article","og_title":"S\u00f2ng b\u1ea1c 22Bet | C\u00e1c tr\u00f2 ch\u01a1i hay nh\u1ea5t, khuy\u1ebfn m\u00e3i, tr\u00f2 ch\u01a1i tr\u1ef1c ti\u1ebfp","og_description":"H\u00e3y \u0111\u1eafm ch\u00ecm trong th\u1ebf gi\u1edbi c\u1edd b\u1ea1c c\u00f9ng 22Bet Casino! Th\u01b0\u1edfng th\u1ee9c c\u00e1c tr\u00f2 ch\u01a1i slot h\u1ea5p d\u1eabn, c\u00e1c tr\u00f2 ch\u01a1i tr\u1ef1c ti\u1ebfp ho\u00e0nh tr\u00e1ng v\u00e0 nh\u1eefng ph\u1ea7n th\u01b0\u1edfng h\u00e0o ph\u00f3ng l\u00ean \u0111\u1ebfn 40 000 000 VND. Tham gia 22Bet v\u00e0 t\u1eadn h\u01b0\u1edfng tr\u1ea3i nghi\u1ec7m ch\u01a1i game v\u00f4 song trong m\u1ed9t m\u00f4i tr\u01b0\u1eddng an to\u00e0n v\u00e0 \u0111\u01b0\u1ee3c c\u1ea5p ph\u00e9p.","og_url":"https:\/\/22bet.team\/vi\/casino\/","og_site_name":"22Bet Team vi","article_modified_time":"2026-04-07T18:32:35+00:00","twitter_card":"summary_large_image","schema":{"@context":"https:\/\/schema.org","@graph":[{"@type":"WebPage","@id":"https:\/\/22bet.team\/vi\/casino\/","url":"https:\/\/22bet.team\/vi\/casino\/","name":"S\u00f2ng b\u1ea1c 22Bet | C\u00e1c tr\u00f2 ch\u01a1i hay nh\u1ea5t, khuy\u1ebfn m\u00e3i, tr\u00f2 ch\u01a1i tr\u1ef1c ti\u1ebfp","isPartOf":{"@id":"https:\/\/22bet.team\/vi\/#website"},"datePublished":"2025-11-20T07:37:40+00:00","dateModified":"2026-04-07T18:32:35+00:00","description":"H\u00e3y \u0111\u1eafm ch\u00ecm trong th\u1ebf gi\u1edbi c\u1edd b\u1ea1c c\u00f9ng 22Bet Casino! Th\u01b0\u1edfng th\u1ee9c c\u00e1c tr\u00f2 ch\u01a1i slot h\u1ea5p d\u1eabn, c\u00e1c tr\u00f2 ch\u01a1i tr\u1ef1c ti\u1ebfp ho\u00e0nh tr\u00e1ng v\u00e0 nh\u1eefng ph\u1ea7n th\u01b0\u1edfng h\u00e0o ph\u00f3ng l\u00ean \u0111\u1ebfn 40 000 000 VND. Tham gia 22Bet v\u00e0 t\u1eadn h\u01b0\u1edfng tr\u1ea3i nghi\u1ec7m ch\u01a1i game v\u00f4 song trong m\u1ed9t m\u00f4i tr\u01b0\u1eddng an to\u00e0n v\u00e0 \u0111\u01b0\u1ee3c c\u1ea5p ph\u00e9p.","breadcrumb":{"@id":"https:\/\/22bet.team\/vi\/casino\/#breadcrumb"},"inLanguage":"vi","potentialAction":[{"@type":"ReadAction","target":["https:\/\/22bet.team\/vi\/casino\/"]}]},{"@type":"BreadcrumbList","@id":"https:\/\/22bet.team\/vi\/casino\/#breadcrumb","itemListElement":[{"@type":"ListItem","position":1,"name":"Home","item":"https:\/\/22bet.team\/vi\/"},{"@type":"ListItem","position":2,"name":"S\u00f2ng b\u1ea1c"}]},{"@type":"WebSite","@id":"https:\/\/22bet.team\/vi\/#website","url":"https:\/\/22bet.team\/vi\/","name":"22Bet Team vi","description":"","potentialAction":[{"@type":"SearchAction","target":{"@type":"EntryPoint","urlTemplate":"https:\/\/22bet.team\/vi\/?s={search_term_string}"},"query-input":{"@type":"PropertyValueSpecification","valueRequired":true,"valueName":"search_term_string"}}],"inLanguage":"vi"}]}},"_links":{"self":[{"href":"https:\/\/22bet.team\/vi\/wp-json\/wp\/v2\/pages\/987","targetHints":{"allow":["GET"]}}],"collection":[{"href":"https:\/\/22bet.team\/vi\/wp-json\/wp\/v2\/pages"}],"about":[{"href":"https:\/\/22bet.team\/vi\/wp-json\/wp\/v2\/types\/page"}],"author":[{"embeddable":true,"href":"https:\/\/22bet.team\/vi\/wp-json\/wp\/v2\/users\/1"}],"replies":[{"embeddable":true,"href":"https:\/\/22bet.team\/vi\/wp-json\/wp\/v2\/comments?post=987"}],"version-history":[{"count":5,"href":"https:\/\/22bet.team\/vi\/wp-json\/wp\/v2\/pages\/987\/revisions"}],"predecessor-version":[{"id":1264,"href":"https:\/\/22bet.team\/vi\/wp-json\/wp\/v2\/pages\/987\/revisions\/1264"}],"wp:attachment":[{"href":"https:\/\/22bet.team\/vi\/wp-json\/wp\/v2\/media?parent=987"}],"curies":[{"name":"wp","href":"https:\/\/api.w.org\/{rel}","templated":true}]}}